{"id":60279,"date":"2024-12-28T11:28:00","date_gmt":"2024-12-28T11:28:00","guid":{"rendered":"https:\/\/urbex.direct\/product\/the-open-house-den-otevrenych-dveri\/"},"modified":"2026-04-04T16:27:19","modified_gmt":"2026-04-04T15:27:19","slug":"the-open-house-den-otevrenych-dveri","status":"publish","type":"product","link":"https:\/\/urbex.direct\/fr\/product\/the-open-house-den-otevrenych-dveri\/","title":{"rendered":"La maison ouverte \/ Den otev\u0159en\u00fdch dve\u0159\u00ed"},"content":{"rendered":"<p>Coordonn\u00e9es Urbex<\/p>","protected":false},"excerpt":{"rendered":"<p>Coordonn\u00e9es Urbex<\/p>","protected":false},"featured_media":60278,"template":"","meta":[],"product_brand":[],"product_cat":[291,1306],"product_tag":[],"class_list":{"0":"post-60279","1":"product","2":"type-product","3":"status-publish","4":"has-post-thumbnail","6":"product_cat-czech-republic","7":"product_cat-karlovy-vary","9":"first","10":"instock","11":"downloadable","12":"taxable","13":"shipping-taxable","14":"purchasable","15":"product-type-simple"},"jetpack_sharing_enabled":true,"_links":{"self":[{"href":"https:\/\/urbex.direct\/fr\/wp-json\/wp\/v2\/product\/60279","targetHints":{"allow":["GET"]}}],"collection":[{"href":"https:\/\/urbex.direct\/fr\/wp-json\/wp\/v2\/product"}],"about":[{"href":"https:\/\/urbex.direct\/fr\/wp-json\/wp\/v2\/types\/product"}],"wp:featuredmedia":[{"embeddable":true,"href":"https:\/\/urbex.direct\/fr\/wp-json\/wp\/v2\/media\/60278"}],"wp:attachment":[{"href":"https:\/\/urbex.direct\/fr\/wp-json\/wp\/v2\/media?parent=60279"}],"wp:term":[{"taxonomy":"product_brand","embeddable":true,"href":"https:\/\/urbex.direct\/fr\/wp-json\/wp\/v2\/product_brand?post=60279"},{"taxonomy":"product_cat","embeddable":true,"href":"https:\/\/urbex.direct\/fr\/wp-json\/wp\/v2\/product_cat?post=60279"},{"taxonomy":"product_tag","embeddable":true,"href":"https:\/\/urbex.direct\/fr\/wp-json\/wp\/v2\/product_tag?post=60279"}],"curies":[{"name":"wp","href":"https:\/\/api.w.org\/{rel}","templated":true}]}}