{"id":58572,"date":"2024-09-21T13:04:00","date_gmt":"2024-09-21T12:04:00","guid":{"rendered":"https:\/\/urbex.direct\/product\/fallen-blast-furnace-hfc\/"},"modified":"2024-09-20T15:42:39","modified_gmt":"2024-09-20T14:42:39","slug":"haut-fourneau-dechu-hfc","status":"publish","type":"product","link":"https:\/\/urbex.direct\/fr\/product\/fallen-blast-furnace-hfc\/","title":{"rendered":"Haut fourneau tomb\u00e9 en d\u00e9su\u00e9tude \/ HFC"},"content":{"rendered":"<p>Coordonn\u00e9es Urbex<\/p>","protected":false},"excerpt":{"rendered":"<p>Coordonn\u00e9es Urbex<\/p>","protected":false},"featured_media":58571,"template":"","meta":[],"product_brand":[],"product_cat":[226,231,1049],"product_tag":[],"class_list":{"0":"post-58572","1":"product","2":"type-product","3":"status-publish","4":"has-post-thumbnail","6":"product_cat-france","7":"product_cat-grand-est","8":"product_cat-meurthe-et-moselle-54","10":"first","11":"instock","12":"downloadable","13":"taxable","14":"shipping-taxable","15":"purchasable","16":"product-type-simple"},"jetpack_sharing_enabled":true,"_links":{"self":[{"href":"https:\/\/urbex.direct\/fr\/wp-json\/wp\/v2\/product\/58572","targetHints":{"allow":["GET"]}}],"collection":[{"href":"https:\/\/urbex.direct\/fr\/wp-json\/wp\/v2\/product"}],"about":[{"href":"https:\/\/urbex.direct\/fr\/wp-json\/wp\/v2\/types\/product"}],"wp:featuredmedia":[{"embeddable":true,"href":"https:\/\/urbex.direct\/fr\/wp-json\/wp\/v2\/media\/58571"}],"wp:attachment":[{"href":"https:\/\/urbex.direct\/fr\/wp-json\/wp\/v2\/media?parent=58572"}],"wp:term":[{"taxonomy":"product_brand","embeddable":true,"href":"https:\/\/urbex.direct\/fr\/wp-json\/wp\/v2\/product_brand?post=58572"},{"taxonomy":"product_cat","embeddable":true,"href":"https:\/\/urbex.direct\/fr\/wp-json\/wp\/v2\/product_cat?post=58572"},{"taxonomy":"product_tag","embeddable":true,"href":"https:\/\/urbex.direct\/fr\/wp-json\/wp\/v2\/product_tag?post=58572"}],"curies":[{"name":"wp","href":"https:\/\/api.w.org\/{rel}","templated":true}]}}