{"id":58422,"date":"2024-09-10T20:01:55","date_gmt":"2024-09-10T19:01:55","guid":{"rendered":"https:\/\/urbex.direct\/?post_type=product&#038;p=58422"},"modified":"2025-05-17T00:06:26","modified_gmt":"2025-05-16T23:06:26","slug":"urbex-map-portugal-toutes-les-regions-1-an-dacces","status":"publish","type":"product","link":"https:\/\/urbex.direct\/fr\/product\/urbex-map-portugal-all-regions-1-year-access\/","title":{"rendered":"Urbex Map Portugal All Regions (1 ou 2 ans d'acc\u00e8s)"},"content":{"rendered":"<p>Cette carte contient les lieux suivants : <ul><li>Fazenda Silvares<\/li><li>Villa Sacoor<\/li><li>Dreams Palace \/ Dreams Villa<\/li><li>Castelo da DC<\/li><li>Casa Bonita<\/li><li>Monast\u00e8re hant\u00e9 \/ Mosteiro Assombrado<\/li><li>Mansion Pink<\/li><li>La grange sans toit \/ O Celeiro Sem Teto<\/li><li>La grange cach\u00e9e<\/li><li>Casa Ronaldo<\/li><li>Budget de d\u00e9molition perdu<\/li><li>La maison de plage oubli\u00e9e \/ A casa de praia esquecida<\/li><li>Ruines \u00e0 Papel<\/li><li>Palais Fonte da Pipa<\/li><li>Fazenda sem Telhado<\/li><li>Lost Aquapark 2<\/li><li>H\u00f4tel Golfinho<\/li><li>Plage Ruine<\/li><li>Terrain de camping<\/li><li>Convento \u00e0 la plage<\/li><li>Couvent Sao Francisco<\/li><li>C\u00e9l\u00e9brer avec vue<\/li><li>Fazenda 125 \/ Ferme 125<\/li><li>2 Fazendas da Rep\u00fablica \/ 2 Republic Farms<\/li><li>Ru\u00edna Musical<\/li><li>Les ruines pacifiques<\/li><li>A f\u00e1brica vermelha \/ L'usine rouge<\/li><li>O grande pavilh\u00e3o de ca\u00e7a \/ Le grand pavillon de chasse<\/li><li>H\u00f4tel Maze Runner<\/li><li>Palacio L<\/li><li>Vieux navires<\/li><li>En\u00f3logo Portugu\u00eas<\/li><li>Asile Mai<\/li><li>Casa pequena sem telhado \/ Petite maison sans toit<\/li><li>Aqualand<\/li><li>Convent FDM<\/li><li>Dr. Mena Villa<\/li><li>Casa Anha<\/li><li>Capilla Celeste<\/li><li>Vivenda Guimar\u00e3es<\/li><li>Quinta do Minhoto<\/li><li>Casa Eusibio<\/li><li>Casa Tavio<\/li><li>Casa Sophia<\/li><li>A antiga institui\u00e7\u00e3o psiqui\u00e1trica \/ L'ancienne institution psychiatrique<\/li><li>Casa Perdita<\/li><li>Voisins envahissants<\/li><li>Quinta com Capela \/ Ferme avec chapelle<\/li><li>O Segredo da Colina \/ Le secret de la colline<\/li><li>Les caprices de l'eau<\/li><li>Hotel com vista para o mar\/ Hotel Sea View<\/li><li>Fen\u00eatres tordues \/ Janelas Tortas<\/li><li>Maison J\u00e9sus<\/li><li>Ru\u00edna Dupla<\/li><li>La f\u00eate des vins<\/li><li>Maison avec vue sur la mer<\/li><li>F\u00e1brica S\u00e3o<\/li><li>H\u00f4tel da Foz<\/li><li>L'ancienne \u00e9cole catholique<\/li><li>H\u00f4tel particulier Abigael<\/li><li>Ferme nulle part<\/li><li>La for\u00eat dans la maison<\/li><li>Motel sur la colline<\/li><li>Cripta<\/li><li>Semin\u00e1rio T<\/li><li>Casa Chelo<\/li><li>Arruinar Palmeira<\/li><li>Sanat\u00f3rio de Valongo<\/li><li>Villa Lionheart<\/li><li>Crypte avec cercueils<\/li><li>Mansion oz Brazilian \/ Mans\u00e3o das Pinturas<\/li><li>Casa Azul<\/li><li>Villa Dominico<\/li><li>Maison Manuelina Da Foz<\/li><li>Parc de la RAF<\/li><li>Casa Nes<\/li><li>Fuedo CA<\/li><li>Ancienne usine<\/li><li>Universidade Abandonada<\/li><li>Quinta das \u00c1guias<\/li><li>Tanques d'armazenamento<\/li><li>Escola Afonso Domingues<\/li><li>Panorama de Monsanto<\/li><li>Laboratoire de pathologie<\/li><li>H\u00f4pital Barro<\/li><li>Therme Sizandro<\/li><li>O galp\u00e3o de carros \/ The Car Shed<\/li><li>Casa Do violino<\/li><li>Casa Colomb<\/li><li>Casa Isac<\/li><li>Palacia Farro<\/li><li>Casas Blue Gates<\/li><li>Casa Joao<\/li><li>Cidade Fantasma AB<\/li><li>Casa Amarela<\/li><li>Casa de campo em colapso<\/li><li>Atelier et terrain de sport<\/li><li>As ru\u00ednas da igreja de 30 anos \/ Les ruines de l'\u00e9glise de 30 ans<\/li><li>Asilo e Ru\u00edna<\/li><li>Casa Santa Rita<\/li><li>Sanat\u00f3rio AG<\/li><li>Ferme Carro Branco \/ Ferme White Car<\/li><li>Une usine de fabrication de bolas<\/li><li>A fazenda no vazio \/ La ferme au milieu de nulle part<\/li><li>A f\u00e1brica no rio \/ L'usine sur la rivi\u00e8re<\/li><li>Casa Soluto<\/li><li>A bela fachada \/ La belle fa\u00e7ade<\/li><li>Garagem de Carro Abandonada \/ Abandoned Car Garage<\/li><li>Resort inacabado \/ Unfinished Resort<\/li><li>Th\u00e9\u00e2tre Avenida<\/li><li>Contes de f\u00e9es du palais \/ Palacio Conde De Sucena<\/li><li>Casa CDS<\/li><li>Usine Coima<\/li><li>Casa Azul \/ Maison Victoria<\/li><li>Manoir du professeur<\/li><li>Casa Da Silva<\/li><li>Le manoir gris<\/li><li>La Villa d'art rose<\/li><li>Discoth\u00e8que Green Hill<\/li><li>H\u00f4tel P<\/li><li>H\u00f4tel vert \/ Hotel Verde<\/li><li>Casa Gargarine<\/li><li>Boate Nuit \u00e9toil\u00e9e<\/li><li>Le paragraphe des diapositives Inacabado<\/li><li>Sanatorium du Caramulo<\/li><li>Ruine du Palais<\/li><li>Casa Lo<\/li><li>Antigo Hotel Av<\/li><li>La maison du piano<\/li><li>Casa Isma \/ Maison Isma<\/li><li>R\u00e9partiteur de train envahi par la v\u00e9g\u00e9tation<\/li><li>Thermes d'automne<\/li><li>L'ancien palais des thermes<\/li><li>Piscine en vue d'un avion<\/li><li>Breakwater Resort<\/li><li>Ferme piscicole vue sur l'oc\u00e9an<\/li><li>H\u00f4tel MP<\/li><li>Forte da Baleia<\/li><li>Quinta da pianista<\/li><li>Vila das duas colunas<\/li><li>Villa ALV<\/li><li>Hospital Infantil \/ H\u00f4pital pour enfants<\/li><li>Palais des Sculptures<\/li><li>Tr\u00eas vilas<\/li><li>Palais de l'oubli<\/li><li>Casa BA \/ Villa Pink<\/li><li>Usine de c\u00e9ramique<\/li><li>Usine de Coselhas<\/li><li>Mosteiro di V<\/li><li>Disco Lamarosa<\/li><li>A F\u00e1brica de Papel<\/li><li>Piscine \u00e0 toboggans manquants<\/li><li>Palais Salazar<\/li><li>Maison de la nouvelle vie \/ Casa Nova Vida<\/li><li>O antigo armaz\u00e9m \/ Le vieil entrep\u00f4t<\/li><li>Maison de Junkie \/ Casa do Junkie<\/li><li>Fabrica PO<\/li><li>Termas Aguas<\/li><li>Casa Real<\/li><li>Aquaparc \/ Glissi\u00e8re s\u00e8che<\/li><li>Ruines MDH<\/li><li>La petite cabane<\/li><li>Naufrage Beja<\/li><li>Cappela V<\/li><li>Couvent MFD<\/li><li>Usine Villa No<\/li><li>Igreja Matt<\/li><\/ul><\/p>","protected":false},"excerpt":{"rendered":"<p>Cette carte de l'urbex vous fournit tous les lieux d'exploration urbaine (urbex) dans les pays suivants <strong>Portugal, Toutes les r\u00e9gions<\/strong><strong>.<\/strong> Cette carte des lieux perdus restera mise \u00e0 jour et accessible pendant au moins 365 jours apr\u00e8s l'achat.<\/p>\n<p>This map has currently 167 of the most unique urban exploring locations in Portugal and is accessible from anywhere with our easy to use map<strong>. <\/p>\n<p><\/strong><strong>Si vous avez d\u00e9j\u00e0 ce pack, vous pouvez y acc\u00e9der via <\/strong><a href=\"\/fr\/mon-compte-2-2\/espace-membres\/43905\/le-contenu-de-mon-adhesion\/\"><strong>Mes cartes &gt; Afficher.<\/strong><\/a> <\/p>\n<p><a href=\"#tab-description\">Liste de tous les sites Urbex sur cette carte.<\/a><\/p>","protected":false},"featured_media":58433,"template":"","meta":[],"product_brand":[],"product_cat":[325,322,1376],"product_tag":[],"class_list":{"0":"post-58422","1":"product","2":"type-product","3":"status-publish","4":"has-post-thumbnail","6":"product_cat-portugal","7":"product_cat-location-packs","8":"product_cat-maps-portugal","10":"first","11":"instock","12":"taxable","13":"shipping-taxable","14":"purchasable","15":"product-type-variable"},"jetpack_sharing_enabled":true,"_links":{"self":[{"href":"https:\/\/urbex.direct\/fr\/wp-json\/wp\/v2\/product\/58422","targetHints":{"allow":["GET"]}}],"collection":[{"href":"https:\/\/urbex.direct\/fr\/wp-json\/wp\/v2\/product"}],"about":[{"href":"https:\/\/urbex.direct\/fr\/wp-json\/wp\/v2\/types\/product"}],"wp:featuredmedia":[{"embeddable":true,"href":"https:\/\/urbex.direct\/fr\/wp-json\/wp\/v2\/media\/58433"}],"wp:attachment":[{"href":"https:\/\/urbex.direct\/fr\/wp-json\/wp\/v2\/media?parent=58422"}],"wp:term":[{"taxonomy":"product_brand","embeddable":true,"href":"https:\/\/urbex.direct\/fr\/wp-json\/wp\/v2\/product_brand?post=58422"},{"taxonomy":"product_cat","embeddable":true,"href":"https:\/\/urbex.direct\/fr\/wp-json\/wp\/v2\/product_cat?post=58422"},{"taxonomy":"product_tag","embeddable":true,"href":"https:\/\/urbex.direct\/fr\/wp-json\/wp\/v2\/product_tag?post=58422"}],"curies":[{"name":"wp","href":"https:\/\/api.w.org\/{rel}","templated":true}]}}