{"id":57995,"date":"2024-08-20T16:07:19","date_gmt":"2024-08-20T15:07:19","guid":{"rendered":"https:\/\/urbex.direct\/?post_type=product&#038;p=57995"},"modified":"2024-08-20T16:14:18","modified_gmt":"2024-08-20T15:14:18","slug":"urbex-map-france-occitanie-herault-34-1-an-dacces","status":"publish","type":"product","link":"https:\/\/urbex.direct\/fr\/product\/urbex-map-france-occitanie-herault-34-1-year-access\/","title":{"rendered":"Urbex Map France, Occitanie : H\u00e9rault (34) (1 an d'acc\u00e8s)"},"content":{"rendered":"<p>Cette carte contient les lieux suivants :<br><br><ul><li>Sanatorium Michel Peiry<\/li><li>Cave Coop\u00e9ratie<\/li><li>Ch\u00e2teau Halabi<\/li><li>Pensionnat Joseph Vacher<\/li><li>Maison de l'Inventeur<\/li><li>Maison Hant\u00e9e<\/li><li>Ch\u00e2teau BN<\/li><li>Usine x D\u00e9pollution<\/li><li>Les pianos du champ<\/li><li>Usine Vieille Voitures<\/li><li>Centre de r\u00e9\u00e9ducation<\/li><li>Maison RIP<\/li><li>Usine Hold<\/li><li>Redidence Rose<\/li><li>Manoir de la tour<\/li><li>V\u00e9hicules de la police am\u00e9ricaine<\/li><li>Les ruines du moulin<\/li><li>Ville fant\u00f4me 34<\/li><li>Colonie Lod<\/li><li>Une autre ville fant\u00f4me 34<\/li><li>Domaine Espa \/ Le domaine des Fusiliers<\/li><\/ul><\/p>","protected":false},"excerpt":{"rendered":"<p>Cette carte de l'urbex vous fournit tous les lieux d'exploration urbaine (urbex) dans les pays suivants<strong> France, <\/strong><strong>Occitanie<\/strong><strong>: H\u00e9rault (34).<\/strong> Cette carte des lieux perdus restera mise \u00e0 jour et accessible pendant au moins 365 jours apr\u00e8s l'achat.<\/p>\n<p>Cette carte contient actuellement 21 des lieux d'exploration urbaine les plus uniques en France, Occitanie : H\u00e9rault (34) et est accessible depuis n'importe o\u00f9 gr\u00e2ce \u00e0 notre carte facile \u00e0 utiliser.<strong>.<\/strong> <\/p>\n<p><strong>Si vous avez d\u00e9j\u00e0 ce pack, vous pouvez y acc\u00e9der via <a href=\"\/fr\/mon-compte-2-2\/espace-membres\/43905\/le-contenu-de-mon-adhesion\/\">Mes cartes &gt; Afficher.<\/a><\/strong> <\/p>\n<p><a href=\"#tab-description\">Liste de tous les sites Urbex sur cette carte.<\/a><\/p>","protected":false},"featured_media":57999,"template":"","meta":[],"product_brand":[],"product_cat":[226,1087,236],"product_tag":[],"class_list":{"0":"post-57995","1":"product","2":"type-product","3":"status-publish","4":"has-post-thumbnail","6":"product_cat-france","7":"product_cat-herault-34","8":"product_cat-occitanie","10":"first","11":"instock","12":"taxable","13":"shipping-taxable","14":"purchasable","15":"product-type-simple"},"jetpack_sharing_enabled":true,"_links":{"self":[{"href":"https:\/\/urbex.direct\/fr\/wp-json\/wp\/v2\/product\/57995","targetHints":{"allow":["GET"]}}],"collection":[{"href":"https:\/\/urbex.direct\/fr\/wp-json\/wp\/v2\/product"}],"about":[{"href":"https:\/\/urbex.direct\/fr\/wp-json\/wp\/v2\/types\/product"}],"wp:featuredmedia":[{"embeddable":true,"href":"https:\/\/urbex.direct\/fr\/wp-json\/wp\/v2\/media\/57999"}],"wp:attachment":[{"href":"https:\/\/urbex.direct\/fr\/wp-json\/wp\/v2\/media?parent=57995"}],"wp:term":[{"taxonomy":"product_brand","embeddable":true,"href":"https:\/\/urbex.direct\/fr\/wp-json\/wp\/v2\/product_brand?post=57995"},{"taxonomy":"product_cat","embeddable":true,"href":"https:\/\/urbex.direct\/fr\/wp-json\/wp\/v2\/product_cat?post=57995"},{"taxonomy":"product_tag","embeddable":true,"href":"https:\/\/urbex.direct\/fr\/wp-json\/wp\/v2\/product_tag?post=57995"}],"curies":[{"name":"wp","href":"https:\/\/api.w.org\/{rel}","templated":true}]}}