{"id":57955,"date":"2024-08-20T14:57:07","date_gmt":"2024-08-20T13:57:07","guid":{"rendered":"https:\/\/urbex.direct\/?post_type=product&#038;p=57955"},"modified":"2024-08-20T15:52:13","modified_gmt":"2024-08-20T14:52:13","slug":"urbex-map-france-occitanie-gard-30-1-an-dacces","status":"publish","type":"product","link":"https:\/\/urbex.direct\/fr\/product\/urbex-map-france-occitanie-gard-30-1-year-access\/","title":{"rendered":"Urbex Map France, Occitanie : Gard (30) (1 an d'acc\u00e8s)"},"content":{"rendered":"<p>Cette carte contient les lieux suivants :<\/p>\n\n\n<ul><li>Appartements Castellas<\/li><li>H\u00f4pital Erno Soto<\/li><li>Maison R<\/li><li>Maison Poup\u00e9es Voodoo<\/li><li>Maison des Serpents<\/li><li>Ch\u00e2teau Petit<\/li><li>H\u00f4pital Rochelle<\/li><li>Disco orientale<\/li><li>Maison de la Mine<\/li><li>La colonne militaire<\/li><li>Restaurant et Club D<\/li><li>Gare en for\u00eat \/ Forest station<\/li><li>Le four \u00e0 chaux oubli\u00e9 \/ The Forgotten Lime Kiln<\/li><li>Les anciens thermes dans la for\u00eat \/ The Old Therme in the Forest<\/li><li>Ch\u00e2teau de Sauvage<\/li><li>Ruine Argen<\/li><li>Les 3 ruines ensemble \/ The 3 ruins together<\/li><\/ul>","protected":false},"excerpt":{"rendered":"<p>Cette carte de l'urbex vous fournit tous les lieux d'exploration urbaine (urbex) dans les pays suivants<strong> France, <\/strong><strong>Occitanie<\/strong><strong>: Gard (30).<\/strong> Cette carte des lieux perdus restera mise \u00e0 jour et accessible pendant au moins 365 jours apr\u00e8s l'achat. <\/p>\n<p>Cette carte contient actuellement 17 des lieux d'exploration urbaine les plus uniques en France, Occitanie : Gard (30) et est accessible depuis n'importe o\u00f9 gr\u00e2ce \u00e0 notre carte facile \u00e0 utiliser.<strong>.<\/strong> <\/p>\n<p><strong>Si vous avez d\u00e9j\u00e0 ce pack, vous pouvez y acc\u00e9der via <a href=\"\/fr\/mon-compte-2-2\/espace-membres\/43905\/le-contenu-de-mon-adhesion\/\">Mes cartes &gt; Afficher.<\/a><\/strong> <\/p>\n<p><a href=\"#tab-description\">Liste de tous les sites Urbex sur cette carte.<\/a><\/p>","protected":false},"featured_media":57959,"template":"","meta":[],"product_brand":[],"product_cat":[226,1086,322,1135,1346,236],"product_tag":[],"class_list":{"0":"post-57955","1":"product","2":"type-product","3":"status-publish","4":"has-post-thumbnail","6":"product_cat-france","7":"product_cat-gard-30","8":"product_cat-location-packs","9":"product_cat-maps-france","10":"product_cat-maps-occitanie","11":"product_cat-occitanie","13":"first","14":"instock","15":"taxable","16":"shipping-taxable","17":"purchasable","18":"product-type-simple"},"jetpack_sharing_enabled":true,"_links":{"self":[{"href":"https:\/\/urbex.direct\/fr\/wp-json\/wp\/v2\/product\/57955","targetHints":{"allow":["GET"]}}],"collection":[{"href":"https:\/\/urbex.direct\/fr\/wp-json\/wp\/v2\/product"}],"about":[{"href":"https:\/\/urbex.direct\/fr\/wp-json\/wp\/v2\/types\/product"}],"wp:featuredmedia":[{"embeddable":true,"href":"https:\/\/urbex.direct\/fr\/wp-json\/wp\/v2\/media\/57959"}],"wp:attachment":[{"href":"https:\/\/urbex.direct\/fr\/wp-json\/wp\/v2\/media?parent=57955"}],"wp:term":[{"taxonomy":"product_brand","embeddable":true,"href":"https:\/\/urbex.direct\/fr\/wp-json\/wp\/v2\/product_brand?post=57955"},{"taxonomy":"product_cat","embeddable":true,"href":"https:\/\/urbex.direct\/fr\/wp-json\/wp\/v2\/product_cat?post=57955"},{"taxonomy":"product_tag","embeddable":true,"href":"https:\/\/urbex.direct\/fr\/wp-json\/wp\/v2\/product_tag?post=57955"}],"curies":[{"name":"wp","href":"https:\/\/api.w.org\/{rel}","templated":true}]}}