{"id":57778,"date":"2024-08-11T10:52:55","date_gmt":"2024-08-11T09:52:55","guid":{"rendered":"https:\/\/urbex.direct\/?post_type=product&#038;p=57778"},"modified":"2024-08-11T11:03:47","modified_gmt":"2024-08-11T10:03:47","slug":"urbex-map-france-centre-val-de-loire-cher-18-1-an-dacces","status":"publish","type":"product","link":"https:\/\/urbex.direct\/fr\/product\/urbex-map-france-centre-val-de-loire-cher-18-1-year-access\/","title":{"rendered":"Urbex Map France, Centre-Val de Loire : Cher (18) (1 an d'acc\u00e8s)"},"content":{"rendered":"<p>Cette carte contient les lieux suivants :<\/p>\n<ul><li>Manoir Trinity \/ Ch\u00e2teau Trinity<\/li><li>Ch\u00e2teau des dames<\/li><li>Manoir \u00e0 la verri\u00e8re<\/li><li>Studio 101<\/li><li>Chateau Black Pussy<\/li><li>Le couvent des s\u0153urs<\/li><li>Abbaye Roy<\/li><li>Ferme Number One<\/li><li>Disco Travo<\/li><li>Soupe du Ch\u00e2teau<\/li><li>Usine Poutres<\/li><li>Ch\u00e2teau blaireau<\/li><li>Whisky Ferme<\/li><li>Ferme du v\u00e9t\u00e9ran<\/li><li>Maison de la vieille dame<\/li><li>Ecole du Petit G \/ L'\u00e9cole des abus<\/li><li>Maison Mamie<\/li><\/ul>","protected":false},"excerpt":{"rendered":"<p>Cette carte de l'urbex vous fournit tous les lieux d'exploration urbaine (urbex) dans les pays suivants<strong> France, <\/strong><strong>Centre-Val de Loire<\/strong><strong>: Cher (18).<\/strong> Cette carte des lieux perdus restera mise \u00e0 jour et accessible pendant au moins 365 jours apr\u00e8s l'achat.<\/p>\n<p>Cette carte contient actuellement 17 des lieux d'exploration urbaine les plus uniques de France, Centre-Val de Loire : Cher (18) et est accessible depuis n'importe o\u00f9 gr\u00e2ce \u00e0 notre carte facile \u00e0 utiliser.<strong>.<\/strong><\/p>\n<p><strong>Si vous avez d\u00e9j\u00e0 ce pack, vous pouvez y acc\u00e9der via <a href=\"\/fr\/mon-compte-2-2\/espace-membres\/43905\/le-contenu-de-mon-adhesion\/\">Mes cartes &gt; Afficher.<\/a><\/strong><\/p>\n<p><a href=\"#tab-description\">Liste de tous les sites Urbex sur cette carte.<\/a><\/p>","protected":false},"featured_media":57782,"template":"","meta":[],"product_brand":[],"product_cat":[230,1033,226,322,1340,1135],"product_tag":[],"class_list":{"0":"post-57778","1":"product","2":"type-product","3":"status-publish","4":"has-post-thumbnail","6":"product_cat-centre-val-de-loire","7":"product_cat-cher-18","8":"product_cat-france","9":"product_cat-location-packs","10":"product_cat-maps-centre-val-de-loire","11":"product_cat-maps-france","13":"first","14":"instock","15":"taxable","16":"shipping-taxable","17":"purchasable","18":"product-type-simple"},"jetpack_sharing_enabled":true,"_links":{"self":[{"href":"https:\/\/urbex.direct\/fr\/wp-json\/wp\/v2\/product\/57778","targetHints":{"allow":["GET"]}}],"collection":[{"href":"https:\/\/urbex.direct\/fr\/wp-json\/wp\/v2\/product"}],"about":[{"href":"https:\/\/urbex.direct\/fr\/wp-json\/wp\/v2\/types\/product"}],"wp:featuredmedia":[{"embeddable":true,"href":"https:\/\/urbex.direct\/fr\/wp-json\/wp\/v2\/media\/57782"}],"wp:attachment":[{"href":"https:\/\/urbex.direct\/fr\/wp-json\/wp\/v2\/media?parent=57778"}],"wp:term":[{"taxonomy":"product_brand","embeddable":true,"href":"https:\/\/urbex.direct\/fr\/wp-json\/wp\/v2\/product_brand?post=57778"},{"taxonomy":"product_cat","embeddable":true,"href":"https:\/\/urbex.direct\/fr\/wp-json\/wp\/v2\/product_cat?post=57778"},{"taxonomy":"product_tag","embeddable":true,"href":"https:\/\/urbex.direct\/fr\/wp-json\/wp\/v2\/product_tag?post=57778"}],"curies":[{"name":"wp","href":"https:\/\/api.w.org\/{rel}","templated":true}]}}