{"id":57208,"date":"2024-07-22T09:53:00","date_gmt":"2024-07-22T08:53:00","guid":{"rendered":"https:\/\/urbex.direct\/product\/the-heavenly-church\/"},"modified":"2024-07-08T19:03:51","modified_gmt":"2024-07-08T18:03:51","slug":"leglise-celeste","status":"publish","type":"product","link":"https:\/\/urbex.direct\/fr\/product\/the-heavenly-church\/","title":{"rendered":"L'\u00c9glise c\u00e9leste"},"content":{"rendered":"<p>Coordonn\u00e9es Urbex<\/p>","protected":false},"excerpt":{"rendered":"<p>Coordonn\u00e9es Urbex<\/p>","protected":false},"featured_media":57207,"template":"","meta":[],"product_brand":[],"product_cat":[275,272],"product_tag":[],"class_list":{"0":"post-57208","1":"product","2":"type-product","3":"status-publish","4":"has-post-thumbnail","6":"product_cat-lubusz-2","7":"product_cat-poland","9":"first","10":"instock","11":"downloadable","12":"taxable","13":"shipping-taxable","14":"purchasable","15":"product-type-simple"},"jetpack_sharing_enabled":true,"_links":{"self":[{"href":"https:\/\/urbex.direct\/fr\/wp-json\/wp\/v2\/product\/57208","targetHints":{"allow":["GET"]}}],"collection":[{"href":"https:\/\/urbex.direct\/fr\/wp-json\/wp\/v2\/product"}],"about":[{"href":"https:\/\/urbex.direct\/fr\/wp-json\/wp\/v2\/types\/product"}],"wp:featuredmedia":[{"embeddable":true,"href":"https:\/\/urbex.direct\/fr\/wp-json\/wp\/v2\/media\/57207"}],"wp:attachment":[{"href":"https:\/\/urbex.direct\/fr\/wp-json\/wp\/v2\/media?parent=57208"}],"wp:term":[{"taxonomy":"product_brand","embeddable":true,"href":"https:\/\/urbex.direct\/fr\/wp-json\/wp\/v2\/product_brand?post=57208"},{"taxonomy":"product_cat","embeddable":true,"href":"https:\/\/urbex.direct\/fr\/wp-json\/wp\/v2\/product_cat?post=57208"},{"taxonomy":"product_tag","embeddable":true,"href":"https:\/\/urbex.direct\/fr\/wp-json\/wp\/v2\/product_tag?post=57208"}],"curies":[{"name":"wp","href":"https:\/\/api.w.org\/{rel}","templated":true}]}}