{"id":57135,"date":"2024-07-09T13:06:00","date_gmt":"2024-07-09T12:06:00","guid":{"rendered":"https:\/\/urbex.direct\/product\/il-monastero-abbandonato-sullacqua\/"},"modified":"2024-07-04T20:25:38","modified_gmt":"2024-07-04T19:25:38","slug":"il-monastero-abbandonato-sullacqua","status":"publish","type":"product","link":"https:\/\/urbex.direct\/fr\/product\/il-monastero-abbandonato-sullacqua\/","title":{"rendered":"Le monast\u00e8re abandonn\u00e9 \u00e0 l'eau"},"content":{"rendered":"<p>Coordonn\u00e9es Urbex<\/p>","protected":false},"excerpt":{"rendered":"<p>Coordonn\u00e9es Urbex<\/p>","protected":false},"featured_media":57134,"template":"","meta":[],"product_brand":[],"product_cat":[951,243],"product_tag":[],"class_list":{"0":"post-57135","1":"product","2":"type-product","3":"status-publish","4":"has-post-thumbnail","6":"product_cat-lazio","7":"product_cat-italy","9":"first","10":"instock","11":"downloadable","12":"taxable","13":"shipping-taxable","14":"purchasable","15":"product-type-simple"},"jetpack_sharing_enabled":true,"_links":{"self":[{"href":"https:\/\/urbex.direct\/fr\/wp-json\/wp\/v2\/product\/57135","targetHints":{"allow":["GET"]}}],"collection":[{"href":"https:\/\/urbex.direct\/fr\/wp-json\/wp\/v2\/product"}],"about":[{"href":"https:\/\/urbex.direct\/fr\/wp-json\/wp\/v2\/types\/product"}],"wp:featuredmedia":[{"embeddable":true,"href":"https:\/\/urbex.direct\/fr\/wp-json\/wp\/v2\/media\/57134"}],"wp:attachment":[{"href":"https:\/\/urbex.direct\/fr\/wp-json\/wp\/v2\/media?parent=57135"}],"wp:term":[{"taxonomy":"product_brand","embeddable":true,"href":"https:\/\/urbex.direct\/fr\/wp-json\/wp\/v2\/product_brand?post=57135"},{"taxonomy":"product_cat","embeddable":true,"href":"https:\/\/urbex.direct\/fr\/wp-json\/wp\/v2\/product_cat?post=57135"},{"taxonomy":"product_tag","embeddable":true,"href":"https:\/\/urbex.direct\/fr\/wp-json\/wp\/v2\/product_tag?post=57135"}],"curies":[{"name":"wp","href":"https:\/\/api.w.org\/{rel}","templated":true}]}}