{"id":56964,"date":"2024-06-30T18:35:05","date_gmt":"2024-06-30T17:35:05","guid":{"rendered":"https:\/\/urbex.direct\/?post_type=product&#038;p=56964"},"modified":"2025-05-22T17:55:17","modified_gmt":"2025-05-22T16:55:17","slug":"urbex-map-italy-piedmont-liguria-and-aosta-valley-1-year-access","status":"publish","type":"product","link":"https:\/\/urbex.direct\/fr\/product\/urbex-map-italy-piedmont-liguria-and-aosta-valley-1-year-access\/","title":{"rendered":"Urbex Map Italie : Pi\u00e9mont, Ligurie et Vall\u00e9e d'Aoste (1 ou 2 ans d'acc\u00e8s)"},"content":{"rendered":"<p>Cette carte contient les lieux suivants : <ul><li>Fabbrica Xi&#039;an<\/li><li>Dark School of Music<\/li><li>Discoth\u00e8que Divina<\/li><li>Manicomio di Racconigi<\/li><li>Ospedale Bargnetta \/ La Bertagnetta<\/li><li>Asile V<\/li><li>Villa Trendy<\/li><li>Villa Luciano<\/li><li>Ultimo Impero<\/li><li>Institut Giuseppini<\/li><li>Ospedale della Croce Rossa<\/li><li>Monast\u00e8re MG<\/li><li>Villa Sottos<\/li><li>Castello Novi<\/li><li>Villa Dante<\/li><li>Chiesa CM<\/li><li>Villa Margherita<\/li><li>Ch\u00e2teau de Savi<\/li><li>Villa Corinna<\/li><li>Villa Melano<\/li><li>Fabrique Fantasia<\/li><li>Villa Martiri<\/li><li>Orfanotrofio S<\/li><li>Village perdu de Camillio<\/li><li>Castello Di V<\/li><li>Rovina Nella Foresta<\/li><li>Villa Albero delle Scimmie<\/li><li>Villa Abbettere<\/li><li>Fabrique Grande et Vuoto<\/li><li>Casa Frazione<\/li><li>Villa Lm<\/li><li>Distributeur de benzine abbandonn\u00e9<\/li><li>Fabbrica T<\/li><li>Fabbrica Angolo<\/li><li>Chiesa Madrina<\/li><li>Usine de couleurs<\/li><li>Chiesa SC<\/li><li>La Furnasetta<\/li><li>Palazzo L<\/li><li>Passo Dopo Passo<\/li><li>Oriental Gem Palace<\/li><li>Castello di L<\/li><li>Ectoplasme<\/li><li>Villa Becker<\/li><li>Ch\u00e2teau de Re Claudio<\/li><li>Ospedale Pronto Scorsso<\/li><li>Villa Conchiglia<\/li><li>Cin\u00e9ma Enal<\/li><li>Santuario Bertha Gifford<\/li><li>Villa Donato Bilancia<\/li><li>Castello Mirafiori \/ Castello del Drosso<\/li><li>Villa Grazia<\/li><li>L'\u00e9cole Globe<\/li><li>Pr\u00e9vention infantile<\/li><li>Disco Cesar Palace<\/li><li>Villa Artom<\/li><li>\u00c9cole de Tofana<\/li><li>Chiesa Bosco<\/li><li>Villa Solita<\/li><li>Villa Flavia<\/li><li>Manoir Duchessa<\/li><li>Casa Nella Foresta<\/li><li>Segreti di Cotone \/ La Filature effiloch\u00e9e \/ La filature arlequine<\/li><li>Palazzo Sciure \/ Il Sanatorio Maledetto Di Bioglio<\/li><li>Villa Ron<\/li><li>Villa Rice<\/li><li>Casa di Bambola<\/li><li>Casa Baobicala<\/li><li>Villa B<\/li><li>Albergo S<\/li><li>Villa del cacciatore<\/li><li>Casa Vara<\/li><li>Ferme Scina<\/li><li>Usine de production<\/li><li>Chiesa Rhogama<\/li><li>Fattoria Gazzurlo<\/li><li>Le Globe Club<\/li><li>Le manoir 8K<\/li><li>Discoth\u00e8que Aphro<\/li><li>La fattoria in montagna<\/li><li>Casa Ast<\/li><li>La tour de l'\u00e9glise de Pise<\/li><li>Azienda agricola ASL<\/li><li>La maison du loup de mer<\/li><li>Ch\u00e2teau Kippy<\/li><li>Villaggio fantasma<\/li><li>H\u00f4tel Alberghetti<\/li><li>Capella di Villa Durazzo<\/li><li>Chiesa Edio<\/li><li>Colonia Antonia Devoto<\/li><li>Colonia Fara<\/li><li>Manicomio di Quarto<\/li><li>Palazzo Bordoni<\/li><li>Villa Caelum<\/li><li>Villa Sultana<\/li><li>Villa Zan<\/li><li>H\u00f4tel Pigna<\/li><li>\u00c9lectricit\u00e9 centrale<\/li><li>H\u00f4tel Coloniale<\/li><li>Mausol\u00e9e Crespi<\/li><li>Villa Ardesia<\/li><li>\u00c9glise des origines<\/li><li>Ospedale Mediterraneo<\/li><li>Manicomio di Cogoleto<\/li><li>Zone d'exploration lunaire<\/li><li>Villa Puma<\/li><li>Forte C<\/li><li>Forte T<\/li><li>Chiesa Bianca<\/li><li>Chiesa Verde<\/li><li>Fabbrica Sub<\/li><li>Villa Romano<\/li><li>Thermes de Battaglione<\/li><\/ul><br><\/p>","protected":false},"excerpt":{"rendered":"<p>Cette carte de l'urbex vous fournit tous les lieux d'exploration urbaine (urbex) dans les pays suivants <strong>Italie<\/strong><strong>Pi\u00e9mont, Ligurie et Vall\u00e9e d'Aoste<\/strong><strong>.<\/strong> <\/p>\n<p>Cette carte des lieux perdus restera mise \u00e0 jour et accessible pendant au moins 365 jours apr\u00e8s l'achat. Cette carte contient actuellement 113 des lieux d'exploration urbaine les plus uniques d'Italie, du Pi\u00e9mont, de la Ligurie et de la Vall\u00e9e d'Aoste. Elle est accessible de n'importe o\u00f9 gr\u00e2ce \u00e0 notre carte facile \u00e0 utiliser.<strong>. <\/p>\n<p><\/strong><strong>Si vous avez d\u00e9j\u00e0 ce pack, vous pouvez y acc\u00e9der via <\/strong><a href=\"\/fr\/mon-compte-2-2\/espace-membres\/43905\/le-contenu-de-mon-adhesion\/\"><strong>Mes cartes &gt; Afficher.<\/strong><\/a> <\/p>\n<p><a href=\"#tab-description\">Liste de tous les sites Urbex sur cette carte.<\/a><\/p>","protected":false},"featured_media":56984,"template":"","meta":[],"product_brand":[],"product_cat":[778,243,245,322,1137,248],"product_tag":[],"class_list":{"0":"post-56964","1":"product","2":"type-product","3":"status-publish","4":"has-post-thumbnail","6":"product_cat-valle-daosta","7":"product_cat-italy","8":"product_cat-ligurie-2","9":"product_cat-location-packs","10":"product_cat-maps-italy","11":"product_cat-piedmont","13":"first","14":"instock","15":"taxable","16":"shipping-taxable","17":"purchasable","18":"product-type-variable"},"jetpack_sharing_enabled":true,"_links":{"self":[{"href":"https:\/\/urbex.direct\/fr\/wp-json\/wp\/v2\/product\/56964","targetHints":{"allow":["GET"]}}],"collection":[{"href":"https:\/\/urbex.direct\/fr\/wp-json\/wp\/v2\/product"}],"about":[{"href":"https:\/\/urbex.direct\/fr\/wp-json\/wp\/v2\/types\/product"}],"wp:featuredmedia":[{"embeddable":true,"href":"https:\/\/urbex.direct\/fr\/wp-json\/wp\/v2\/media\/56984"}],"wp:attachment":[{"href":"https:\/\/urbex.direct\/fr\/wp-json\/wp\/v2\/media?parent=56964"}],"wp:term":[{"taxonomy":"product_brand","embeddable":true,"href":"https:\/\/urbex.direct\/fr\/wp-json\/wp\/v2\/product_brand?post=56964"},{"taxonomy":"product_cat","embeddable":true,"href":"https:\/\/urbex.direct\/fr\/wp-json\/wp\/v2\/product_cat?post=56964"},{"taxonomy":"product_tag","embeddable":true,"href":"https:\/\/urbex.direct\/fr\/wp-json\/wp\/v2\/product_tag?post=56964"}],"curies":[{"name":"wp","href":"https:\/\/api.w.org\/{rel}","templated":true}]}}