{"id":56962,"date":"2024-06-30T18:31:02","date_gmt":"2024-06-30T17:31:02","guid":{"rendered":"https:\/\/urbex.direct\/?post_type=product&#038;p=56962"},"modified":"2025-05-22T17:46:04","modified_gmt":"2025-05-22T16:46:04","slug":"urbex-map-italy-apulia-basilicata-calabria-campania-and-sicily-1-year-access","status":"publish","type":"product","link":"https:\/\/urbex.direct\/fr\/product\/urbex-map-italy-apulia-basilicata-calabria-campania-and-sicily-1-year-access\/","title":{"rendered":"Urbex Map Italie : Pouilles, Basilicate, Calabre, Campanie et Sicile (1 ou 2 ans d'acc\u00e8s)"},"content":{"rendered":"<p>Cette carte contient les lieux suivants : <ul><li>\u00c9cole de biologie<\/li><li>Fabbrica Olio d&amp;#039 ; Oliva<\/li><li>Villa Agora<\/li><li>Fabbrica la Biancheria Sporca<\/li><li>Fabrique CPT<\/li><li>Villa Coni<\/li><li>Villa Uva<\/li><li>Ferme abandonn\u00e9e<\/li><li>Distilleria Nuova<\/li><li>T\u00e9tanique<\/li><li>Acquapark grec<\/li><li>Istituto Psicopedagogico<\/li><li>Villa Ferrero<\/li><li>O sole mio<\/li><li>Village rural abandonn\u00e9<\/li><li>Miragica<\/li><li>Coll\u00e8ge naval<\/li><li>Villa Cerulli Bozzi Corso<\/li><li>Chiesa San Giorgio Degli Armeni<\/li><li>Sacar<\/li><li>Casa Di Molla<\/li><li>H\u00f4tel M<\/li><li>H\u00f4tel A<\/li><li>H\u00f4tel Golden<\/li><li>Villaggio Normanna<\/li><li>Villagio Iverna<\/li><li>Piscina crollata<\/li><li>Couvent Episcopal<\/li><li>Impianto Chimico<\/li><li>H\u00f4tel Piana<\/li><li>Abbandono del terreno<\/li><li>Casa senza finestre<\/li><li>L'oliveto<\/li><li>Fabrique de ciment C<\/li><li>Le grand site de l'industrie<\/li><li>Les appartements non finis<\/li><li>L'albergo dei rifiuti \/ The Waste Hotel<\/li><li>Casa Avati<\/li><li>Fabrique Peu de visibilit\u00e9<\/li><li>La fabbrica delle arance<\/li><li>L'appartamento vuoto<\/li><li>Villa Pazza<\/li><li>Fabbrica tra le strade<\/li><li>Villaggio Tocco<\/li><li>Chiessa C<\/li><li>Garder \u00e0 l'esprit<\/li><li>Fabbrica Tetto Ruggine<\/li><li>Villa Inaspettato<\/li><li>Casa Mo<\/li><li>Ruderi C<\/li><li>Fabbrica A<\/li><li>Vall\u00e9e des moulins<\/li><li>Casa di Cal<\/li><li>Casa Viti<\/li><li>Villaggio Provinciale<\/li><li>H\u00f4tel de la V\u00e9suve<\/li><li>Base Nato<\/li><li>Ville fant\u00f4me AV<\/li><li>Chiesseta Agreste<\/li><li>Chiesa Sant Antuono<\/li><li>Chiessa Madonna dil Ponte<\/li><li>Chiesa Largo Capuccini<\/li><li>La ville abandonn\u00e9e, dans la ville abandonn\u00e9e<\/li><li>Villas green paradise<\/li><li>Undead Asylum Campania<\/li><li>Prison Break Campania<\/li><li>Piscine du Paradis perdu<\/li><li>Couvent m\u00e9di\u00e9val<\/li><li>Palais Ducal<\/li><li>Ancienne Fabrique NSS<\/li><li>H\u00f4tel Eremo<\/li><li>Casa Di Spinola<\/li><li>Village perdu Pog<\/li><li>Minera di solfiti<\/li><li>Usine Coso<\/li><li>Ch\u00e2teau de Catarina<\/li><li>Le Sea Club<\/li><li>Ospedale Clearblue<\/li><li>La fattoria dimenticata<\/li><li>Casa Kasko<\/li><li>Fabrique \u00e0 la ferme<\/li><li>Rovina della fattoria<\/li><li>Rovina della fattoria 2<\/li><li>La rovina en montagne<\/li><li>Abandon du pont et du tunnel de Potter<\/li><li>Casa Lofaro<\/li><li>Le spa en crescita<\/li><li>Casa dell'autostrada<\/li><li>Chiesa Baro<\/li><li>Caserma Ruin Strand<\/li><li>Grand H\u00f4tel Templi<\/li><li>Ch\u00e2teau de Somersault<\/li><\/ul><br><\/p>","protected":false},"excerpt":{"rendered":"<p>Cette carte de l'urbex vous fournit tous les lieux d'exploration urbaine (urbex) dans les pays suivants <strong>Italie<\/strong><strong>Les r\u00e9gions des Pouilles, de la Basilicate, de la Calabre, de la Campanie et de la Sicile<\/strong><strong>.<\/strong> <\/p>\n<p>Cette carte des lieux perdus restera mise \u00e0 jour et accessible pendant au moins 365 jours apr\u00e8s l'achat. Cette carte contient actuellement 92 des lieux d'exploration urbaine les plus uniques d'Italie, des Pouilles, de la Basilicate, de la Calabre, de la Campanie et de la Sicile. Elle est accessible de n'importe o\u00f9 gr\u00e2ce \u00e0 notre carte facile \u00e0 utiliser.<strong>. <\/p>\n<p><\/strong><strong>Si vous avez d\u00e9j\u00e0 ce pack, vous pouvez y acc\u00e9der via <\/strong><a href=\"\/fr\/mon-compte-2-2\/espace-membres\/43905\/le-contenu-de-mon-adhesion\/\"><strong>Mes cartes &gt; Afficher.<\/strong><\/a> <\/p>\n<p><a href=\"#tab-description\">Liste de tous les sites Urbex sur cette carte.<\/a><\/p>","protected":false},"featured_media":56980,"template":"","meta":[],"product_brand":[],"product_cat":[315,340,1356,332,243,322,1137,948],"product_tag":[],"class_list":{"0":"post-56962","1":"product","2":"type-product","3":"status-publish","4":"has-post-thumbnail","6":"product_cat-apulia","7":"product_cat-basilicata","8":"product_cat-calabria","9":"product_cat-campania","10":"product_cat-italy","11":"product_cat-location-packs","12":"product_cat-maps-italy","13":"product_cat-sicilie","15":"first","16":"instock","17":"taxable","18":"shipping-taxable","19":"purchasable","20":"product-type-variable"},"jetpack_sharing_enabled":true,"_links":{"self":[{"href":"https:\/\/urbex.direct\/fr\/wp-json\/wp\/v2\/product\/56962","targetHints":{"allow":["GET"]}}],"collection":[{"href":"https:\/\/urbex.direct\/fr\/wp-json\/wp\/v2\/product"}],"about":[{"href":"https:\/\/urbex.direct\/fr\/wp-json\/wp\/v2\/types\/product"}],"wp:featuredmedia":[{"embeddable":true,"href":"https:\/\/urbex.direct\/fr\/wp-json\/wp\/v2\/media\/56980"}],"wp:attachment":[{"href":"https:\/\/urbex.direct\/fr\/wp-json\/wp\/v2\/media?parent=56962"}],"wp:term":[{"taxonomy":"product_brand","embeddable":true,"href":"https:\/\/urbex.direct\/fr\/wp-json\/wp\/v2\/product_brand?post=56962"},{"taxonomy":"product_cat","embeddable":true,"href":"https:\/\/urbex.direct\/fr\/wp-json\/wp\/v2\/product_cat?post=56962"},{"taxonomy":"product_tag","embeddable":true,"href":"https:\/\/urbex.direct\/fr\/wp-json\/wp\/v2\/product_tag?post=56962"}],"curies":[{"name":"wp","href":"https:\/\/api.w.org\/{rel}","templated":true}]}}