{"id":56959,"date":"2024-06-30T18:26:55","date_gmt":"2024-06-30T17:26:55","guid":{"rendered":"https:\/\/urbex.direct\/?post_type=product&#038;p=56959"},"modified":"2025-05-22T17:26:11","modified_gmt":"2025-05-22T16:26:11","slug":"urbex-map-italy-abruzzo-lazio-marche-umbria-and-molise-1-year-access","status":"publish","type":"product","link":"https:\/\/urbex.direct\/fr\/product\/urbex-map-italy-abruzzo-lazio-marche-umbria-and-molise-1-year-access\/","title":{"rendered":"Urbex Map Italie : Abruzzes, Latium, Marches, Ombrie et Molise (1 ou 2 ans d'acc\u00e8s)"},"content":{"rendered":"<p>Cette carte contient les lieux suivants : <ul><li>Casa Mysteria<\/li><li>Convento SM<\/li><li>H\u00f4pital CS \/ Ospedale CS<\/li><li>Centro Termale<\/li><li>Villa Ranalli<\/li><li>Vilaaggio Perduto Fara<\/li><li>La nuit du village abandonn\u00e9<\/li><li>Villa Atelier Della Scultrice<\/li><li>Palazzo del Cardinale<\/li><li>Ex Istituto Geso Devino Operaio<\/li><li>Convento B<\/li><li>Monastero Di Fara<\/li><li>Villa Ponam<\/li><li>Pista D&#039;oro<\/li><li>Orfanotrofio Marcigliana<\/li><li>Villa Mario<\/li><li>Manicomio Psichiatrico<\/li><li>\u00c9lixir du village perdu<\/li><li>Petit zoo \/ Piccolo zoo<\/li><li>Scuola di giganti<\/li><li>Villa Status Quo<\/li><li>Ippodromo di Lafuente<\/li><li>Casa Sperimentale<\/li><li>Cin\u00e9ma avec statues<\/li><li>Fabricca SIA<\/li><li>H\u00f4tel Bonifacev<\/li><li>Cimenterie Cerrano<\/li><li>Raffineria di zucchero<\/li><li>Fabrique d'abbigments<\/li><li>Casa Scarpa<\/li><li>Ch\u00e2teau des Ciclopi<\/li><li>Capannone envahi par la v\u00e9g\u00e9tation<\/li><li>Serre Aurelia 1<\/li><li>Serre Aurelia 2<\/li><li>Colonie Pyrgi<\/li><li>Octogone<\/li><li>Mercati Centrali con gru<\/li><li>Moulin \u00c0 Huile<\/li><li>Grand H\u00f4tel Primus<\/li><li>Central Hydro Electricity<\/li><li>Fabrique de produits m\u00e9dicinaux<\/li><li>Usine Cecconi<\/li><li>Villa su Strada<\/li><li>Piscina bianco<\/li><li>Saponificio<\/li><li>Campo Interno<\/li><li>Colonia Firenza<\/li><li>Fabbrica di Teschi<\/li><li>H\u00f4tel Nico<\/li><li>Ch\u00e2teau dans la for\u00eat<\/li><li>Fabrique Mistral<\/li><li>Ferme Aux Pigeons<\/li><li>Fabricca di Mira<\/li><li>Ex Cartiera AP<\/li><li>Allocations des travailleurs<\/li><li>Le monast\u00e8re abandonn\u00e9 \u00e0 l'eau<\/li><li>Fabbrica Vita<\/li><li>Carri\u00e8re et centre de congr\u00e8s<\/li><li>Villa La Quiete<\/li><li>Villa Pasa<\/li><li>Villa Vina<\/li><li>Villa Botticelli<\/li><li>Chiesa del Parocco<\/li><li>Convento Corridonia<\/li><li>Aquaparc Adriatico<\/li><li>Villa Vespa<\/li><li>Villa Dei Volatili<\/li><li>Villa Milanov<\/li><li>Villa Dei Poeti<\/li><li>Chiesa degli Angeli<\/li><li>Disco Sophistica<\/li><li>La mise en place d'un syst\u00e8me d'alerte pour le football<\/li><li>Chiesa Verde \/ Chiesa del cane pazzo<\/li><li>L'\u00e9glise \u00e0 la maison<\/li><li>La chiesa rimane<\/li><li>Monastero nella nebbia<\/li><li>Disco Frank<\/li><li>Convento di F<\/li><li>Ospedale Gallo<\/li><li>Ristorante Della Nave<\/li><li>L&#039;h\u00f4tel con 2 torri<\/li><li>Groupe motopropulseur V<\/li><li>Centrale elettrica ENEL<\/li><li>Chiesa di A<\/li><li>Villa Palma<\/li><li>La Casa Della Nonna<\/li><li>Villa Compresso<\/li><li>Magazzini stazione<\/li><li>La vecchia scuola di aviazione<\/li><li>H\u00f4tel Torre<\/li><li>Convento Verde<\/li><li>Abbaye Angelo<\/li><li>Fabrique de poudres<\/li><li>Chiesa rosa verde<\/li><li>Fortezza Ginevra<\/li><li>Village de la double \u00e9glise<\/li><li>Abattoir de pigeons<\/li><li>Le Burgage perdu<\/li><\/ul><br><\/p>\n\n\n\n<p><\/p>","protected":false},"excerpt":{"rendered":"<p>Cette carte de l'urbex vous fournit tous les lieux d'exploration urbaine (urbex) dans les pays suivants <strong>Italie<\/strong><strong>Abruzzes, Latium, Marches, Ombrie et Molise<\/strong><strong>.<\/strong> <\/p>\n<p>Cette carte des lieux perdus restera mise \u00e0 jour et accessible pendant au moins 365 jours apr\u00e8s l'achat. Cette carte contient actuellement 98 des lieux d'exploration urbaine les plus uniques d'Italie, des Abruzzes, du Latium, des Marches, de l'Ombrie et du Molise. Elle est accessible depuis n'importe quel endroit gr\u00e2ce \u00e0 notre carte facile \u00e0 utiliser.<strong>. <\/p>\n<p><\/strong><strong>Si vous avez d\u00e9j\u00e0 ce pack, vous pouvez y acc\u00e9der via <\/strong><a href=\"\/fr\/mon-compte-2-2\/espace-membres\/43905\/le-contenu-de-mon-adhesion\/\"><strong>Mes cartes &gt; Afficher.<\/strong><\/a> <\/p>\n<p><a href=\"#tab-description\">Liste de tous les sites Urbex sur cette carte.<\/a><\/p>","protected":false},"featured_media":56976,"template":"","meta":[],"product_brand":[],"product_cat":[339,243,951,322,1137,247,1362,949],"product_tag":[],"class_list":{"0":"post-56959","1":"product","2":"type-product","3":"status-publish","4":"has-post-thumbnail","6":"product_cat-abruzzen","7":"product_cat-italy","8":"product_cat-lazio","9":"product_cat-location-packs","10":"product_cat-maps-italy","11":"product_cat-marche-2","12":"product_cat-molise","13":"product_cat-umbrie","15":"first","16":"instock","17":"taxable","18":"shipping-taxable","19":"purchasable","20":"product-type-variable"},"jetpack_sharing_enabled":true,"_links":{"self":[{"href":"https:\/\/urbex.direct\/fr\/wp-json\/wp\/v2\/product\/56959","targetHints":{"allow":["GET"]}}],"collection":[{"href":"https:\/\/urbex.direct\/fr\/wp-json\/wp\/v2\/product"}],"about":[{"href":"https:\/\/urbex.direct\/fr\/wp-json\/wp\/v2\/types\/product"}],"wp:featuredmedia":[{"embeddable":true,"href":"https:\/\/urbex.direct\/fr\/wp-json\/wp\/v2\/media\/56976"}],"wp:attachment":[{"href":"https:\/\/urbex.direct\/fr\/wp-json\/wp\/v2\/media?parent=56959"}],"wp:term":[{"taxonomy":"product_brand","embeddable":true,"href":"https:\/\/urbex.direct\/fr\/wp-json\/wp\/v2\/product_brand?post=56959"},{"taxonomy":"product_cat","embeddable":true,"href":"https:\/\/urbex.direct\/fr\/wp-json\/wp\/v2\/product_cat?post=56959"},{"taxonomy":"product_tag","embeddable":true,"href":"https:\/\/urbex.direct\/fr\/wp-json\/wp\/v2\/product_tag?post=56959"}],"curies":[{"name":"wp","href":"https:\/\/api.w.org\/{rel}","templated":true}]}}