{"id":56127,"date":"2024-05-29T18:52:10","date_gmt":"2024-05-29T17:52:10","guid":{"rendered":"https:\/\/urbex.direct\/product\/foret-de-beton\/"},"modified":"2024-05-21T22:08:31","modified_gmt":"2024-05-21T21:08:31","slug":"foret-de-beton","status":"publish","type":"product","link":"https:\/\/urbex.direct\/fr\/product\/foret-de-beton\/","title":{"rendered":"For\u00eat de B\u00e9ton"},"content":{"rendered":"<p>Coordonn\u00e9es Urbex<\/p>","protected":false},"excerpt":{"rendered":"<p>Coordonn\u00e9es Urbex<\/p>","protected":false},"featured_media":56126,"template":"","meta":[],"product_brand":[],"product_cat":[1023,226,317],"product_tag":[],"class_list":{"0":"post-56127","1":"product","2":"type-product","3":"status-publish","4":"has-post-thumbnail","6":"product_cat-bouches-du-rhone-13","7":"product_cat-france","8":"product_cat-provence-alpes-cote-dazur","10":"first","11":"instock","12":"downloadable","13":"taxable","14":"shipping-taxable","15":"purchasable","16":"product-type-simple"},"jetpack_sharing_enabled":true,"_links":{"self":[{"href":"https:\/\/urbex.direct\/fr\/wp-json\/wp\/v2\/product\/56127","targetHints":{"allow":["GET"]}}],"collection":[{"href":"https:\/\/urbex.direct\/fr\/wp-json\/wp\/v2\/product"}],"about":[{"href":"https:\/\/urbex.direct\/fr\/wp-json\/wp\/v2\/types\/product"}],"wp:featuredmedia":[{"embeddable":true,"href":"https:\/\/urbex.direct\/fr\/wp-json\/wp\/v2\/media\/56126"}],"wp:attachment":[{"href":"https:\/\/urbex.direct\/fr\/wp-json\/wp\/v2\/media?parent=56127"}],"wp:term":[{"taxonomy":"product_brand","embeddable":true,"href":"https:\/\/urbex.direct\/fr\/wp-json\/wp\/v2\/product_brand?post=56127"},{"taxonomy":"product_cat","embeddable":true,"href":"https:\/\/urbex.direct\/fr\/wp-json\/wp\/v2\/product_cat?post=56127"},{"taxonomy":"product_tag","embeddable":true,"href":"https:\/\/urbex.direct\/fr\/wp-json\/wp\/v2\/product_tag?post=56127"}],"curies":[{"name":"wp","href":"https:\/\/api.w.org\/{rel}","templated":true}]}}