{"id":56064,"date":"2024-05-24T13:59:56","date_gmt":"2024-05-24T12:59:56","guid":{"rendered":"https:\/\/urbex.direct\/product\/capannone-invaso-dalla-vegetazione\/"},"modified":"2024-05-20T15:55:36","modified_gmt":"2024-05-20T14:55:36","slug":"capannone-invaso-dalla-vegetazione","status":"publish","type":"product","link":"https:\/\/urbex.direct\/fr\/product\/capannone-invaso-dalla-vegetazione\/","title":{"rendered":"Capannone envahi par la v\u00e9g\u00e9tation"},"content":{"rendered":"<p>Coordonn\u00e9es Urbex<\/p>","protected":false},"excerpt":{"rendered":"<p>Coordonn\u00e9es Urbex<\/p>","protected":false},"featured_media":56063,"template":"","meta":[],"product_brand":[],"product_cat":[951,243],"product_tag":[],"class_list":{"0":"post-56064","1":"product","2":"type-product","3":"status-publish","4":"has-post-thumbnail","6":"product_cat-lazio","7":"product_cat-italy","9":"first","10":"instock","11":"downloadable","12":"taxable","13":"shipping-taxable","14":"purchasable","15":"product-type-simple"},"jetpack_sharing_enabled":true,"_links":{"self":[{"href":"https:\/\/urbex.direct\/fr\/wp-json\/wp\/v2\/product\/56064","targetHints":{"allow":["GET"]}}],"collection":[{"href":"https:\/\/urbex.direct\/fr\/wp-json\/wp\/v2\/product"}],"about":[{"href":"https:\/\/urbex.direct\/fr\/wp-json\/wp\/v2\/types\/product"}],"wp:featuredmedia":[{"embeddable":true,"href":"https:\/\/urbex.direct\/fr\/wp-json\/wp\/v2\/media\/56063"}],"wp:attachment":[{"href":"https:\/\/urbex.direct\/fr\/wp-json\/wp\/v2\/media?parent=56064"}],"wp:term":[{"taxonomy":"product_brand","embeddable":true,"href":"https:\/\/urbex.direct\/fr\/wp-json\/wp\/v2\/product_brand?post=56064"},{"taxonomy":"product_cat","embeddable":true,"href":"https:\/\/urbex.direct\/fr\/wp-json\/wp\/v2\/product_cat?post=56064"},{"taxonomy":"product_tag","embeddable":true,"href":"https:\/\/urbex.direct\/fr\/wp-json\/wp\/v2\/product_tag?post=56064"}],"curies":[{"name":"wp","href":"https:\/\/api.w.org\/{rel}","templated":true}]}}