{"id":55807,"date":"2024-05-08T09:06:18","date_gmt":"2024-05-08T08:06:18","guid":{"rendered":"https:\/\/urbex.direct\/?post_type=product&#038;p=55807"},"modified":"2024-05-08T19:48:18","modified_gmt":"2024-05-08T18:48:18","slug":"debutant-urbex-map-liege","status":"publish","type":"product","link":"https:\/\/urbex.direct\/fr\/product\/beginner-urbex-map-liege\/","title":{"rendered":"D\u00e9butant Urbex Map Li\u00e8ge"},"content":{"rendered":"","protected":false},"excerpt":{"rendered":"<p>Commencez votre aventure urbex \u00e0 Li\u00e8ge avec notre carte exclusive Beginner Urbex Map Li\u00e8ge ! Cette carte conviviale vous guide vers 12 lieux passionnants, id\u00e9aux pour les nouveaux venus dans le monde de l'urbex. Avec des lieux situ\u00e9s \u00e0 seulement 10 minutes en voiture les uns des autres, vous pouvez explorer d'un endroit myst\u00e9rieux \u00e0 l'autre sans effort. B\u00e9n\u00e9ficiez d'un acc\u00e8s imm\u00e9diat et permanent aux meilleurs lieux d'exploration urbaine pour d\u00e9butants \u00e0 Li\u00e8ge.<\/p>\n<p>Urbexers sur les lieux :<br \/>\n\"L'endroit id\u00e9al pour les d\u00e9butants pour se promener. De longs couloirs, beaucoup de d\u00e9cr\u00e9pitude et de jolis d\u00e9tails. Certains disent qu'il y a des entit\u00e9s...\" - AnonUrbexer<\/p>\n<p>\"Au bout d'un certain temps, il ne restera plus rien ici, les racines des arbres finiront par tout \u00e9craser\". - Geert<\/p>","protected":false},"featured_media":55809,"template":"","meta":[],"product_brand":[],"product_cat":[197,201,322,1134],"product_tag":[],"class_list":{"0":"post-55807","1":"product","2":"type-product","3":"status-publish","4":"has-post-thumbnail","6":"product_cat-belgium","7":"product_cat-liege","8":"product_cat-location-packs","9":"product_cat-maps-belgium","11":"first","12":"instock","13":"virtual","14":"taxable","15":"purchasable","16":"product-type-simple"},"jetpack_sharing_enabled":true,"_links":{"self":[{"href":"https:\/\/urbex.direct\/fr\/wp-json\/wp\/v2\/product\/55807","targetHints":{"allow":["GET"]}}],"collection":[{"href":"https:\/\/urbex.direct\/fr\/wp-json\/wp\/v2\/product"}],"about":[{"href":"https:\/\/urbex.direct\/fr\/wp-json\/wp\/v2\/types\/product"}],"wp:featuredmedia":[{"embeddable":true,"href":"https:\/\/urbex.direct\/fr\/wp-json\/wp\/v2\/media\/55809"}],"wp:attachment":[{"href":"https:\/\/urbex.direct\/fr\/wp-json\/wp\/v2\/media?parent=55807"}],"wp:term":[{"taxonomy":"product_brand","embeddable":true,"href":"https:\/\/urbex.direct\/fr\/wp-json\/wp\/v2\/product_brand?post=55807"},{"taxonomy":"product_cat","embeddable":true,"href":"https:\/\/urbex.direct\/fr\/wp-json\/wp\/v2\/product_cat?post=55807"},{"taxonomy":"product_tag","embeddable":true,"href":"https:\/\/urbex.direct\/fr\/wp-json\/wp\/v2\/product_tag?post=55807"}],"curies":[{"name":"wp","href":"https:\/\/api.w.org\/{rel}","templated":true}]}}