{"id":55777,"date":"2024-05-05T18:14:28","date_gmt":"2024-05-05T17:14:28","guid":{"rendered":"https:\/\/urbex.direct\/?post_type=product&#038;p=55777"},"modified":"2025-05-21T20:48:25","modified_gmt":"2025-05-21T19:48:25","slug":"urbex-map-germany-1-year-access","status":"publish","type":"product","link":"https:\/\/urbex.direct\/fr\/product\/urbex-map-germany-1-year-access\/","title":{"rendered":"Urbex Map Germany All Regions (1 ou 2 ans d'acc\u00e8s)"},"content":{"rendered":"<p>Cette carte contient les lieux suivants : <ul><li>H\u00f4tel BM<\/li><li>Caf\u00e9 Eisenbahn<\/li><li>Camp Hitfeld<\/li><li>Chine Imbiss<\/li><li>Restaurant Eichhof<\/li><li>Bar de la vall\u00e9e des fleurs<\/li><li>Maison Fontanna<\/li><li>Haus-Rhenus<\/li><li>Institut Mollenkotten<\/li><li>Le Seigneur des Anneaux<\/li><li>R\u00e9servoirs perdus<\/li><li>Schwimmbad B<\/li><li>L'usine Sunshine<\/li><li>Villa Bogata<\/li><li>Villa Muhr<\/li><li>Wollseifen<\/li><li>Zeche Rudolf<\/li><li>Serres<\/li><li>Fabrik Feuerfest<\/li><li>Sanatorium pulmonaire<\/li><li>Ferme JRT<\/li><li>Kaserene ENG<\/li><li>Verlassen Schule<\/li><li>Fabrique de biscuits<\/li><li>H\u00f4tel Kino \/ Weser Lichtspiele<\/li><li>Armaturenfabrik<\/li><li>Haus des Jagers<\/li><li>Freibad<\/li><li>Norton<\/li><li>A Krankenhaus<\/li><li>Tuchfabrik<\/li><li>Zeche N<\/li><li>Pont du train W<\/li><li>Le corps de Verbrannter<\/li><li>Bauernhof Heu<\/li><li>Sauerei H\u00fctte<\/li><li>Hexenhaus<\/li><li>\u00c9cole d'art<\/li><li>Drahtfabrik<\/li><li>Zeche DB<\/li><li>Das Alte Krankenhaus<\/li><li>Schwarze Kirche<\/li><li>La clinique d'urgence Ehemalige<\/li><li>Kazerne Herongen<\/li><li>Le syst\u00e8me d'alarme de l'a\u00e9roport<\/li><li>Maison des Sch\u00e4nders<\/li><li>Maison FOS<\/li><li>Le bunker WW2<\/li><li>Eisenbahntunnel<\/li><li>Das Totenhaus<\/li><li>H\u00f4tel inachev\u00e9 H<\/li><li>Maison Markus<\/li><li>Leere Tankstelle<\/li><li>Muna Bunkers<\/li><li>Steinbruch M<\/li><li>Avion de brousse<\/li><li>Das Hallenbad<\/li><li>Das Alte Strandhotel<\/li><li>Bunker \u00e0 munitions<\/li><li>Foyer des enfants perdus<\/li><li>Le camp est termin\u00e9<\/li><li>Maison Chinapalace<\/li><li>Caf\u00e9 hippie<\/li><li>Le centre d'achat<\/li><li>Biker Fabrik<\/li><li>La barre musicale<\/li><li>Spielhaus der Pferde<\/li><li>Le ch\u00e2teau d'eau<\/li><li>Ziegelei an der Villa<\/li><li>Le bleu du Kino<\/li><li>Attaque de Mars<\/li><li>Pipeline NAVO<\/li><li>Champ de tir WW2<\/li><li>Bunker Klein<\/li><li>Vieux pont ferroviaire Allemagne<\/li><li>Cin\u00e9ma XXX<\/li><li>Beim Zahnarzt \/ Bij de Tandarts<\/li><li>Naufrage d'un bateau<\/li><li>Snackplane<\/li><li>Caserne S<\/li><li>S\u00e9pultures effrayantes<\/li><li>Maison des p\u00eacheurs<\/li><li>La piscine d\u00e9saffect\u00e9e<\/li><li>Bunker im Wald<\/li><li>Le vieux Kalkofen<\/li><li>Ferme Europe<\/li><li>Krankenhaus B<\/li><li>Bergbauschule<\/li><li>Bunker au milieu de la for\u00eat<\/li><li>L'\u00e9glise oubli\u00e9e dans la for\u00eat<\/li><li>Kalkfabrik<\/li><li>Haus der Lehrerin<\/li><li>Piscine et restaurant<\/li><li>Camp militaire SS<\/li><li>Gestion des munitions<\/li><li>H\u00f4tel am See<\/li><li>Das Kalkoven<\/li><li>La Fabrique bleue<\/li><li>Die Kasse des Chefs<\/li><li>Desperate Housewife<\/li><li>Merveille bleue<\/li><li>Elstal Wustermark<\/li><li>Schloss Dammsm\u00fchle<\/li><li>Schloss Gentzrode<\/li><li>Milit\u00e4rkrankenhaus<\/li><li>Filtres<\/li><li>Ville verte<\/li><li>Colosse<\/li><li>Heilst\u00e4tte Oranien<\/li><li>Asile de fous T<\/li><li>Garage maritime<\/li><li>Kaserne Joter<\/li><li>\u00c9cole de pilotage Zeppelin<\/li><li>Zinna-Schule III<\/li><li>Exp\u00e9rience de l'arm\u00e9e<\/li><li>Flugplatz Sperenberg<\/li><li>Schloss F<\/li><li>Trains de combat<\/li><li>Wilhelm Pieck<\/li><li>Haus Templ<\/li><li>Domaine Geron<\/li><li>Haus Denkmal<\/li><li>L'ancien Zirkus<\/li><li>Pflegeheim Ru<\/li><li>Das Milchhaus<\/li><li>Klinikum K<\/li><li>Krafwerk P<\/li><li>Cimeti\u00e8re T-Mobile<\/li><li>Schloss SH<\/li><li>Flugplatz O<\/li><li>Libert\u00e9 Brige<\/li><li>La route des morts-vivants 2.0<\/li><li>Champ de tir Graffity<\/li><li>Camp des SS<\/li><li>Flugabwehr-Raketenabteilung<\/li><li>Infanterie im Dienst<\/li><li>La f\u00eate est imminente<\/li><li>Camp Nick<\/li><li>Camp Bombodrom<\/li><li>Emplacement de l'avion<\/li><li>Furstenberg lager<\/li><li>Les maisons SS abandonn\u00e9es<\/li><li>La maison de la Stasi<\/li><li>H\u00f4tel B\u00e4renstark<\/li><li>Kurklinik am Bomberg<\/li><li>Schloss Olderhausen<\/li><li>Sprengstofffabrik Tanne<\/li><li>Villa Kunzima<\/li><li>Zucherfabrik<\/li><li>Panzers<\/li><li>Haus der S\u00e4ngerin \/ Haus der Nachtigall \/ Haus der Blumen<\/li><li>Stockage perdu<\/li><li>Luftmunitionslager<\/li><li>Maison de la Perle blanche<\/li><li>Emprisonnement<\/li><li>Train jaune<\/li><li>Das Retro Guesthaus<\/li><li>H\u00f4tel Eden R<\/li><li>Ferienwohnungen<\/li><li>Das Alte Retro Hotel<\/li><li>Alte Bergbaureste<\/li><li>Prison Nittle<\/li><li>H\u00f4tel des lampes<\/li><li>Jouer au train<\/li><li>Gro\u00dfes Haus am Waldrand<\/li><li>L'histoire de l'eau<\/li><li>Effondrement des serres<\/li><li>Happy Meal<\/li><li>Libert\u00e9 de l'Assembl\u00e9e<\/li><li>Bunker Bassum<\/li><li>Paille et tracteur \/ Stroh und Traktor<\/li><li>Naufrage (emplacement du drone)<\/li><li>Flak battery \/ Flakbatterie<\/li><li>Sanatorium Bernhardi et centrale \u00e9lectrique<\/li><li>Mausol\u00e9e des B\u00e4ren<\/li><li>Das Waldhaus<\/li><li>Klinik wintermoor<\/li><li>Geistervilla<\/li><li>Wald Bunker Eib<\/li><li>Das Alte Tram<\/li><li>Haus Wolf<\/li><li>Alte Mahlwerk<\/li><li>Sanatorium Konigsberg<\/li><li>Le petit syst\u00e8me de soutes<\/li><li>Katholisch Keller<\/li><li>Zoogehege<\/li><li>Arztpraxis Verlassene<\/li><li>Russische Panzer<\/li><li>Piscine Roter<\/li><li>Kinder des Nichts<\/li><li>Cimeti\u00e8re des Illuminati<\/li><li>H\u00f4tel Waldkater<\/li><li>Ombre de la maison<\/li><li>Pension Isolde<\/li><li>Ballsaal Melodie<\/li><li>Berghaus<\/li><li>Bezirkskrankenhaus C<\/li><li>\u00c9glise Blue Meth<\/li><li>B\u00e2timent O<\/li><li>B\u00e2timent Odpadki<\/li><li>Usine de d\u00e9cr\u00e9pitude<\/li><li>Emilien Haus<\/li><li>Fabrik Z<\/li><li>FDGB Mooskombinaat<\/li><li>Gebaude Brunn<\/li><li>Gebaude Scheffel<\/li><li>Gebaude Schwarzbach<\/li><li>Haus am Fluss<\/li><li>Haus BC<\/li><li>Haus Ebersbach<\/li><li>Haus Elly<\/li><li>Haus Elyan<\/li><li>Haus Hofer<\/li><li>Haus Konz<\/li><li>Haus Ramazotti<\/li><li>H\u00f4tel Atlantis<\/li><li>H\u00f4tel Flanell<\/li><li>H\u00f4tel Jugel<\/li><li>Maison de grand-m\u00e8re en tricot<\/li><li>B\u00e2timent Kompass<\/li><li>Perdu \u00e0 Chemnitz<\/li><li>Muldenhaus<\/li><li>Sanatorium Kussmund<\/li><li>Schloss Thierbach<\/li><li>La blancheur du site<\/li><li>Le b\u00e2timent disgracieux<\/li><li>Th\u00e9\u00e2tre V<\/li><li>Tonwarenfabrik Blumenpott<\/li><li>Usine Joha<\/li><li>Usine Markus<\/li><li>Villa Filzhaus<\/li><li>Villa H\u00fcttengrund<\/li><li>Villa Sylvana<\/li><li>Wohnungen A + B<\/li><li>Usine de Woodbales<\/li><li>Villa Kolbe<\/li><li>M\u00f6belhaus<\/li><li>Salle des graffitis<\/li><li>H\u00f4tel Davy C<\/li><li>Zucher Fabrik D<\/li><li>Haus Sprem<\/li><li>L'usine Kaos<\/li><li>Das Tanzlokal<\/li><li>L'\u00e9cole des fraises<\/li><li>Camp Sovjet \/ Mosa\u00efque Sovjet<\/li><li>Fabrik New Wave \/ Fabrik New Wave<\/li><li>Mondfabrik<\/li><li>Fu\u00dfballarena<\/li><li>Das Alte Herrenhaus<\/li><li>Nervenheilanstalt<\/li><li>Albrechtshaus<\/li><li>Gebaude K<\/li><li>Haus Angelika<\/li><li>Haus Luisengraben<\/li><li>Kirche Z<\/li><li>Kraftwerk Vockerode<\/li><li>Rote Kirche<\/li><li>Mausol\u00e9e royal \/ Mausol\u00e9e K<\/li><li>\u00c9glise en ruine<\/li><li>Rue de l'Usine<\/li><li>Villa Idla<\/li><li>Villa Panda<\/li><li>Villa Wonka<\/li><li>H\u00f4tel Heinrich Dunker<\/li><li>Schweinehochhaus<\/li><li>L'ancienne brasserie<\/li><li>Die Geisterkirche<\/li><li>Kegelbahn Sport Frei<\/li><li>Prison Bande<\/li><li>H\u00f4tel H<\/li><li>ESOC Bodenstation<\/li><li>Dr Anna<\/li><li>Club Blue Leguan<\/li><li>Brauerei zum Hirsch<\/li><li>Seniorenresidenz F<\/li><li>Serres perdues<\/li><li>Maison A<\/li><li>Bateau de la jungle<\/li><li>Bungalow H<\/li><li>Das Sport Hotel<\/li><li>Klinik Dr Baldrian<\/li><li>Grand H\u00f4tel Papagei<\/li><li>H\u00f4tel Piano<\/li><li>Schloss Waldfee<\/li><li>Klinikum paralyticum<\/li><li>Clinique Flamingo<\/li><li>Polizeipr\u00e4sidium<\/li><li>Emma Kinderheim<\/li><li>Monstertruck-Friedhof<\/li><li>Hausfremder<\/li><li>Grube W\u00fcrgengel<\/li><li>Bahnhof D<\/li><li>Bahnhof R<\/li><li>Alte Guterwagons<\/li><li>Cimeti\u00e8re de l'arm\u00e9e<\/li><li>Maison Sisyphe<\/li><li>Factory Tyre \/ Fabrik Band<\/li><li>Maison HW<\/li><li>Sanatorium Mossy<\/li><li>Ruine Berg<\/li><li>Us Bunker Forest<\/li><li>H\u00f4tel Hexenbut<\/li><li>H\u00f4tel Hlava<\/li><li>Natuurfreibad K<\/li><li>Gare de Malbergbahn<\/li><li>Villa Viktoriastift<\/li><li>Kohlens\u00e4ure Fabrik<\/li><li>Nageur<\/li><li>H\u00f4tel Verlassen<\/li><li>Edelsteinschleiferei<\/li><li>Pension de famille<\/li><li>Drei Kreuze \/ Volvo's<\/li><li>Verlassener Metzger<\/li><li>John Doe Fabrik<\/li><li>La firme am\u00e9ricaine<\/li><li>Keine Munition Bunker<\/li><li>Keine Munition Bunker 2<\/li><li>Villa dans la for\u00eat<\/li><li>Maison du train K<\/li><li>Das alte Haus an der Stra\u00dfe<\/li><li>Sanatorium Gauva<\/li><li>H\u00f4tel Burned Dreams<\/li><li>Fractionnement de la maison<\/li><li>Maison de l'effondrement<\/li><li>A\u00e9rodrome en ville<\/li><li>Piste de lancement<\/li><li>Sanatorium Charlottenh\u00f6he<\/li><li>H\u00e9liport am\u00e9ricain<\/li><li>Maison sur le lac<\/li><li>H\u00f4tel Fakir<\/li><li>Klinik Holzbein<\/li><li>Maison pourrie dans les bois<\/li><li>H\u00f4tel Crown<\/li><li>H\u00f4tel Archen<\/li><li>H\u00f4tel Schimmel 2.0 l<\/li><li>La clinique de la For\u00eat-Noire<\/li><li>Friedliche Gr\u00e4ber \/ S\u00e9pultures paisibles<\/li><li>H\u00f4pital Mystic<\/li><li>Manoir des enfants \/ Kinderanwesen<\/li><li>Haus des Pastors<\/li><li>Der LKW-Friedhof \/ Le cimeti\u00e8re des camions<\/li><li>Formation et d\u00e9veloppement<\/li><li>Institut KU<\/li><li>Le mien est Hang<\/li><li>Ziegelei Antoinette<\/li><li>Arm\u00e9e am\u00e9ricaine Im Wald<\/li><li>Fahrradhaus<\/li><li>Klinik des verr\u00fcckten Arztes<\/li><li>Maison des nerds<\/li><li>Brauerei Sch\u00c3\u00b6neweide<\/li><li>H\u00f4pital pour enfants d'Allemagne de l'Est<\/li><li>Emva Komzila<\/li><li>Funkhaus Grunau<\/li><li>Spreepark *L\u00e9gal<\/li><li>Waldhaus B<\/li><li>Irakische Botschaft<\/li><li>Freibad WE<\/li><li>A\u00e9roport Lugplatz<\/li><li>Centre d'information<\/li><li>Montagne du diable<\/li><li>Kontrollraum mit Glasdach<\/li><li>Ehemaliger Kaisers<\/li><li>Haus des Polizisten<\/li><li>H\u00f4pital Harold Greenwood<\/li><li>La maison des os<\/li><li>Knappschaft Heilstatten<\/li><li>Milchhof G<\/li><li>Usine de porcelaine<\/li><li>Prison 1555<\/li><li>Rittergut V<\/li><li>Sanatorium Hohentanneck<\/li><li>Sanatorium Schwarzeck<\/li><li>Sanatorium Sophie<\/li><li>Sanatorium W<\/li><li>H\u00f4tel Aussicht<\/li><li>Le Petit Paris<\/li><li>Kulturpalast<\/li><li>La v\u00e9rit\u00e9 sur l'eau<\/li><li>Bahnhof Ziegelei<\/li><li>L'\u0153uvre du ma\u00eetre<\/li><li>Sanatorium Frissen<\/li><li>Villa Schwarza<\/li><li>Alte Brauerei mit Tunnel<\/li><li>Usine de renouvellement<\/li><li>Herrenhaus der Spiegelungen<\/li><li>Kinderheim HC<\/li><li>Sanatorium Erich Steinfurth<\/li><li>Schloss S<\/li><li>Vieille voiture W50 DDR<\/li><li>Kegelbahn avec Hotel et Gastst\u00e4tte<\/li><li>Haus im Wald<\/li><li>Maison R\u00fcmpel<\/li><li>Verlassen Schule<\/li><li>Altes Kulturhaus<\/li><li>La collection d'automobiles<\/li><li>Manoir Antique<\/li><li>Sekret\u00e4r Alter aus Holzstoff<\/li><li>Base de l'ANV<\/li><li>Complexe Das Alte DWA<\/li><li>\u00c9cole Das Alte Gymnasium<\/li><li>Fishing Stop \/ \u00c9paves de p\u00eache<\/li><li>H\u00f4tel Saar<\/li><li>Alte Bahnhallen<\/li><li>Industriehaus<\/li><li>Geisterstation J<\/li><li>Fahrzeughalle<\/li><li>Usine N<\/li><li>Zementwerk<\/li><li>Auberge 1817<\/li><li>Haus der Schneiderin<\/li><li>Arava<\/li><li>Marteau-pilon<\/li><li>Sanatorium Apolant<\/li><li>La maison du jardinier<\/li><li>L'abattoir<\/li><li>Funcity P<\/li><li>Maison du vigneron<\/li><li>Maison de Claudio<\/li><li>Kristalltherme F<\/li><li>Garage Maffia<\/li><li>Mausol\u00e9e Z<\/li><li>Haus Rodach<\/li><li>Le pavillon forestier \/ Wald Bar<\/li><li>R\u00e9partiteur de train effrayant<\/li><li>L'usine de munitions perdue de Bam<\/li><li>Maison des ann\u00e9es 60<\/li><li>Tram friedhof<\/li><li>La grande \u00e9cole<\/li><li>Fliegerbunker<\/li><li>Mine Kunst<\/li><li>Haus aus flaschen<\/li><li>Kur Heim<\/li><li>Riesige Porzellanfabrik<\/li><li>Glasfabrik<\/li><li>Altes Pumpwerk<\/li><li>Fritz Krankenhaus<\/li><li>Lokomotivscheibe<\/li><li>H\u00fcbscher Bauernhof<\/li><li>H\u00f4pital H \/ Krankenhaus H<\/li><li>La derni\u00e8re \u00e9glise<\/li><li>La ferme Skilift<\/li><li>Club Pit Up<\/li><li>Das Inselhaus<\/li><li>La maison du soleil dans la vall\u00e9e<\/li><li>H\u00f4tel c\u00e9l\u00e8bre<\/li><li>Alte Train<\/li><li>Federball Fabrik \/ Shuttlecock Factory<\/li><li>Station terminale Ich Liebe Dich<\/li><li>Hexenhaus Bavaria<\/li><li>Alter Bauernhof B<\/li><\/ul><\/p>","protected":false},"excerpt":{"rendered":"<p>Cette carte de l'urbex vous fournit tous les lieux d'exploration urbaine (urbex) dans les pays suivants <strong>Allemagne<\/strong><strong>, <\/strong><strong>Toutes les r\u00e9gions<\/strong><strong>.<\/strong> <\/p>\n<p>This lost places map will remain updated and accessible for at least 365 days after purchase. This map has currently 450 of the most unique urban exploring locations in Germany and is accessible from anywhere with our easy to use map<strong>. <\/p>\n<p><\/strong><strong>Si vous avez d\u00e9j\u00e0 ce pack, vous pouvez y acc\u00e9der via <\/strong><a href=\"\/fr\/mon-compte-2-2\/espace-membres\/43905\/le-contenu-de-mon-adhesion\/\"><strong>Mes cartes &gt; Afficher.<\/strong><\/a> <\/p>\n<p><a href=\"#tab-description\">Liste de tous les sites Urbex sur cette carte.<\/a><\/p>","protected":false},"featured_media":56794,"template":"","meta":[],"product_brand":[],"product_cat":[210,322,1229],"product_tag":[],"class_list":{"0":"post-55777","1":"product","2":"type-product","3":"status-publish","4":"has-post-thumbnail","6":"product_cat-germany","7":"product_cat-location-packs","8":"product_cat-maps-germany","10":"first","11":"instock","12":"taxable","13":"shipping-taxable","14":"purchasable","15":"product-type-variable"},"jetpack_sharing_enabled":true,"_links":{"self":[{"href":"https:\/\/urbex.direct\/fr\/wp-json\/wp\/v2\/product\/55777","targetHints":{"allow":["GET"]}}],"collection":[{"href":"https:\/\/urbex.direct\/fr\/wp-json\/wp\/v2\/product"}],"about":[{"href":"https:\/\/urbex.direct\/fr\/wp-json\/wp\/v2\/types\/product"}],"wp:featuredmedia":[{"embeddable":true,"href":"https:\/\/urbex.direct\/fr\/wp-json\/wp\/v2\/media\/56794"}],"wp:attachment":[{"href":"https:\/\/urbex.direct\/fr\/wp-json\/wp\/v2\/media?parent=55777"}],"wp:term":[{"taxonomy":"product_brand","embeddable":true,"href":"https:\/\/urbex.direct\/fr\/wp-json\/wp\/v2\/product_brand?post=55777"},{"taxonomy":"product_cat","embeddable":true,"href":"https:\/\/urbex.direct\/fr\/wp-json\/wp\/v2\/product_cat?post=55777"},{"taxonomy":"product_tag","embeddable":true,"href":"https:\/\/urbex.direct\/fr\/wp-json\/wp\/v2\/product_tag?post=55777"}],"curies":[{"name":"wp","href":"https:\/\/api.w.org\/{rel}","templated":true}]}}