{"id":54383,"date":"2024-03-12T16:41:36","date_gmt":"2024-03-12T16:41:36","guid":{"rendered":"https:\/\/urbex.direct\/?post_type=product&#038;p=54383"},"modified":"2025-05-21T21:03:32","modified_gmt":"2025-05-21T20:03:32","slug":"carte-de-localisation-saxe-allemagne","status":"publish","type":"product","link":"https:\/\/urbex.direct\/fr\/product\/location-map-saxony-germany\/","title":{"rendered":"Urbex Map Allemagne, Saxe (1 ou 2 ans d'acc\u00e8s)"},"content":{"rendered":"<p>Cette carte contient les lieux suivants : <ul><li>Ballsaal Melodie<\/li><li>Berghaus<\/li><li>Bezirkskrankenhaus C<\/li><li>\u00c9glise Blue Meth<\/li><li>B\u00e2timent O<\/li><li>B\u00e2timent Odpadki<\/li><li>Usine de d\u00e9cr\u00e9pitude<\/li><li>Emilien Haus<\/li><li>Fabrik Z<\/li><li>FDGB Mooskombinaat<\/li><li>Gebaude Brunn<\/li><li>Gebaude Scheffel<\/li><li>Gebaude Schwarzbach<\/li><li>Haus am Fluss<\/li><li>Haus BC<\/li><li>Haus Ebersbach<\/li><li>Haus Elly<\/li><li>Haus Elyan<\/li><li>Haus Hofer<\/li><li>Haus Konz<\/li><li>Haus Ramazotti<\/li><li>H\u00f4tel Atlantis<\/li><li>H\u00f4tel Flanell<\/li><li>H\u00f4tel Jugel<\/li><li>Maison de grand-m\u00e8re en tricot<\/li><li>B\u00e2timent Kompass<\/li><li>Perdu \u00e0 Chemnitz<\/li><li>Muldenhaus<\/li><li>Sanatorium Kussmund<\/li><li>Schloss Thierbach<\/li><li>La blancheur du site<\/li><li>Le b\u00e2timent disgracieux<\/li><li>Th\u00e9\u00e2tre V<\/li><li>Tonwarenfabrik Blumenpott<\/li><li>Usine Joha<\/li><li>Usine Markus<\/li><li>Villa Filzhaus<\/li><li>Villa H\u00fcttengrund<\/li><li>Villa Sylvana<\/li><li>Wohnungen A + B<\/li><li>Usine de Woodbales<\/li><li>Villa Kolbe<\/li><li>M\u00f6belhaus<\/li><li>Salle des graffitis<\/li><li>H\u00f4tel Davy C<\/li><li>Zucher Fabrik D<\/li><li>Haus Sprem<\/li><li>L'usine Kaos<\/li><li>Das Tanzlokal<\/li><li>L'\u00e9cole des fraises<\/li><li>Camp Sovjet \/ Mosa\u00efque Sovjet<\/li><li>Fabrik New Wave \/ Fabrik New Wave<\/li><li>Mondfabrik<\/li><li>Fu\u00dfballarena<\/li><li>Das Alte Herrenhaus<\/li><li>Nervenheilanstalt<\/li><\/ul><\/p>","protected":false},"excerpt":{"rendered":"<p>Cette carte de l'urbex vous fournit tous les lieux d'exploration urbaine (urbex) dans les pays suivants <strong>Allemagne<\/strong><strong>, <\/strong><strong>Saxe<\/strong><strong>.<\/strong> <\/p>\n<p>Cette carte des lieux perdus restera mise \u00e0 jour et accessible pendant au moins 365 jours apr\u00e8s l'achat. Cette carte contient actuellement 56 des lieux d'exploration urbaine les plus uniques d'Allemagne, de Saxe et est accessible de n'importe o\u00f9 gr\u00e2ce \u00e0 notre carte facile \u00e0 utiliser.<strong>. <\/p>\n<p><\/strong><strong>Si vous avez d\u00e9j\u00e0 ce pack, vous pouvez y acc\u00e9der via <a href=\"\/fr\/mon-compte-2-2\/espace-membres\/43905\/le-contenu-de-mon-adhesion\/\">Mes cartes &gt; Afficher.<\/a><\/strong> <\/p>\n<p><a href=\"#tab-description\">Liste de tous les sites Urbex sur cette carte.<\/a><\/p>","protected":false},"featured_media":54929,"template":"","meta":[],"product_brand":[],"product_cat":[210,322,1229,220],"product_tag":[],"class_list":{"0":"post-54383","1":"product","2":"type-product","3":"status-publish","4":"has-post-thumbnail","6":"product_cat-germany","7":"product_cat-location-packs","8":"product_cat-maps-germany","9":"product_cat-saxony","11":"first","12":"instock","13":"taxable","14":"shipping-taxable","15":"purchasable","16":"product-type-variable"},"jetpack_sharing_enabled":true,"_links":{"self":[{"href":"https:\/\/urbex.direct\/fr\/wp-json\/wp\/v2\/product\/54383","targetHints":{"allow":["GET"]}}],"collection":[{"href":"https:\/\/urbex.direct\/fr\/wp-json\/wp\/v2\/product"}],"about":[{"href":"https:\/\/urbex.direct\/fr\/wp-json\/wp\/v2\/types\/product"}],"wp:featuredmedia":[{"embeddable":true,"href":"https:\/\/urbex.direct\/fr\/wp-json\/wp\/v2\/media\/54929"}],"wp:attachment":[{"href":"https:\/\/urbex.direct\/fr\/wp-json\/wp\/v2\/media?parent=54383"}],"wp:term":[{"taxonomy":"product_brand","embeddable":true,"href":"https:\/\/urbex.direct\/fr\/wp-json\/wp\/v2\/product_brand?post=54383"},{"taxonomy":"product_cat","embeddable":true,"href":"https:\/\/urbex.direct\/fr\/wp-json\/wp\/v2\/product_cat?post=54383"},{"taxonomy":"product_tag","embeddable":true,"href":"https:\/\/urbex.direct\/fr\/wp-json\/wp\/v2\/product_tag?post=54383"}],"curies":[{"name":"wp","href":"https:\/\/api.w.org\/{rel}","templated":true}]}}