{"id":54380,"date":"2024-03-12T16:39:21","date_gmt":"2024-03-12T16:39:21","guid":{"rendered":"https:\/\/urbex.direct\/?post_type=product&#038;p=54380"},"modified":"2025-05-21T20:55:04","modified_gmt":"2025-05-21T19:55:04","slug":"carte-de-localisation-brandenburg-allemagne","status":"publish","type":"product","link":"https:\/\/urbex.direct\/fr\/product\/location-map-brandenburg-germany\/","title":{"rendered":"Urbex Map Allemagne, Brandebourg (1 ou 2 ans d'acc\u00e8s)"},"content":{"rendered":"<p>Cette carte contient les lieux suivants : <ul><li>Merveille bleue<\/li><li>Elstal Wustermark<\/li><li>Schloss Dammsm\u00fchle<\/li><li>Schloss Gentzrode<\/li><li>Milit\u00e4rkrankenhaus<\/li><li>Filtres<\/li><li>Ville verte<\/li><li>Colosse<\/li><li>Heilst\u00e4tte Oranien<\/li><li>Asile de fous T<\/li><li>Garage maritime<\/li><li>Kaserne Joter<\/li><li>Bar \u00e0 l\u00e9gumes<\/li><li>\u00c9cole de pilotage Zeppelin<\/li><li>Zinna-Schule III<\/li><li>Exp\u00e9rience de l'arm\u00e9e<\/li><li>Flugplatz Sperenberg<\/li><li>Schloss F<\/li><li>Trains de combat<\/li><li>Haus Maus<\/li><li>Wilhelm Pieck<\/li><li>Haus Templ<\/li><li>Domaine Geron<\/li><li>Haus Denkmal<\/li><li>L'ancien Zirkus<\/li><li>Pflegeheim Ru<\/li><li>Das Milchhaus<\/li><li>Klinikum K<\/li><li>Krafwerk P<\/li><li>Cimeti\u00e8re T-Mobile<\/li><li>Schloss SH<\/li><li>Flugplatz O<\/li><li>Libert\u00e9 Brige<\/li><li>La route des morts-vivants 2.0<\/li><li>Champ de tir Graffity<\/li><li>Camp des SS<\/li><li>Flugabwehr-Raketenabteilung<\/li><li>Infanterie im Dienst<\/li><li>La f\u00eate est imminente<\/li><li>Camp Nick<\/li><li>Camp Bombodrom<\/li><li>Emplacement de l'avion<\/li><li>Furstenberg lager<\/li><li>Les maisons SS abandonn\u00e9es<\/li><li>La maison de la Stasi<\/li><\/ul><\/p>","protected":false},"excerpt":{"rendered":"<p>Cette carte de l'urbex vous fournit tous les lieux d'exploration urbaine (urbex) dans les pays suivants <strong>Allemagne<\/strong><strong>, <\/strong><strong>Brandebourg<\/strong><strong>.<\/strong> <\/p>\n<p>Cette carte des lieux perdus restera mise \u00e0 jour et accessible pendant au moins 365 jours apr\u00e8s l'achat. Cette carte contient actuellement 45 des lieux d'exploration urbaine les plus uniques d'Allemagne, du Brandebourg et est accessible depuis n'importe o\u00f9 gr\u00e2ce \u00e0 notre carte facile \u00e0 utiliser.<strong>. <\/p>\n<p><\/strong><strong>Si vous avez d\u00e9j\u00e0 ce pack, vous pouvez y acc\u00e9der via <a href=\"\/fr\/mon-compte-2-2\/espace-membres\/43905\/le-contenu-de-mon-adhesion\/\">Mes cartes &gt; Afficher.<\/a><\/strong> <\/p>\n<p><a href=\"#tab-description\">Liste de tous les sites Urbex sur cette carte.<\/a><\/p>","protected":false},"featured_media":54901,"template":"","meta":[],"product_brand":[],"product_cat":[214,210,322,1229],"product_tag":[],"class_list":{"0":"post-54380","1":"product","2":"type-product","3":"status-publish","4":"has-post-thumbnail","6":"product_cat-brandenburg-2","7":"product_cat-germany","8":"product_cat-location-packs","9":"product_cat-maps-germany","11":"first","12":"instock","13":"taxable","14":"shipping-taxable","15":"purchasable","16":"product-type-variable"},"jetpack_sharing_enabled":true,"_links":{"self":[{"href":"https:\/\/urbex.direct\/fr\/wp-json\/wp\/v2\/product\/54380","targetHints":{"allow":["GET"]}}],"collection":[{"href":"https:\/\/urbex.direct\/fr\/wp-json\/wp\/v2\/product"}],"about":[{"href":"https:\/\/urbex.direct\/fr\/wp-json\/wp\/v2\/types\/product"}],"wp:featuredmedia":[{"embeddable":true,"href":"https:\/\/urbex.direct\/fr\/wp-json\/wp\/v2\/media\/54901"}],"wp:attachment":[{"href":"https:\/\/urbex.direct\/fr\/wp-json\/wp\/v2\/media?parent=54380"}],"wp:term":[{"taxonomy":"product_brand","embeddable":true,"href":"https:\/\/urbex.direct\/fr\/wp-json\/wp\/v2\/product_brand?post=54380"},{"taxonomy":"product_cat","embeddable":true,"href":"https:\/\/urbex.direct\/fr\/wp-json\/wp\/v2\/product_cat?post=54380"},{"taxonomy":"product_tag","embeddable":true,"href":"https:\/\/urbex.direct\/fr\/wp-json\/wp\/v2\/product_tag?post=54380"}],"curies":[{"name":"wp","href":"https:\/\/api.w.org\/{rel}","templated":true}]}}