{"id":53992,"date":"2024-03-15T20:29:14","date_gmt":"2024-03-15T20:29:14","guid":{"rendered":"https:\/\/urbex.direct\/product\/convento-medievale\/"},"modified":"2024-03-03T13:15:28","modified_gmt":"2024-03-03T13:15:28","slug":"convento-medievale","status":"publish","type":"product","link":"https:\/\/urbex.direct\/fr\/product\/convento-medievale\/","title":{"rendered":"Couvent m\u00e9di\u00e9val"},"content":{"rendered":"<p>Coordonn\u00e9es Urbex<\/p>","protected":false},"excerpt":{"rendered":"<p>Coordonn\u00e9es Urbex<\/p>","protected":false},"featured_media":53991,"template":"","meta":[],"product_brand":[],"product_cat":[332,243],"product_tag":[],"class_list":{"0":"post-53992","1":"product","2":"type-product","3":"status-publish","4":"has-post-thumbnail","6":"product_cat-campania","7":"product_cat-italy","9":"first","10":"instock","11":"downloadable","12":"taxable","13":"shipping-taxable","14":"purchasable","15":"product-type-simple"},"jetpack_sharing_enabled":true,"_links":{"self":[{"href":"https:\/\/urbex.direct\/fr\/wp-json\/wp\/v2\/product\/53992","targetHints":{"allow":["GET"]}}],"collection":[{"href":"https:\/\/urbex.direct\/fr\/wp-json\/wp\/v2\/product"}],"about":[{"href":"https:\/\/urbex.direct\/fr\/wp-json\/wp\/v2\/types\/product"}],"wp:featuredmedia":[{"embeddable":true,"href":"https:\/\/urbex.direct\/fr\/wp-json\/wp\/v2\/media\/53991"}],"wp:attachment":[{"href":"https:\/\/urbex.direct\/fr\/wp-json\/wp\/v2\/media?parent=53992"}],"wp:term":[{"taxonomy":"product_brand","embeddable":true,"href":"https:\/\/urbex.direct\/fr\/wp-json\/wp\/v2\/product_brand?post=53992"},{"taxonomy":"product_cat","embeddable":true,"href":"https:\/\/urbex.direct\/fr\/wp-json\/wp\/v2\/product_cat?post=53992"},{"taxonomy":"product_tag","embeddable":true,"href":"https:\/\/urbex.direct\/fr\/wp-json\/wp\/v2\/product_tag?post=53992"}],"curies":[{"name":"wp","href":"https:\/\/api.w.org\/{rel}","templated":true}]}}