{"id":52415,"date":"2024-01-15T20:04:00","date_gmt":"2024-01-15T20:04:00","guid":{"rendered":"https:\/\/urbex.direct\/?post_type=product&#038;p=52415"},"modified":"2024-06-20T08:54:08","modified_gmt":"2024-06-20T07:54:08","slug":"carte-localisation-yvelines-78-france","status":"publish","type":"product","link":"https:\/\/urbex.direct\/fr\/product\/location-map-yvelines-78-france\/","title":{"rendered":"Urbex Map France, \u00cele-de-France : Yvelines (78) (Acc\u00e8s 1 an)"},"content":{"rendered":"<p>Cette carte contient les lieux suivants :<\/p>\n\n\n\n<ul><li>Chapelle de la Princesse Titine<\/li><li>Ch\u00e2teau Bonifatius<\/li><li>Villa Melodie \/ Maison Docteur du Harp<\/li><li>Parc Aquatique<\/li><li>Bordel Allemand<\/li><li>Villa Popova<\/li><li>Ch\u00e2teau des Cr\u00eapes<\/li><li>Fort HB<\/li><li>Manoir de Mr Hugo<\/li><li>L'h\u00f4tel des damn\u00e9s<\/li><li>La Maison du Preux<\/li><li>Maison de retraite Israel Lipski<\/li><li>Chapelle bleue dans la for\u00eat<\/li><li>Maison Tonnerre<\/li><li>Maison du lapin Rose<\/li><li>Tour perdue<\/li><li>Jardinerie<\/li><li>Usine Viardoss<\/li><li>Maison Sentier<\/li><li>Camp Air Force<\/li><li>Maison de l'\u00e9clusier<\/li><li>Hangar d&#039;Orgie<\/li><\/ul>","protected":false},"excerpt":{"rendered":"<p>Cette carte de l'urbex vous fournit tous les lieux d'exploration urbaine (urbex) dans les pays suivants<strong> France, <\/strong><strong>\u00cele-de-France<\/strong><strong>: Yvelines (78).<\/strong> Cette carte des lieux perdus restera mise \u00e0 jour et accessible pendant au moins 365 jours apr\u00e8s l'achat.<\/p>\n<p>Cette carte contient actuellement 22 des lieux d'exploration urbaine les plus uniques en France, \u00cele-de-France : Yvelines (78) et est accessible depuis n'importe o\u00f9 gr\u00e2ce \u00e0 notre carte facile \u00e0 utiliser.<strong>.<\/p>\n<p><\/strong><strong>Si vous avez d\u00e9j\u00e0 ce pack, vous pouvez y acc\u00e9der via <a href=\"\/fr\/mon-compte-2-2\/espace-membres\/43905\/le-contenu-de-mon-adhesion\/\">Mes cartes &gt; Afficher.<\/a><\/strong><strong><\/p>\n<p><\/strong><a href=\"#tab-description\">Liste de tous les sites Urbex sur cette carte.<\/a><\/p>","protected":false},"featured_media":52419,"template":"","meta":[],"product_brand":[],"product_cat":[226,233,322,1135,1343,1060],"product_tag":[],"class_list":{"0":"post-52415","1":"product","2":"type-product","3":"status-publish","4":"has-post-thumbnail","6":"product_cat-france","7":"product_cat-ile-de-france","8":"product_cat-location-packs","9":"product_cat-maps-france","10":"product_cat-maps-ile-de-france","11":"product_cat-yvelines-78","13":"first","14":"instock","15":"virtual","16":"taxable","17":"purchasable","18":"product-type-simple"},"jetpack_sharing_enabled":true,"_links":{"self":[{"href":"https:\/\/urbex.direct\/fr\/wp-json\/wp\/v2\/product\/52415","targetHints":{"allow":["GET"]}}],"collection":[{"href":"https:\/\/urbex.direct\/fr\/wp-json\/wp\/v2\/product"}],"about":[{"href":"https:\/\/urbex.direct\/fr\/wp-json\/wp\/v2\/types\/product"}],"wp:featuredmedia":[{"embeddable":true,"href":"https:\/\/urbex.direct\/fr\/wp-json\/wp\/v2\/media\/52419"}],"wp:attachment":[{"href":"https:\/\/urbex.direct\/fr\/wp-json\/wp\/v2\/media?parent=52415"}],"wp:term":[{"taxonomy":"product_brand","embeddable":true,"href":"https:\/\/urbex.direct\/fr\/wp-json\/wp\/v2\/product_brand?post=52415"},{"taxonomy":"product_cat","embeddable":true,"href":"https:\/\/urbex.direct\/fr\/wp-json\/wp\/v2\/product_cat?post=52415"},{"taxonomy":"product_tag","embeddable":true,"href":"https:\/\/urbex.direct\/fr\/wp-json\/wp\/v2\/product_tag?post=52415"}],"curies":[{"name":"wp","href":"https:\/\/api.w.org\/{rel}","templated":true}]}}