{"id":52261,"date":"2024-01-21T16:56:53","date_gmt":"2024-01-21T16:56:53","guid":{"rendered":"https:\/\/urbex.direct\/product\/manoir-de-la-tete-brulee\/"},"modified":"2024-01-11T09:12:35","modified_gmt":"2024-01-11T09:12:35","slug":"manoir-de-la-tete-brulee","status":"publish","type":"product","link":"https:\/\/urbex.direct\/fr\/product\/manoir-de-la-tete-brulee\/","title":{"rendered":"Manoir de la t\u00eate br\u00fbl\u00e9e"},"content":{"rendered":"","protected":false},"excerpt":{"rendered":"","protected":false},"featured_media":52260,"template":"","meta":[],"product_brand":[],"product_cat":[226,234,1072],"product_tag":[],"class_list":{"0":"post-52261","1":"product","2":"type-product","3":"status-publish","4":"has-post-thumbnail","6":"product_cat-france","7":"product_cat-normandie","8":"product_cat-seine-maritime-76","10":"first","11":"instock","12":"downloadable","13":"taxable","14":"shipping-taxable","15":"purchasable","16":"product-type-simple"},"jetpack_sharing_enabled":true,"_links":{"self":[{"href":"https:\/\/urbex.direct\/fr\/wp-json\/wp\/v2\/product\/52261","targetHints":{"allow":["GET"]}}],"collection":[{"href":"https:\/\/urbex.direct\/fr\/wp-json\/wp\/v2\/product"}],"about":[{"href":"https:\/\/urbex.direct\/fr\/wp-json\/wp\/v2\/types\/product"}],"wp:featuredmedia":[{"embeddable":true,"href":"https:\/\/urbex.direct\/fr\/wp-json\/wp\/v2\/media\/52260"}],"wp:attachment":[{"href":"https:\/\/urbex.direct\/fr\/wp-json\/wp\/v2\/media?parent=52261"}],"wp:term":[{"taxonomy":"product_brand","embeddable":true,"href":"https:\/\/urbex.direct\/fr\/wp-json\/wp\/v2\/product_brand?post=52261"},{"taxonomy":"product_cat","embeddable":true,"href":"https:\/\/urbex.direct\/fr\/wp-json\/wp\/v2\/product_cat?post=52261"},{"taxonomy":"product_tag","embeddable":true,"href":"https:\/\/urbex.direct\/fr\/wp-json\/wp\/v2\/product_tag?post=52261"}],"curies":[{"name":"wp","href":"https:\/\/api.w.org\/{rel}","templated":true}]}}