{"id":50249,"date":"2023-11-15T18:35:22","date_gmt":"2023-11-15T18:35:22","guid":{"rendered":"https:\/\/urbex.direct\/?post_type=product&#038;p=50249"},"modified":"2024-06-20T08:47:47","modified_gmt":"2024-06-20T07:47:47","slug":"location-map-marne-51-france","status":"publish","type":"product","link":"https:\/\/urbex.direct\/fr\/product\/location-map-marne-51-france\/","title":{"rendered":"Urbex Map France, Grand Est : Marne (51) (Acc\u00e8s 1 an)"},"content":{"rendered":"<p>Cette carte contient les lieux suivants :<\/p>\n\n\n\n<ul><li>Manoir de la Discorde<\/li><li>Ecole Paris Dakar<\/li><li>Manoir aux Canons \/ Maison Billard<\/li><li>Circuit R<\/li><li>Villa Matusalem<\/li><li>Ferme viticole \/ usine et ch\u00e2teau abandonn\u00e9<\/li><li>Maison Aux Poupees<\/li><li>Garage Bavarois<\/li><li>L&#039;a\u00e9roport oubli\u00e9<\/li><li>La Minoterie<\/li><li>Papeterie de C<\/li><\/ul>","protected":false},"excerpt":{"rendered":"<p>&nbsp;<\/p>\n<p>Cette carte de l'urbex vous fournit tous les lieux d'exploration urbaine (urbex) dans les pays suivants<strong> France, <\/strong><strong>Grand Est<\/strong><strong>: Marne (51).<\/strong> Cette carte des lieux perdus restera mise \u00e0 jour et accessible pendant au moins 365 jours apr\u00e8s l'achat.<\/p>\n<p>This map has currently 11 of the most unique urban exploring locations in France, Grand Est: Marne (51) and is accessible from anywhere with our easy to use map<strong>.<\/p>\n<p><\/strong><strong>Si vous avez d\u00e9j\u00e0 ce pack, vous pouvez y acc\u00e9der via <a href=\"\/fr\/mon-compte-2-2\/espace-membres\/43905\/le-contenu-de-mon-adhesion\/\">Mes cartes &gt; Afficher.<\/a><\/strong><\/p>\n<p>&nbsp;<\/p>","protected":false},"featured_media":50254,"template":"","meta":[],"product_brand":[],"product_cat":[226,231,322,1135,1341,1047],"product_tag":[],"class_list":{"0":"post-50249","1":"product","2":"type-product","3":"status-publish","4":"has-post-thumbnail","6":"product_cat-france","7":"product_cat-grand-est","8":"product_cat-location-packs","9":"product_cat-maps-france","10":"product_cat-maps-grand-est","11":"product_cat-marne-51","13":"first","14":"instock","15":"virtual","16":"taxable","17":"purchasable","18":"product-type-simple"},"jetpack_sharing_enabled":true,"_links":{"self":[{"href":"https:\/\/urbex.direct\/fr\/wp-json\/wp\/v2\/product\/50249","targetHints":{"allow":["GET"]}}],"collection":[{"href":"https:\/\/urbex.direct\/fr\/wp-json\/wp\/v2\/product"}],"about":[{"href":"https:\/\/urbex.direct\/fr\/wp-json\/wp\/v2\/types\/product"}],"wp:featuredmedia":[{"embeddable":true,"href":"https:\/\/urbex.direct\/fr\/wp-json\/wp\/v2\/media\/50254"}],"wp:attachment":[{"href":"https:\/\/urbex.direct\/fr\/wp-json\/wp\/v2\/media?parent=50249"}],"wp:term":[{"taxonomy":"product_brand","embeddable":true,"href":"https:\/\/urbex.direct\/fr\/wp-json\/wp\/v2\/product_brand?post=50249"},{"taxonomy":"product_cat","embeddable":true,"href":"https:\/\/urbex.direct\/fr\/wp-json\/wp\/v2\/product_cat?post=50249"},{"taxonomy":"product_tag","embeddable":true,"href":"https:\/\/urbex.direct\/fr\/wp-json\/wp\/v2\/product_tag?post=50249"}],"curies":[{"name":"wp","href":"https:\/\/api.w.org\/{rel}","templated":true}]}}