{"id":49318,"date":"2023-10-11T09:02:18","date_gmt":"2023-10-11T08:02:18","guid":{"rendered":"https:\/\/urbex.direct\/?post_type=product&#038;p=49318"},"modified":"2024-06-20T08:47:20","modified_gmt":"2024-06-20T07:47:20","slug":"location-map-bas-rhin-67-france","status":"publish","type":"product","link":"https:\/\/urbex.direct\/fr\/product\/location-map-bas-rhin-67-france\/","title":{"rendered":"Urbex Map France, Grand Est : Bas-Rhin (67) (Acc\u00e8s 1 an)"},"content":{"rendered":"<p>Cette carte contient les lieux suivants :<\/p>\n\n\n\n<ul><li>Centre M\u00e9dical H<\/li><li>Jungle And Liana Houses \/ Les Maisons Savane et Peluche<\/li><li>Manor Accrobranche \/ Tree Climb House<\/li><li>Manoir G\u00e9n\u00e9ral<\/li><li>Villa Des Ours<\/li><li>H\u00f4tel de l'\u00e9cluse \/ H\u00f4tel du port<\/li><li>Les longues casernes<\/li><li>Usine Coloree \/ Sawmill W<\/li><li>Manoir des Anglais \/ The New English Manor<\/li><li>La Petite Maison dans la Prairie<\/li><li>Maison Picture<\/li><li>Maison Fanatique des oiseaux<\/li><li>La salle de f\u00eates \/ Th\u00e9atre du chien<\/li><li>Le Tram jaune \/ The Yellow Tram<\/li><li>Cimeti\u00e8re sur la colline \/ Cemetery on the hill<\/li><li>Maison Piscine<\/li><li>La maison du collectionneur de livres<\/li><\/ul>","protected":false},"excerpt":{"rendered":"<p>&nbsp;<\/p>\n<p>Cette carte de l'urbex vous fournit tous les lieux d'exploration urbaine (urbex) dans les pays suivants<strong> France, <\/strong><strong>Grand Est<\/strong><strong>: Bas-Rhin (67).<\/strong> Cette carte des lieux perdus restera mise \u00e0 jour et accessible pendant au moins 365 jours apr\u00e8s l'achat.<\/p>\n<p>Cette carte contient actuellement 17 des lieux d'exploration urbaine les plus uniques en France, Grand Est : Bas-Rhin (67) et est accessible depuis n'importe o\u00f9 gr\u00e2ce \u00e0 notre carte facile \u00e0 utiliser.<strong>.<\/p>\n<p><\/strong><strong>Si vous avez d\u00e9j\u00e0 ce pack, vous pouvez y acc\u00e9der via <a href=\"\/fr\/mon-compte-2-2\/espace-membres\/43905\/le-contenu-de-mon-adhesion\/\">Mes cartes &gt; Afficher.<\/a><\/strong><\/p>\n<p>&nbsp;<\/p>","protected":false},"featured_media":49325,"template":"","meta":[],"product_brand":[],"product_cat":[1043,226,231,322,1135,1341],"product_tag":[],"class_list":{"0":"post-49318","1":"product","2":"type-product","3":"status-publish","4":"has-post-thumbnail","6":"product_cat-bas-rhin-67","7":"product_cat-france","8":"product_cat-grand-est","9":"product_cat-location-packs","10":"product_cat-maps-france","11":"product_cat-maps-grand-est","13":"first","14":"instock","15":"virtual","16":"taxable","17":"purchasable","18":"product-type-simple"},"jetpack_sharing_enabled":true,"_links":{"self":[{"href":"https:\/\/urbex.direct\/fr\/wp-json\/wp\/v2\/product\/49318","targetHints":{"allow":["GET"]}}],"collection":[{"href":"https:\/\/urbex.direct\/fr\/wp-json\/wp\/v2\/product"}],"about":[{"href":"https:\/\/urbex.direct\/fr\/wp-json\/wp\/v2\/types\/product"}],"wp:featuredmedia":[{"embeddable":true,"href":"https:\/\/urbex.direct\/fr\/wp-json\/wp\/v2\/media\/49325"}],"wp:attachment":[{"href":"https:\/\/urbex.direct\/fr\/wp-json\/wp\/v2\/media?parent=49318"}],"wp:term":[{"taxonomy":"product_brand","embeddable":true,"href":"https:\/\/urbex.direct\/fr\/wp-json\/wp\/v2\/product_brand?post=49318"},{"taxonomy":"product_cat","embeddable":true,"href":"https:\/\/urbex.direct\/fr\/wp-json\/wp\/v2\/product_cat?post=49318"},{"taxonomy":"product_tag","embeddable":true,"href":"https:\/\/urbex.direct\/fr\/wp-json\/wp\/v2\/product_tag?post=49318"}],"curies":[{"name":"wp","href":"https:\/\/api.w.org\/{rel}","templated":true}]}}