{"id":49317,"date":"2023-10-11T09:01:08","date_gmt":"2023-10-11T08:01:08","guid":{"rendered":"https:\/\/urbex.direct\/?post_type=product&#038;p=49317"},"modified":"2024-06-20T08:43:39","modified_gmt":"2024-06-20T07:43:39","slug":"carte-de-situation-morbihan-56-france","status":"publish","type":"product","link":"https:\/\/urbex.direct\/fr\/product\/location-map-morbihan-56-france\/","title":{"rendered":"Urbex Map France, Bretagne : Morbihan (56) (Acc\u00e8s 1 an)"},"content":{"rendered":"<p>Cette carte contient les lieux suivants :<\/p>\n\n\n\n<ul><li>Cimeti\u00e8re d'\u00e9paves<\/li><li>Manoir Yves Dandonneau \/ Yves Dandonneau Manor<\/li><li>Ch\u00e2teau Sequoia<\/li><li>Clinique SC<\/li><li>Maison de Lac<\/li><li>Cimeti\u00e8re de Bateaux Rivi\u00e8re<\/li><li>Jardin Aux Papillons \/ The Butterfly Garden<\/li><li>Le cimeti\u00e8re d'un autre navire fait naufrage<\/li><li>\u00c9paves de squelettes<\/li><li>Le parc \u00e9olien<\/li><li>Maison et \u00e9glise abandonn\u00e9es<\/li><li>Maisons de vacances au bord du lac<\/li><li>Maison Tourelle Nord<\/li><li>Base fluviale<\/li><li>Manoir Piano 56<\/li><\/ul>","protected":false},"excerpt":{"rendered":"<p>&nbsp;<\/p>\n<p>Cette carte de l'urbex vous fournit tous les lieux d'exploration urbaine (urbex) dans les pays suivants<strong> France, Bretagne : Morbihan (56).<\/strong> Cette carte des lieux perdus restera mise \u00e0 jour et accessible pendant au moins 365 jours apr\u00e8s l'achat.<\/p>\n<p>Cette carte contient actuellement 15 des lieux d'exploration urbaine les plus uniques en France, Bretagne : Morbihan (56) et est accessible depuis n'importe o\u00f9 gr\u00e2ce \u00e0 notre carte facile \u00e0 utiliser.<strong>.<\/p>\n<p><\/strong><strong>Si vous avez d\u00e9j\u00e0 ce pack, vous pouvez y acc\u00e9der via <a href=\"\/fr\/mon-compte-2-2\/espace-membres\/43905\/le-contenu-de-mon-adhesion\/\">Mes cartes &gt; Afficher.<\/a><\/strong><strong><\/p>\n<p><\/strong><a href=\"#tab-description\">Liste de tous les sites Urbex sur cette carte.<\/a><\/p>\n<p>&nbsp;<\/p>","protected":false},"featured_media":49321,"template":"","meta":[],"product_brand":[],"product_cat":[229,226,322,1339,1135,1042],"product_tag":[],"class_list":{"0":"post-49317","1":"product","2":"type-product","3":"status-publish","4":"has-post-thumbnail","6":"product_cat-bretagne","7":"product_cat-france","8":"product_cat-location-packs","9":"product_cat-maps-bretagne","10":"product_cat-maps-france","11":"product_cat-morbihan-56","13":"first","14":"instock","15":"virtual","16":"taxable","17":"purchasable","18":"product-type-simple"},"jetpack_sharing_enabled":true,"_links":{"self":[{"href":"https:\/\/urbex.direct\/fr\/wp-json\/wp\/v2\/product\/49317","targetHints":{"allow":["GET"]}}],"collection":[{"href":"https:\/\/urbex.direct\/fr\/wp-json\/wp\/v2\/product"}],"about":[{"href":"https:\/\/urbex.direct\/fr\/wp-json\/wp\/v2\/types\/product"}],"wp:featuredmedia":[{"embeddable":true,"href":"https:\/\/urbex.direct\/fr\/wp-json\/wp\/v2\/media\/49321"}],"wp:attachment":[{"href":"https:\/\/urbex.direct\/fr\/wp-json\/wp\/v2\/media?parent=49317"}],"wp:term":[{"taxonomy":"product_brand","embeddable":true,"href":"https:\/\/urbex.direct\/fr\/wp-json\/wp\/v2\/product_brand?post=49317"},{"taxonomy":"product_cat","embeddable":true,"href":"https:\/\/urbex.direct\/fr\/wp-json\/wp\/v2\/product_cat?post=49317"},{"taxonomy":"product_tag","embeddable":true,"href":"https:\/\/urbex.direct\/fr\/wp-json\/wp\/v2\/product_tag?post=49317"}],"curies":[{"name":"wp","href":"https:\/\/api.w.org\/{rel}","templated":true}]}}