{"id":49316,"date":"2023-10-11T08:59:39","date_gmt":"2023-10-11T07:59:39","guid":{"rendered":"https:\/\/urbex.direct\/?post_type=product&#038;p=49316"},"modified":"2024-06-20T08:41:53","modified_gmt":"2024-06-20T07:41:53","slug":"plan-de-situation-cotes-darmor-22-france","status":"publish","type":"product","link":"https:\/\/urbex.direct\/fr\/product\/location-map-cotes-darmor-22-france\/","title":{"rendered":"Urbex Map France, Bretagne : C\u00f4tes-d'Armor (22) (Acc\u00e8s 1 an)"},"content":{"rendered":"<p>Cette carte contient les lieux suivants :<\/p>\n\n\n\n<ul><li>L&#039;ancienne maison de retraite<\/li><li>Club de squash<\/li><li>Restaurant du Relais<\/li><li>Centre Spatial Bretagne<\/li><li>Ch\u00e2teau Morgane<\/li><li>Centrale \u00e9lectrique de Totem<\/li><li>Ecole du Moulin<\/li><li>Manoir Pegasus<\/li><li>Club Forestier<\/li><li>Centre Culturel<\/li><li>Manoir K Braz \/ The K Braz Manor<\/li><li>Maison Seaview \/ Maison Chalkie<\/li><li>Maison Hantee Ros<\/li><li>Les maisons de la carri\u00e8re \/ Maison Pommerit<\/li><li>Manoir Raveparty \/ Manoir Kermar<\/li><li>Maison Misere \/ Maison Plem<\/li><li>Bar Le Colombo<\/li><li>H\u00f4tel Bon repos<\/li><li>Mini Gare Tuber<\/li><li>Maison du Capitaine<\/li><li>Garage et station de pompage<\/li><li>Manoir Rave Party 2<\/li><li>Centre Aeree plouf<\/li><li>Ch\u00e2teau Ilan<\/li><li>Ferme de Sable<\/li><\/ul>","protected":false},"excerpt":{"rendered":"<p>&nbsp;<\/p>\n<p>Cette carte de l'urbex vous fournit tous les lieux d'exploration urbaine (urbex) dans les pays suivants<strong> France, Bretagne : C\u00f4tes-d'Armor (22).<\/strong> Cette carte des lieux perdus restera mise \u00e0 jour et accessible pendant au moins 365 jours apr\u00e8s l'achat.<\/p>\n<p>Cette carte contient actuellement 25 des lieux d'exploration urbaine les plus uniques en France, Bretagne : C\u00f4tes-d'Armor (22) et est accessible depuis n'importe o\u00f9 gr\u00e2ce \u00e0 notre carte facile \u00e0 utiliser.<strong>.<\/p>\n<p><\/strong><strong>Si vous avez d\u00e9j\u00e0 ce pack, vous pouvez y acc\u00e9der via <a href=\"\/fr\/mon-compte-2-2\/espace-membres\/43905\/le-contenu-de-mon-adhesion\/\">Mes cartes &gt; Afficher.<\/a><\/strong><strong><\/p>\n<p><\/strong><a href=\"#tab-description\">Liste de tous les sites Urbex sur cette carte.<\/a><\/p>\n<p>&nbsp;<\/p>","protected":false},"featured_media":49320,"template":"","meta":[],"product_brand":[],"product_cat":[229,1039,226,322,1339,1135],"product_tag":[],"class_list":{"0":"post-49316","1":"product","2":"type-product","3":"status-publish","4":"has-post-thumbnail","6":"product_cat-bretagne","7":"product_cat-cotes-darmor-22","8":"product_cat-france","9":"product_cat-location-packs","10":"product_cat-maps-bretagne","11":"product_cat-maps-france","13":"first","14":"instock","15":"virtual","16":"taxable","17":"purchasable","18":"product-type-simple"},"jetpack_sharing_enabled":true,"_links":{"self":[{"href":"https:\/\/urbex.direct\/fr\/wp-json\/wp\/v2\/product\/49316","targetHints":{"allow":["GET"]}}],"collection":[{"href":"https:\/\/urbex.direct\/fr\/wp-json\/wp\/v2\/product"}],"about":[{"href":"https:\/\/urbex.direct\/fr\/wp-json\/wp\/v2\/types\/product"}],"wp:featuredmedia":[{"embeddable":true,"href":"https:\/\/urbex.direct\/fr\/wp-json\/wp\/v2\/media\/49320"}],"wp:attachment":[{"href":"https:\/\/urbex.direct\/fr\/wp-json\/wp\/v2\/media?parent=49316"}],"wp:term":[{"taxonomy":"product_brand","embeddable":true,"href":"https:\/\/urbex.direct\/fr\/wp-json\/wp\/v2\/product_brand?post=49316"},{"taxonomy":"product_cat","embeddable":true,"href":"https:\/\/urbex.direct\/fr\/wp-json\/wp\/v2\/product_cat?post=49316"},{"taxonomy":"product_tag","embeddable":true,"href":"https:\/\/urbex.direct\/fr\/wp-json\/wp\/v2\/product_tag?post=49316"}],"curies":[{"name":"wp","href":"https:\/\/api.w.org\/{rel}","templated":true}]}}