{"id":49263,"date":"2023-10-09T19:23:22","date_gmt":"2023-10-09T18:23:22","guid":{"rendered":"https:\/\/urbex.direct\/?post_type=product&#038;p=49263"},"modified":"2024-06-20T08:51:40","modified_gmt":"2024-06-20T07:51:40","slug":"carte-de-localisation-aisne-02-france","status":"publish","type":"product","link":"https:\/\/urbex.direct\/fr\/product\/location-map-aisne-02-france\/","title":{"rendered":"Urbex Map France, Hauts-de-France : Aisne (02) (Acc\u00e8s 1 an)"},"content":{"rendered":"<p>Cette carte contient les lieux suivants :<\/p>\n<ul><li>Le champ de Voitures Abandonn\u00e9es<\/li><li>Ch\u00e2teau Crazy Angelais Ch\u00e2teau du camion bleu<\/li><li>Maison Renault \/ Maison Twingo<\/li><li>Maison Sucrerie<\/li><li>Maison Thierry<\/li><li>Boite de Nuit Imp\u00e9riale<\/li><li>Anis Fort<\/li><li>Hirsbex<\/li><li>La gare de man\u0153uvre ronde \/ The round shunting station<\/li><li>L&#039;abbaye Incendi\u00e9e<\/li><li>Le manoir de la for\u00eat<\/li><li>Maison du Trappeur\/ Maison Lucienne \/ Maison De La Fouine<\/li><li>Ch\u00e2teau Chasseur<\/li><li>Maison Syntropique<\/li><li>Maison Gregory<\/li><li>Bunker CS<\/li><li>Maison Outils<\/li><li>Maisons voleuse d'\u00e2me<\/li><li>Maison BB<\/li><li>Maison Soap<\/li><li>Maison de la confr\u00e9rie<\/li><li>Tour de Babel<\/li><li>Maison du Boucher<\/li><li>Tomb\u00e9e dans l'oublie<\/li><li>Maison Red Grandma<\/li><\/ul>","protected":false},"excerpt":{"rendered":"<p>Cette carte de l'urbex vous fournit tous les lieux d'exploration urbaine (urbex) dans les pays suivants<strong> France, <\/strong><strong>Hauts-de-France<\/strong><strong>: Aisne (02).<\/strong> Cette carte des lieux perdus restera mise \u00e0 jour et accessible pendant au moins 365 jours apr\u00e8s l'achat.<\/p>\n<p>Cette carte pr\u00e9sente actuellement 25 des lieux d'exploration urbaine les plus uniques en France, Hauts-de-France : Aisne (02) et est accessible depuis n'importe o\u00f9 gr\u00e2ce \u00e0 notre carte facile \u00e0 utiliser.<strong>.<\/strong><\/p>\n<p><strong>Si vous avez d\u00e9j\u00e0 ce pack, vous pouvez y acc\u00e9der via <a href=\"\/fr\/mon-compte-2-2\/espace-membres\/43905\/le-contenu-de-mon-adhesion\/\">Mes cartes &gt; Afficher.<\/a><\/strong><\/p>\n<p><a href=\"#tab-description\">Liste de tous les sites Urbex sur cette carte.<\/a><\/p>","protected":false},"featured_media":49264,"template":"","meta":[],"product_brand":[],"product_cat":[1055,226,232,322,1135,1342],"product_tag":[],"class_list":{"0":"post-49263","1":"product","2":"type-product","3":"status-publish","4":"has-post-thumbnail","6":"product_cat-aisne-02","7":"product_cat-france","8":"product_cat-hauts-de-france","9":"product_cat-location-packs","10":"product_cat-maps-france","11":"product_cat-maps-hauts-de-france","13":"first","14":"instock","15":"virtual","16":"taxable","17":"purchasable","18":"product-type-simple"},"jetpack_sharing_enabled":true,"_links":{"self":[{"href":"https:\/\/urbex.direct\/fr\/wp-json\/wp\/v2\/product\/49263","targetHints":{"allow":["GET"]}}],"collection":[{"href":"https:\/\/urbex.direct\/fr\/wp-json\/wp\/v2\/product"}],"about":[{"href":"https:\/\/urbex.direct\/fr\/wp-json\/wp\/v2\/types\/product"}],"wp:featuredmedia":[{"embeddable":true,"href":"https:\/\/urbex.direct\/fr\/wp-json\/wp\/v2\/media\/49264"}],"wp:attachment":[{"href":"https:\/\/urbex.direct\/fr\/wp-json\/wp\/v2\/media?parent=49263"}],"wp:term":[{"taxonomy":"product_brand","embeddable":true,"href":"https:\/\/urbex.direct\/fr\/wp-json\/wp\/v2\/product_brand?post=49263"},{"taxonomy":"product_cat","embeddable":true,"href":"https:\/\/urbex.direct\/fr\/wp-json\/wp\/v2\/product_cat?post=49263"},{"taxonomy":"product_tag","embeddable":true,"href":"https:\/\/urbex.direct\/fr\/wp-json\/wp\/v2\/product_tag?post=49263"}],"curies":[{"name":"wp","href":"https:\/\/api.w.org\/{rel}","templated":true}]}}