{"id":49167,"date":"2023-10-02T13:44:20","date_gmt":"2023-10-02T12:44:20","guid":{"rendered":"https:\/\/urbex.direct\/?post_type=product&#038;p=49167"},"modified":"2024-08-11T11:07:10","modified_gmt":"2024-08-11T10:07:10","slug":"plan-dacces-loiret-45-france","status":"publish","type":"product","link":"https:\/\/urbex.direct\/fr\/product\/location-map-loiret-45-france\/","title":{"rendered":"Urbex Map France, Centre-Val de Loire : Loiret (45) (1 an d'acc\u00e8s)"},"content":{"rendered":"<p>Cette carte contient les lieux suivants :<\/p>\n<ul><li>Ch\u00e2teau Hallier<\/li><li>Usine Loing<\/li><li>Station-service<\/li><li>Ch\u00e2teau Anglois<\/li><li>Ch\u00e2teau Decrepitude<\/li><li>Ch\u00e2teau Chasseur<\/li><li>Maison Faons<\/li><li>Manoir Meuble<\/li><li>Maison Soupir<\/li><li>Ch\u00e2teau darkface<\/li><li>Ch\u00e2teau des mouches<\/li><li>Maison de Retraite Verdure<\/li><li>Ch\u00e2teau d'eau<\/li><li>Manoir Ma\u00e2t<\/li><li>\u00c9paves de voitures 1<\/li><li>\u00c9paves de voitures 2<\/li><li>Maison v\u00e9randa<\/li><li>Maison Skrim<\/li><li>Maison verri\u00e8re<\/li><li>Maison Power<\/li><li>\u00c9cole de police<\/li><li>Ruine des Mont\u00e9es<\/li><li>L&#039;ancienne station de tramway<\/li><li>Ch\u00e2teau sans nom<\/li><li>Centre de soins Richard Labatt<\/li><li>Universitaire biologique<\/li><li>Triangle d'Usine<\/li><li>Manoir chat noir<\/li><li>Manoir pirate<\/li><li>Piscine municipale<\/li><li>Usine Roulin<\/li><li>Manoir Fosse<\/li><li>Maison Bout de Bois<\/li><li>Ferme Gelato<\/li><\/ul>\n\n\n<p><\/p>","protected":false},"excerpt":{"rendered":"<p>Cette carte de l'urbex vous fournit tous les lieux d'exploration urbaine (urbex) dans les pays suivants<strong> France, <\/strong><strong>Centre-Val de Loire<\/strong><strong>: Loiret (45).<\/strong> Cette carte des lieux perdus restera mise \u00e0 jour et accessible pendant au moins 365 jours apr\u00e8s l'achat.<\/p>\n<p>This map has currently 34 of the most unique urban exploring locations in France, Centre-Val de Loire: Loiret (45) and is accessible from anywhere with our easy to use map<strong>.<\/strong><\/p>\n<p><strong>Si vous avez d\u00e9j\u00e0 ce pack, vous pouvez y acc\u00e9der via <a href=\"\/fr\/mon-compte-2-2\/espace-membres\/43905\/le-contenu-de-mon-adhesion\/\">Mes cartes &gt; Afficher.<\/a><\/strong><\/p>\n<p><a href=\"#tab-description\">Liste de tous les sites Urbex sur cette carte.<\/a><\/p>","protected":false},"featured_media":49174,"template":"","meta":[],"product_brand":[],"product_cat":[230,226,322,1038,1340,1135],"product_tag":[],"class_list":{"0":"post-49167","1":"product","2":"type-product","3":"status-publish","4":"has-post-thumbnail","6":"product_cat-centre-val-de-loire","7":"product_cat-france","8":"product_cat-location-packs","9":"product_cat-loiret-45","10":"product_cat-maps-centre-val-de-loire","11":"product_cat-maps-france","13":"first","14":"instock","15":"virtual","16":"taxable","17":"purchasable","18":"product-type-simple"},"jetpack_sharing_enabled":true,"_links":{"self":[{"href":"https:\/\/urbex.direct\/fr\/wp-json\/wp\/v2\/product\/49167","targetHints":{"allow":["GET"]}}],"collection":[{"href":"https:\/\/urbex.direct\/fr\/wp-json\/wp\/v2\/product"}],"about":[{"href":"https:\/\/urbex.direct\/fr\/wp-json\/wp\/v2\/types\/product"}],"wp:featuredmedia":[{"embeddable":true,"href":"https:\/\/urbex.direct\/fr\/wp-json\/wp\/v2\/media\/49174"}],"wp:attachment":[{"href":"https:\/\/urbex.direct\/fr\/wp-json\/wp\/v2\/media?parent=49167"}],"wp:term":[{"taxonomy":"product_brand","embeddable":true,"href":"https:\/\/urbex.direct\/fr\/wp-json\/wp\/v2\/product_brand?post=49167"},{"taxonomy":"product_cat","embeddable":true,"href":"https:\/\/urbex.direct\/fr\/wp-json\/wp\/v2\/product_cat?post=49167"},{"taxonomy":"product_tag","embeddable":true,"href":"https:\/\/urbex.direct\/fr\/wp-json\/wp\/v2\/product_tag?post=49167"}],"curies":[{"name":"wp","href":"https:\/\/api.w.org\/{rel}","templated":true}]}}