{"id":48863,"date":"2023-09-21T09:17:56","date_gmt":"2023-09-21T08:17:56","guid":{"rendered":"https:\/\/urbex.direct\/?post_type=product&#038;p=48863"},"modified":"2024-06-20T08:41:11","modified_gmt":"2024-06-20T07:41:11","slug":"carte-de-localisation-cote-dor-21-france","status":"publish","type":"product","link":"https:\/\/urbex.direct\/fr\/product\/location-map-cote-dor-21-france\/","title":{"rendered":"Urbex Map France, Bourgogne-Franche-Comt\u00e9 : C\u00f4te-d'Or (21) (Acc\u00e8s 1 an)"},"content":{"rendered":"<p>Cette carte contient les lieux suivants :<\/p>\n<ul><li>Villa Anjo Perdido Ch\u00e2teau Marianne Maison Roland Moog<\/li><li>Gallias Oppidum<\/li><li>Maison Piscine<\/li><li>Maison des Poupees 2.0<\/li><li>Ancienne \u00e9glise et son atelier<\/li><li>H\u00f4pital des Cygnes \/ H\u00f4pital Fonfdon<\/li><li>Manoir Ludy<\/li><li>Boite de Nuit Piscine<\/li><li>CFA Center \/ Formation Agricole<\/li><li>\u00c9tablissement de formation<\/li><li>Ambush Club<\/li><li>Cimentiere de Tracteurs \/ Rusty Tractors<\/li><li>Villa de r\u00eave en b\u00e9ton<\/li><li>Usine Car \/ Factory Berte<\/li><li>La Ferme du chasseur<\/li><li>Maison Fox<\/li><li>H\u00f4tel Christine<\/li><li>Usine Marcel Besson<\/li><li>Fort M<\/li><li>Ch\u00e2teau de la duchesse Brigitte<\/li><li>Manoir du bonheur<\/li><li>Le Ch\u00e2teau de la Vierge<\/li><li>Maison Vert<\/li><li>Maison Dans Les Orties<\/li><li>Arch\u00e9odrome<\/li><li>Maison aux Jouets<\/li><li>Usine la Roche<\/li><li>Maison et Scierie<\/li><li>Maison du th\u00e9sauriseur<\/li><li>Maison Puzzlegame<\/li><li>Maison Sans dessus dessous<\/li><li>Ch\u00e2teau Larrey<\/li><li>Maison grin\u00e7ante<\/li><li>Ch\u00e2teau Rom\u00e9o et Juliette<\/li><\/ul>","protected":false},"excerpt":{"rendered":"<p>Cette carte de l'urbex vous fournit tous les lieux d'exploration urbaine (urbex) dans les pays suivants<strong> France, Bourgogne-Franche-Comt\u00e9, C\u00f4te-d'Or (21).<\/strong> Cette carte des lieux perdus restera mise \u00e0 jour et accessible pendant au moins 365 jours apr\u00e8s l'achat.<\/p>\n<p>Cette carte contient actuellement 34 des lieux d'exploration urbaine les plus uniques en France, Bourgogne-Franche-Comt\u00e9 : C\u00f4te-d'Or (21) et est accessible depuis n'importe o\u00f9 gr\u00e2ce \u00e0 notre carte facile \u00e0 utiliser.<strong>.<\/strong><\/p>\n<p><strong>Si vous avez d\u00e9j\u00e0 ce pack, vous pouvez y acc\u00e9der via <a href=\"\/fr\/mon-compte-2-2\/espace-membres\/43905\/le-contenu-de-mon-adhesion\/\">Mes cartes &gt; Afficher.<\/a><\/strong><\/p>\n<p><a href=\"#tab-description\">Liste de tous les sites Urbex sur cette carte.<\/a><\/p>","protected":false},"featured_media":49051,"template":"","meta":[],"product_brand":[],"product_cat":[228,1012,226,322,1338,1135],"product_tag":[],"class_list":{"0":"post-48863","1":"product","2":"type-product","3":"status-publish","4":"has-post-thumbnail","6":"product_cat-bourgogne-franche-comte","7":"product_cat-cote-dor-21","8":"product_cat-france","9":"product_cat-location-packs","10":"product_cat-maps-bourgogne-franche-comte","11":"product_cat-maps-france","13":"first","14":"instock","15":"virtual","16":"taxable","17":"purchasable","18":"product-type-simple"},"jetpack_sharing_enabled":true,"_links":{"self":[{"href":"https:\/\/urbex.direct\/fr\/wp-json\/wp\/v2\/product\/48863","targetHints":{"allow":["GET"]}}],"collection":[{"href":"https:\/\/urbex.direct\/fr\/wp-json\/wp\/v2\/product"}],"about":[{"href":"https:\/\/urbex.direct\/fr\/wp-json\/wp\/v2\/types\/product"}],"wp:featuredmedia":[{"embeddable":true,"href":"https:\/\/urbex.direct\/fr\/wp-json\/wp\/v2\/media\/49051"}],"wp:attachment":[{"href":"https:\/\/urbex.direct\/fr\/wp-json\/wp\/v2\/media?parent=48863"}],"wp:term":[{"taxonomy":"product_brand","embeddable":true,"href":"https:\/\/urbex.direct\/fr\/wp-json\/wp\/v2\/product_brand?post=48863"},{"taxonomy":"product_cat","embeddable":true,"href":"https:\/\/urbex.direct\/fr\/wp-json\/wp\/v2\/product_cat?post=48863"},{"taxonomy":"product_tag","embeddable":true,"href":"https:\/\/urbex.direct\/fr\/wp-json\/wp\/v2\/product_tag?post=48863"}],"curies":[{"name":"wp","href":"https:\/\/api.w.org\/{rel}","templated":true}]}}