{"id":48862,"date":"2023-09-21T09:17:14","date_gmt":"2023-09-21T08:17:14","guid":{"rendered":"https:\/\/urbex.direct\/?post_type=product&#038;p=48862"},"modified":"2024-06-20T08:58:19","modified_gmt":"2024-06-20T07:58:19","slug":"carte-de-localisation-alpes-maritimes-06-france","status":"publish","type":"product","link":"https:\/\/urbex.direct\/fr\/product\/location-map-alpes-maritimes-06-france\/","title":{"rendered":"Urbex Map France, Provence-Alpes-C\u00f4te d'Azur : Alpes-Maritimes (06) (Acc\u00e8s 1 an)"},"content":{"rendered":"<p>Cette carte contient les lieux suivants :<\/p>\n<ul><li>Maison de l&#039;Assassin<\/li><li>Chapelle G<\/li><li>H\u00f4pital Felix Zehetner<\/li><li>Villa Sharon<\/li><li>H\u00f4tel avec piscine priv\u00e9e<\/li><li>Villa Valor<\/li><li>Manoir Cuba<\/li><li>Maison Pharaon<\/li><li>H\u00f4pital des Vents<\/li><li>Villa du Dictateur<\/li><li>Villa August Sangret<\/li><li>H\u00f4tel de l&#039;Anneau<\/li><li>Ch\u00e2teau Robert Hansen<\/li><li>Observatoire sur mer<\/li><\/ul>","protected":false},"excerpt":{"rendered":"<p>Cette carte de l'urbex vous fournit tous les lieux d'exploration urbaine (urbex) dans les pays suivants<strong> France, <\/strong><strong>Provence-Alpes-C\u00f4te d'Azur<\/strong><strong>: Alpes-Maritimes (06).<\/strong> Cette carte des lieux perdus restera mise \u00e0 jour et accessible pendant au moins 365 jours apr\u00e8s l'achat.<\/p>\n<p>Cette carte contient actuellement 14 des lieux d'exploration urbaine les plus uniques en France, Provence-Alpes-C\u00f4te d'Azur : Alpes-Maritimes (06) et est accessible depuis n'importe o\u00f9 gr\u00e2ce \u00e0 notre carte facile \u00e0 utiliser.<strong>.<\/strong><\/p>\n<p><strong>Si vous avez d\u00e9j\u00e0 ce pack, vous pouvez y acc\u00e9der via <a href=\"\/fr\/mon-compte-2-2\/espace-membres\/43905\/le-contenu-de-mon-adhesion\/\">Mes cartes &gt; Afficher.<\/a><\/strong><\/p>\n<p><a href=\"#tab-description\">Liste de tous les sites Urbex sur cette carte.<\/a><\/p>","protected":false},"featured_media":49061,"template":"","meta":[],"product_brand":[],"product_cat":[1022,226,322,1135,1348,317],"product_tag":[],"class_list":{"0":"post-48862","1":"product","2":"type-product","3":"status-publish","4":"has-post-thumbnail","6":"product_cat-alpes-maritimes-06","7":"product_cat-france","8":"product_cat-location-packs","9":"product_cat-maps-france","10":"product_cat-maps-provence-alpes-cote-dazur","11":"product_cat-provence-alpes-cote-dazur","13":"first","14":"instock","15":"virtual","16":"taxable","17":"purchasable","18":"product-type-simple"},"jetpack_sharing_enabled":true,"_links":{"self":[{"href":"https:\/\/urbex.direct\/fr\/wp-json\/wp\/v2\/product\/48862","targetHints":{"allow":["GET"]}}],"collection":[{"href":"https:\/\/urbex.direct\/fr\/wp-json\/wp\/v2\/product"}],"about":[{"href":"https:\/\/urbex.direct\/fr\/wp-json\/wp\/v2\/types\/product"}],"wp:featuredmedia":[{"embeddable":true,"href":"https:\/\/urbex.direct\/fr\/wp-json\/wp\/v2\/media\/49061"}],"wp:attachment":[{"href":"https:\/\/urbex.direct\/fr\/wp-json\/wp\/v2\/media?parent=48862"}],"wp:term":[{"taxonomy":"product_brand","embeddable":true,"href":"https:\/\/urbex.direct\/fr\/wp-json\/wp\/v2\/product_brand?post=48862"},{"taxonomy":"product_cat","embeddable":true,"href":"https:\/\/urbex.direct\/fr\/wp-json\/wp\/v2\/product_cat?post=48862"},{"taxonomy":"product_tag","embeddable":true,"href":"https:\/\/urbex.direct\/fr\/wp-json\/wp\/v2\/product_tag?post=48862"}],"curies":[{"name":"wp","href":"https:\/\/api.w.org\/{rel}","templated":true}]}}