{"id":48860,"date":"2023-09-21T09:15:55","date_gmt":"2023-09-21T08:15:55","guid":{"rendered":"https:\/\/urbex.direct\/?post_type=product&#038;p=48860"},"modified":"2024-06-20T08:57:02","modified_gmt":"2024-06-20T07:57:02","slug":"carte-de-localisation-tarn-81-france","status":"publish","type":"product","link":"https:\/\/urbex.direct\/fr\/product\/location-map-tarn-81-france\/","title":{"rendered":"Urbex Map France, Occitanie : Tarn (81) (1 an d'acc\u00e8s)"},"content":{"rendered":"<p>Cette carte contient les lieux suivants :<\/p>\n<ul><li>Eglise P<\/li><li>Ch\u00e2teau de L\u00e9z<\/li><li>Ch\u00e2teau la B<\/li><li>Usine du Seigneur<\/li><li>Manoir de la Rivi\u00e8re<\/li><li>Usine Infierno<\/li><li>Usine Migro<\/li><li>Villa Cubac<\/li><li>Maison du Roucan<\/li><li>Le Lavoir \u00e0 Charbon<\/li><li>Gendarmerie<\/li><li>Chapelle Arlequin<\/li><li>Maison Triangle<\/li><li>Restaurant Catalan<\/li><li>Ch\u00e2teau du V\u00e9t\u00e9rinaire<\/li><li>L'ancienne caserne<\/li><li>Mineurs d'entrep\u00f4ts<\/li><li>Usine Naudy<\/li><li>Maison Bug<\/li><li>Maison Alzheimer<\/li><li>Usine Chatlana \/ Usine PZM<\/li><li>Ch\u00e2teau de Montpinier<\/li><li>Moulin sur la berge<\/li><\/ul>","protected":false},"excerpt":{"rendered":"<p>Cette carte de l'urbex vous fournit tous les lieux d'exploration urbaine (urbex) dans les pays suivants<strong> France, <\/strong><strong>Occitanie<\/strong><strong>: Tarn (81).<\/strong> Cette carte des lieux perdus restera mise \u00e0 jour et accessible pendant au moins 365 jours apr\u00e8s l'achat.<\/p>\n<p>Cette carte contient actuellement 23 des lieux d'exploration urbaine les plus uniques en France, Occitanie : Tarn (81) et est accessible depuis n'importe o\u00f9 gr\u00e2ce \u00e0 notre carte facile \u00e0 utiliser.<strong>.<\/strong><\/p>\n<p><strong>Si vous avez d\u00e9j\u00e0 ce pack, vous pouvez y acc\u00e9der via <a href=\"\/fr\/mon-compte-2-2\/espace-membres\/43905\/le-contenu-de-mon-adhesion\/\">Mes cartes &gt; Afficher.<\/a><\/strong><\/p>\n<p><a href=\"#tab-description\">Liste de tous les sites Urbex sur cette carte.<\/a><\/p>","protected":false},"featured_media":49065,"template":"","meta":[],"product_brand":[],"product_cat":[226,322,1135,1346,236,1096],"product_tag":[],"class_list":{"0":"post-48860","1":"product","2":"type-product","3":"status-publish","4":"has-post-thumbnail","6":"product_cat-france","7":"product_cat-location-packs","8":"product_cat-maps-france","9":"product_cat-maps-occitanie","10":"product_cat-occitanie","11":"product_cat-tarn-81","13":"first","14":"instock","15":"virtual","16":"taxable","17":"purchasable","18":"product-type-simple"},"jetpack_sharing_enabled":true,"_links":{"self":[{"href":"https:\/\/urbex.direct\/fr\/wp-json\/wp\/v2\/product\/48860","targetHints":{"allow":["GET"]}}],"collection":[{"href":"https:\/\/urbex.direct\/fr\/wp-json\/wp\/v2\/product"}],"about":[{"href":"https:\/\/urbex.direct\/fr\/wp-json\/wp\/v2\/types\/product"}],"wp:featuredmedia":[{"embeddable":true,"href":"https:\/\/urbex.direct\/fr\/wp-json\/wp\/v2\/media\/49065"}],"wp:attachment":[{"href":"https:\/\/urbex.direct\/fr\/wp-json\/wp\/v2\/media?parent=48860"}],"wp:term":[{"taxonomy":"product_brand","embeddable":true,"href":"https:\/\/urbex.direct\/fr\/wp-json\/wp\/v2\/product_brand?post=48860"},{"taxonomy":"product_cat","embeddable":true,"href":"https:\/\/urbex.direct\/fr\/wp-json\/wp\/v2\/product_cat?post=48860"},{"taxonomy":"product_tag","embeddable":true,"href":"https:\/\/urbex.direct\/fr\/wp-json\/wp\/v2\/product_tag?post=48860"}],"curies":[{"name":"wp","href":"https:\/\/api.w.org\/{rel}","templated":true}]}}