{"id":48859,"date":"2023-09-21T09:15:13","date_gmt":"2023-09-21T08:15:13","guid":{"rendered":"https:\/\/urbex.direct\/?post_type=product&#038;p=48859"},"modified":"2024-06-20T08:56:50","modified_gmt":"2024-06-20T07:56:50","slug":"carte-de-localisation-haute-garonne-31-france","status":"publish","type":"product","link":"https:\/\/urbex.direct\/fr\/product\/location-map-haute-garonne-31-france\/","title":{"rendered":"Urbex Map France, Occitanie : Haute-Garonne (31) (1 an d'acc\u00e8s)"},"content":{"rendered":"<p>Cette carte contient les lieux suivants :<\/p>\n<ul><li>La maison au sel<\/li><li>Maison B<\/li><li>Garage OH MY G<\/li><li>Ch\u00e2teau Marguerite \/ Ch\u00e2teau Joachim Toro<\/li><li>Clinique Wisteria Hos<\/li><li>Usine Hirondelles<\/li><li>La Serre du Chirurgien<\/li><li>Ch\u00e2teau du Colonel<\/li><li>H\u00f4pital du Ch\u00e2teau<\/li><li>Ch\u00e2teau Voiture<\/li><li>Usine Plus<\/li><li>Manoir du Sud<\/li><li>Bateau Pirate \/ Le Bateau Restaurant<\/li><li>La maison des serpents<\/li><li>Maison G<\/li><li>Le Ch\u00e2teau aux fen\u00eatres condamn\u00e9es<\/li><li>Voitures anciennes<\/li><li>H\u00f4tel des Soeurs Papins<\/li><li>Usine de Bruss<\/li><li>L'orphelinat Color\u00e9 \/ The Colorful Orphanage<\/li><li>Hunter's House \/ Maison des Chasseurs<\/li><li>Chalet CLF \/ Le Chalet du Biologiste<\/li><li>Manoir du capitaliste<\/li><li>Casino de la Montagne<\/li><li>Vieux et bien rouill\u00e9<\/li><li>Maison Astro<\/li><li>Maison Autoroute<\/li><li>Maison du roi<\/li><li>Maison enfouie<\/li><li>L'ornithorynque<\/li><li>Maison Lofi<\/li><li>Maison TB<\/li><li>Le Pub<\/li><li>Maison Mari<\/li><li>Maison de la cirrhose<\/li><li>Maison Deglingo<\/li><li>Ruine du Prince<\/li><li>Le vieux Moulin<\/li><li>Le grill abandonn\u00e9<\/li><li>Vieux hangar<\/li><li>Usine de chaux<\/li><li>Usine des Libres<\/li><li>Effondrement de la maison<\/li><\/ul>","protected":false},"excerpt":{"rendered":"<p>Cette carte de l'urbex vous fournit tous les lieux d'exploration urbaine (urbex) dans les pays suivants<strong> France, <\/strong><strong>Occitanie<\/strong><strong>: Haute-Garonne (31).<\/strong> Cette carte des lieux perdus restera mise \u00e0 jour et accessible pendant au moins 365 jours apr\u00e8s l'achat.<\/p>\n<p>Cette carte contient actuellement 43 des lieux d'exploration urbaine les plus uniques en France, Occitanie : Haute-Garonne (31) et est accessible depuis n'importe o\u00f9 gr\u00e2ce \u00e0 notre carte facile \u00e0 utiliser.<strong>.<\/strong><\/p>\n<p><strong>Si vous avez d\u00e9j\u00e0 ce pack, vous pouvez y acc\u00e9der via <a href=\"\/fr\/mon-compte-2-2\/espace-membres\/43905\/le-contenu-de-mon-adhesion\/\">Mes cartes &gt; Afficher.<\/a><\/strong><\/p>\n<p><a href=\"#tab-description\">Liste de tous les sites Urbex sur cette carte.<\/a><\/p>","protected":false},"featured_media":49134,"template":"","meta":[],"product_brand":[],"product_cat":[226,1092,322,1135,1346,236],"product_tag":[],"class_list":{"0":"post-48859","1":"product","2":"type-product","3":"status-publish","4":"has-post-thumbnail","6":"product_cat-france","7":"product_cat-haute-garonne-31","8":"product_cat-location-packs","9":"product_cat-maps-france","10":"product_cat-maps-occitanie","11":"product_cat-occitanie","13":"first","14":"instock","15":"virtual","16":"taxable","17":"purchasable","18":"product-type-simple"},"jetpack_sharing_enabled":true,"_links":{"self":[{"href":"https:\/\/urbex.direct\/fr\/wp-json\/wp\/v2\/product\/48859","targetHints":{"allow":["GET"]}}],"collection":[{"href":"https:\/\/urbex.direct\/fr\/wp-json\/wp\/v2\/product"}],"about":[{"href":"https:\/\/urbex.direct\/fr\/wp-json\/wp\/v2\/types\/product"}],"wp:featuredmedia":[{"embeddable":true,"href":"https:\/\/urbex.direct\/fr\/wp-json\/wp\/v2\/media\/49134"}],"wp:attachment":[{"href":"https:\/\/urbex.direct\/fr\/wp-json\/wp\/v2\/media?parent=48859"}],"wp:term":[{"taxonomy":"product_brand","embeddable":true,"href":"https:\/\/urbex.direct\/fr\/wp-json\/wp\/v2\/product_brand?post=48859"},{"taxonomy":"product_cat","embeddable":true,"href":"https:\/\/urbex.direct\/fr\/wp-json\/wp\/v2\/product_cat?post=48859"},{"taxonomy":"product_tag","embeddable":true,"href":"https:\/\/urbex.direct\/fr\/wp-json\/wp\/v2\/product_tag?post=48859"}],"curies":[{"name":"wp","href":"https:\/\/api.w.org\/{rel}","templated":true}]}}