{"id":48858,"date":"2023-09-21T09:14:43","date_gmt":"2023-09-21T08:14:43","guid":{"rendered":"https:\/\/urbex.direct\/?post_type=product&#038;p=48858"},"modified":"2024-06-20T08:56:41","modified_gmt":"2024-06-20T07:56:41","slug":"plan-dacces-aude-11-france","status":"publish","type":"product","link":"https:\/\/urbex.direct\/fr\/product\/location-map-aude-11-france\/","title":{"rendered":"Urbex Map France, Occitanie : Aude (11) (1 an d'acc\u00e8s)"},"content":{"rendered":"<p>Cette carte contient les lieux suivants :<\/p>\n<ul><li>Resto Kowloon<\/li><li>Morgue de l'h\u00f4pital<\/li><li>Restaurant le Bistrot \/ H\u00f4tel capitaine Haddock<\/li><li>Maison Museum\/ Maison Gendarmerie<\/li><li>Les mines d'or<\/li><li>Ch\u00e2teau Ecole<\/li><li>Ch\u00e2teau Valgros<\/li><li>Villa des Orangers<\/li><li>Voitures Rouill\u00e9es<\/li><li>Discoth\u00e8que\nBon<\/li><li>Manoir RBNSD<\/li><li>Maison Champignon<\/li><li>Manoir Escalier<\/li><li>La Chapelle de L'ange au Violon<\/li><li>Spa Isis \/ Therme Isis<\/li><li>Ancienne Gare SML<\/li><li>Ruines du bunker dans les dunes<\/li><li>H\u00f4tel Eleven<\/li><li>Car Junkyard<\/li><li>Maison Bosch<\/li><li>Manoir vitrail<\/li><li>Maison Vide<\/li><li>Maisons du Monde<\/li><li>Ch\u00e2teau Horus<\/li><li>Anciennes serres \u00e0 raisins<\/li><li>Maison de Nauda<\/li><li>Karting Perdue<\/li><\/ul>","protected":false},"excerpt":{"rendered":"<p>Cette carte de l'urbex vous fournit tous les lieux d'exploration urbaine (urbex) dans les pays suivants<strong> France, <\/strong><strong>Occitanie<\/strong><strong>: Aude (11).<\/strong> Cette carte des lieux perdus restera mise \u00e0 jour et accessible pendant au moins 365 jours apr\u00e8s l'achat.<\/p>\n<p>Cette carte contient actuellement 27 des lieux d'exploration urbaine les plus uniques en France, Occitanie : Aude (11) et est accessible depuis n'importe o\u00f9 gr\u00e2ce \u00e0 notre carte facile \u00e0 utiliser.<strong>.<\/strong><\/p>\n<p><strong>Si vous avez d\u00e9j\u00e0 ce pack, vous pouvez y acc\u00e9der via <a href=\"\/fr\/mon-compte-2-2\/espace-membres\/43905\/le-contenu-de-mon-adhesion\/\">Mes cartes &gt; Afficher.<\/a><\/strong><\/p>\n<p><a href=\"#tab-description\">Liste de tous les sites Urbex sur cette carte.<\/a><\/p>","protected":false},"featured_media":49135,"template":"","meta":[],"product_brand":[],"product_cat":[1085,226,322,1135,1346,236],"product_tag":[],"class_list":{"0":"post-48858","1":"product","2":"type-product","3":"status-publish","4":"has-post-thumbnail","6":"product_cat-aude-11","7":"product_cat-france","8":"product_cat-location-packs","9":"product_cat-maps-france","10":"product_cat-maps-occitanie","11":"product_cat-occitanie","13":"first","14":"instock","15":"virtual","16":"taxable","17":"purchasable","18":"product-type-simple"},"jetpack_sharing_enabled":true,"_links":{"self":[{"href":"https:\/\/urbex.direct\/fr\/wp-json\/wp\/v2\/product\/48858","targetHints":{"allow":["GET"]}}],"collection":[{"href":"https:\/\/urbex.direct\/fr\/wp-json\/wp\/v2\/product"}],"about":[{"href":"https:\/\/urbex.direct\/fr\/wp-json\/wp\/v2\/types\/product"}],"wp:featuredmedia":[{"embeddable":true,"href":"https:\/\/urbex.direct\/fr\/wp-json\/wp\/v2\/media\/49135"}],"wp:attachment":[{"href":"https:\/\/urbex.direct\/fr\/wp-json\/wp\/v2\/media?parent=48858"}],"wp:term":[{"taxonomy":"product_brand","embeddable":true,"href":"https:\/\/urbex.direct\/fr\/wp-json\/wp\/v2\/product_brand?post=48858"},{"taxonomy":"product_cat","embeddable":true,"href":"https:\/\/urbex.direct\/fr\/wp-json\/wp\/v2\/product_cat?post=48858"},{"taxonomy":"product_tag","embeddable":true,"href":"https:\/\/urbex.direct\/fr\/wp-json\/wp\/v2\/product_tag?post=48858"}],"curies":[{"name":"wp","href":"https:\/\/api.w.org\/{rel}","templated":true}]}}