{"id":48855,"date":"2023-09-21T09:12:29","date_gmt":"2023-09-21T08:12:29","guid":{"rendered":"https:\/\/urbex.direct\/?post_type=product&#038;p=48855"},"modified":"2024-06-20T08:59:17","modified_gmt":"2024-06-20T07:59:17","slug":"carte-de-localisation-dordogne-24-france","status":"publish","type":"product","link":"https:\/\/urbex.direct\/fr\/product\/location-map-dordogne-24-france\/","title":{"rendered":"Urbex Map France, Nouvelle-Aquitaine : Dordogne (24) (Acc\u00e8s 1 an)"},"content":{"rendered":"<p>Cette carte contient les lieux suivants :<\/p>\n<ul><li>Maison de retraite Dennis Nilsen<\/li><li>Ch\u00e2teau Repaire<\/li><li>Ch\u00e2teau L<\/li><li>Ch\u00e2teau du Tatou\u00e9<\/li><li>Ch\u00e2teau Herm<\/li><li>Maisons Dronne<\/li><li>Bo\u00eete de Nuit Le Scoop<\/li><li>Usine Couze<\/li><li>Ch\u00e2teau de la Lyre<\/li><li>H\u00f4tel des Suites<\/li><li>Horror Hospital \/ H\u00f4pital de l'horreur<\/li><li>Maison de l&#039;Eglise<\/li><li>Maison Nains Jaune<\/li><li>H\u00f4pital nazi<\/li><li>H\u00f4tel Laurent \/ H\u00f4tel du Canard<\/li><li>Eglise Ruine Gothique<\/li><li>Maison Sans Pareil<\/li><li>Ch\u00e2teau\nPigeon<\/li><li>Streetart Factory<\/li><li>Parc La Guinguette<\/li><li>Centre de vacances Sombre<\/li><li>Manoir Asian Hornet \/ Manoir Frelon Asiatique<\/li><li>Ferme FRTE<\/li><li>Ch\u00e2teau indien<\/li><li>Maison Bernier<\/li><\/ul>","protected":false},"excerpt":{"rendered":"<p>Cette carte de l'urbex vous fournit tous les lieux d'exploration urbaine (urbex) dans les pays suivants<strong> France, Nouvelle-Aquitaine : Dordogne (24).<\/strong> Cette carte des lieux perdus restera mise \u00e0 jour et accessible pendant au moins 365 jours apr\u00e8s l'achat.<\/p>\n<p>Cette carte contient actuellement 25 des lieux d'exploration urbaine les plus uniques en France, Nouvelle-Aquitaine : Dordogne (24) et est accessible depuis n'importe o\u00f9 gr\u00e2ce \u00e0 notre carte facile \u00e0 utiliser.<strong>.<\/strong><\/p>\n<p><strong>Si vous avez d\u00e9j\u00e0 ce pack, vous pouvez y acc\u00e9der via <a href=\"\/fr\/mon-compte-2-2\/espace-membres\/43905\/le-contenu-de-mon-adhesion\/\">Mes cartes &gt; Afficher.<\/a><\/strong><\/p>\n<p><a href=\"#tab-description\">Liste de tous les sites Urbex sur cette carte.<\/a><\/p>","protected":false},"featured_media":49091,"template":"","meta":[],"product_brand":[],"product_cat":[1073,226,322,1135,1349,235],"product_tag":[],"class_list":{"0":"post-48855","1":"product","2":"type-product","3":"status-publish","4":"has-post-thumbnail","6":"product_cat-dordogne-24","7":"product_cat-france","8":"product_cat-location-packs","9":"product_cat-maps-france","10":"product_cat-maps-nouvelle-aquitaine","11":"product_cat-nouvelle-aquitaine","13":"first","14":"instock","15":"virtual","16":"taxable","17":"purchasable","18":"product-type-simple"},"jetpack_sharing_enabled":true,"_links":{"self":[{"href":"https:\/\/urbex.direct\/fr\/wp-json\/wp\/v2\/product\/48855","targetHints":{"allow":["GET"]}}],"collection":[{"href":"https:\/\/urbex.direct\/fr\/wp-json\/wp\/v2\/product"}],"about":[{"href":"https:\/\/urbex.direct\/fr\/wp-json\/wp\/v2\/types\/product"}],"wp:featuredmedia":[{"embeddable":true,"href":"https:\/\/urbex.direct\/fr\/wp-json\/wp\/v2\/media\/49091"}],"wp:attachment":[{"href":"https:\/\/urbex.direct\/fr\/wp-json\/wp\/v2\/media?parent=48855"}],"wp:term":[{"taxonomy":"product_brand","embeddable":true,"href":"https:\/\/urbex.direct\/fr\/wp-json\/wp\/v2\/product_brand?post=48855"},{"taxonomy":"product_cat","embeddable":true,"href":"https:\/\/urbex.direct\/fr\/wp-json\/wp\/v2\/product_cat?post=48855"},{"taxonomy":"product_tag","embeddable":true,"href":"https:\/\/urbex.direct\/fr\/wp-json\/wp\/v2\/product_tag?post=48855"}],"curies":[{"name":"wp","href":"https:\/\/api.w.org\/{rel}","templated":true}]}}