{"id":48851,"date":"2023-09-21T09:08:59","date_gmt":"2023-09-21T08:08:59","guid":{"rendered":"https:\/\/urbex.direct\/?post_type=product&#038;p=48851"},"modified":"2024-06-20T08:53:30","modified_gmt":"2024-06-20T07:53:30","slug":"carte-de-localisation-seine-et-marne-77-france","status":"publish","type":"product","link":"https:\/\/urbex.direct\/fr\/product\/location-map-seine-et-marne-77-france\/","title":{"rendered":"Urbex Map France, \u00cele-de-France : Seine-et-Marne (77) (Acc\u00e8s 1 an)"},"content":{"rendered":"<div class=\"ql-block\" data-block-id=\"block-a01928d9-6766-401c-b88c-53e7fc62ff67\">Cette carte contient les lieux suivants :<\/div>\n<div data-block-id=\"block-a01928d9-6766-401c-b88c-53e7fc62ff67\"><\/div>\n<div class=\"ql-block\" data-block-id=\"block-95c59a9f-caf1-489c-8f6a-b5d531e2b0fa\"><ul><li>Usine Meltingburg<\/li><li>Ch\u00e2teau Baia<\/li><li>Le Poisson Dore<\/li><li>Industries abandonn\u00e9es<\/li><li>Piscine<\/li><li>Ch\u00e2teau Tennis<\/li><li>Manoir Colima\u00e7on<\/li><li>H\u00f4pital MJ<\/li><li>Maison de Clinique \/ Maison Cham<\/li><li>Batterie de Guerre<\/li><li>Ch\u00e2teau des Faisans<\/li><li>Ch\u00e2teau Popkov<\/li><li>Ch\u00e2teau Gryffondor \/ Ch\u00e2teau Social<\/li><li>Domaine de la Renaissance<\/li><li>Maison Jungle<\/li><li>La Soupe Aux Choux<\/li><li>Garage pittoresque \/ Garage Rolls<\/li><li>Cimeti\u00e8re de Bateaux Madelaine<\/li><li>Maison Skyzo<\/li><li>Sans toit<\/li><li>Ch\u00e2teau Mesrine<\/li><li>Stockage hospitalier<\/li><li>Cimeti\u00e8re de bus<\/li><li>Eglise Indiana Jones<\/li><li>Ch\u00e2teau Bien-\u00eatre<\/li><li>Ferme avec grandes serres<\/li><li>Piscine la Plage<\/li><li>Usine d&#039;usinage<\/li><li>Usine judiciaire<\/li><\/ul><\/div>","protected":false},"excerpt":{"rendered":"<p>Cette carte de l'urbex vous fournit tous les lieux d'exploration urbaine (urbex) dans les pays suivants<strong> France, <\/strong><strong>\u00cele-de-France<\/strong><strong>: Seine-et-Marne (77).<\/strong> Cette carte des lieux perdus restera mise \u00e0 jour et accessible pendant au moins 365 jours apr\u00e8s l'achat.<\/p>\n<p>Cette carte contient actuellement 29 des lieux d'exploration urbaine les plus uniques en France, \u00cele-de-France : Seine-et-Marne (77) et est accessible depuis n'importe o\u00f9 gr\u00e2ce \u00e0 notre carte facile \u00e0 utiliser.<strong>.<\/strong><\/p>\n<p><strong>Si vous avez d\u00e9j\u00e0 ce pack, vous pouvez y acc\u00e9der via <a href=\"\/fr\/mon-compte-2-2\/espace-membres\/43905\/le-contenu-de-mon-adhesion\/\">Mes cartes &gt; Afficher.<\/a><\/strong><\/p>\n<p><a href=\"#tab-description\">Liste de tous les sites Urbex sur cette carte.<\/a><\/p>","protected":false},"featured_media":49145,"template":"","meta":[],"product_brand":[],"product_cat":[226,233,322,1135,1343,1059],"product_tag":[],"class_list":{"0":"post-48851","1":"product","2":"type-product","3":"status-publish","4":"has-post-thumbnail","6":"product_cat-france","7":"product_cat-ile-de-france","8":"product_cat-location-packs","9":"product_cat-maps-france","10":"product_cat-maps-ile-de-france","11":"product_cat-seine-et-marne-77","13":"first","14":"instock","15":"virtual","16":"taxable","17":"purchasable","18":"product-type-simple"},"jetpack_sharing_enabled":true,"_links":{"self":[{"href":"https:\/\/urbex.direct\/fr\/wp-json\/wp\/v2\/product\/48851","targetHints":{"allow":["GET"]}}],"collection":[{"href":"https:\/\/urbex.direct\/fr\/wp-json\/wp\/v2\/product"}],"about":[{"href":"https:\/\/urbex.direct\/fr\/wp-json\/wp\/v2\/types\/product"}],"wp:featuredmedia":[{"embeddable":true,"href":"https:\/\/urbex.direct\/fr\/wp-json\/wp\/v2\/media\/49145"}],"wp:attachment":[{"href":"https:\/\/urbex.direct\/fr\/wp-json\/wp\/v2\/media?parent=48851"}],"wp:term":[{"taxonomy":"product_brand","embeddable":true,"href":"https:\/\/urbex.direct\/fr\/wp-json\/wp\/v2\/product_brand?post=48851"},{"taxonomy":"product_cat","embeddable":true,"href":"https:\/\/urbex.direct\/fr\/wp-json\/wp\/v2\/product_cat?post=48851"},{"taxonomy":"product_tag","embeddable":true,"href":"https:\/\/urbex.direct\/fr\/wp-json\/wp\/v2\/product_tag?post=48851"}],"curies":[{"name":"wp","href":"https:\/\/api.w.org\/{rel}","templated":true}]}}