{"id":48850,"date":"2023-09-21T09:08:13","date_gmt":"2023-09-21T08:08:13","guid":{"rendered":"https:\/\/urbex.direct\/?post_type=product&#038;p=48850"},"modified":"2024-06-20T08:53:18","modified_gmt":"2024-06-20T07:53:18","slug":"carte-essonne-91-france","status":"publish","type":"product","link":"https:\/\/urbex.direct\/fr\/product\/location-map-essonne-91-france\/","title":{"rendered":"Urbex Map France, \u00cele-de-France : Essonne (91) (Acc\u00e8s 1 an)"},"content":{"rendered":"<div class=\"ql-block\" data-block-id=\"block-a01928d9-6766-401c-b88c-53e7fc62ff67\">Cette carte contient les lieux suivants :<\/div>\n<div data-block-id=\"block-a01928d9-6766-401c-b88c-53e7fc62ff67\"><\/div>\n<div class=\"ql-block\" data-block-id=\"block-95c59a9f-caf1-489c-8f6a-b5d531e2b0fa\"><ul><li>Maison Norman<\/li><li>Station de Pompage<\/li><li>Bureaux Libert\u00e9s<\/li><li>Usine JK<\/li><li>H\u00f4pital CB<\/li><li>Maxi morgue<\/li><li>HippoDr\u00f4me<\/li><li>Maison Alphonse Daudet<\/li><li>Manoir H\u00e9l\u00e8ne<\/li><li>Ch\u00e2teau Barbusse<\/li><li>Ch\u00e2teau du Chat Mort<\/li><li>Gare Atrigo \/ Gare Wissous<\/li><li>Piscine Abandonn\u00e9e<\/li><li>Abattoir<\/li><li>Gril perdu<\/li><li>Centre d&#039;artiste<\/li><li>Cirque V \/ \u00c9cole de cirque<\/li><li>Manoir Trois Colonnes<\/li><li>Ch\u00e2teau Foss\u00e9<\/li><li>Ch\u00e2teau \u00e0 L&#039;horloge<\/li><li>Ch\u00e2teau Hitler<\/li><li>Zoo du G\u00e9n\u00e9ral<\/li><li>L'avenir d'Orphelinat<\/li><li>Villa Barby<\/li><li>Francs etoupes<\/li><li>Ch\u00e2teau \u00e9toupes<\/li><li>Villa voisine<\/li><li>Syst\u00e8me Usine X<\/li><li>Villa Ongaria<\/li><li>Monast\u00e8re au Moine<\/li><li>Morgue Dead \/ Morgue Braindead \/ Morgue mort c\u00e9r\u00e9brale<\/li><li>Ch\u00e2teau Malfrat \/ Ch\u00e2teau au buste rouge<\/li><li>Centre a\u00e9r\u00e9<\/li><li>Villa tour de contr\u00f4le<\/li><li>Enfance de GIF<\/li><li>Maison des marais<\/li><li>Manoir Casanova<\/li><li>Petit Pavillon<\/li><li>Maison Champion<\/li><li>\u00c9paves de bateaux fluviaux<\/li><li>Gare Perdue ES<\/li><\/ul><\/div>","protected":false},"excerpt":{"rendered":"<p>Cette carte de l'urbex vous fournit tous les lieux d'exploration urbaine (urbex) dans les pays suivants<strong> France, <\/strong><strong>\u00cele-de-France<\/strong><strong>: Essonne (91).<\/strong> Cette carte des lieux perdus restera mise \u00e0 jour et accessible pendant au moins 365 jours apr\u00e8s l'achat.<\/p>\n<p>Cette carte contient actuellement 41 des lieux d'exploration urbaine les plus uniques en France, \u00cele-de-France : Essonne (91) et est accessible depuis n'importe o\u00f9 gr\u00e2ce \u00e0 notre carte facile \u00e0 utiliser.<strong>.<\/strong><\/p>\n<p><strong>Si vous avez d\u00e9j\u00e0 ce pack, vous pouvez y acc\u00e9der via <a href=\"\/fr\/mon-compte-2-2\/espace-membres\/43905\/le-contenu-de-mon-adhesion\/\">Mes cartes &gt; Afficher.<\/a><\/strong><\/p>\n<p><a href=\"#tab-description\">Liste de tous les sites Urbex sur cette carte.<\/a><\/p>","protected":false},"featured_media":49147,"template":"","meta":[],"product_brand":[],"product_cat":[1061,226,233,322,1135,1343],"product_tag":[],"class_list":{"0":"post-48850","1":"product","2":"type-product","3":"status-publish","4":"has-post-thumbnail","6":"product_cat-essonne-91","7":"product_cat-france","8":"product_cat-ile-de-france","9":"product_cat-location-packs","10":"product_cat-maps-france","11":"product_cat-maps-ile-de-france","13":"first","14":"instock","15":"virtual","16":"taxable","17":"purchasable","18":"product-type-simple"},"jetpack_sharing_enabled":true,"_links":{"self":[{"href":"https:\/\/urbex.direct\/fr\/wp-json\/wp\/v2\/product\/48850","targetHints":{"allow":["GET"]}}],"collection":[{"href":"https:\/\/urbex.direct\/fr\/wp-json\/wp\/v2\/product"}],"about":[{"href":"https:\/\/urbex.direct\/fr\/wp-json\/wp\/v2\/types\/product"}],"wp:featuredmedia":[{"embeddable":true,"href":"https:\/\/urbex.direct\/fr\/wp-json\/wp\/v2\/media\/49147"}],"wp:attachment":[{"href":"https:\/\/urbex.direct\/fr\/wp-json\/wp\/v2\/media?parent=48850"}],"wp:term":[{"taxonomy":"product_brand","embeddable":true,"href":"https:\/\/urbex.direct\/fr\/wp-json\/wp\/v2\/product_brand?post=48850"},{"taxonomy":"product_cat","embeddable":true,"href":"https:\/\/urbex.direct\/fr\/wp-json\/wp\/v2\/product_cat?post=48850"},{"taxonomy":"product_tag","embeddable":true,"href":"https:\/\/urbex.direct\/fr\/wp-json\/wp\/v2\/product_tag?post=48850"}],"curies":[{"name":"wp","href":"https:\/\/api.w.org\/{rel}","templated":true}]}}