{"id":48848,"date":"2023-09-21T09:06:45","date_gmt":"2023-09-21T08:06:45","guid":{"rendered":"https:\/\/urbex.direct\/?post_type=product&#038;p=48848"},"modified":"2024-06-20T08:52:19","modified_gmt":"2024-06-20T07:52:19","slug":"carte-de-localisation-pas-de-calais-62-france","status":"publish","type":"product","link":"https:\/\/urbex.direct\/fr\/product\/location-map-pas-de-calais-62-france\/","title":{"rendered":"Urbex Map France, Hauts-de-France : Pas-de-Calais (62) (Acc\u00e8s 1 an)"},"content":{"rendered":"<p>Cette carte contient les lieux suivants :<\/p>\n<ul><li>Car-Tune<\/li><li>Ch\u00e2teau de l&amp;#039 ; Elan<\/li><li>La fi\u00e8vre des fibres<\/li><li>Lord Grey<\/li><li>Maison aux Plantes<\/li><li>Manoir Grano<\/li><li>Oncle Donald<\/li><li>Veste Maison<\/li><li>Ferme Leclerc<\/li><li>H\u00f4pital du B\u00e9b\u00e9 qui Pleure<\/li><li>Ferme Lam<\/li><li>Chapelle du Roy<\/li><li>Maison du d\u00e9pressif<\/li><li>Gare Maritime \/ Ferry Station<\/li><li>Manoir Pendulum<\/li><li>Maison Marionenettes<\/li><li>Villa Anglais<\/li><li>Maison Papillon Bleu<\/li><li>Manoir de l&#039;Aristocrate \/ Ferme d&#039;Agatha<\/li><li>Manoir de Gotna<\/li><li>Ferme Paradise<\/li><li>Ch\u00e2teau Jonquille<\/li><li>Mine du Grimpeur<\/li><li>Maison Tacot<\/li><li>La Morgue de Dieu<\/li><li>La Ferme Paradis<\/li><li>Maison Gepetto<\/li><li>Manoir R\u00e9surrection<\/li><li>Voiture Tetris \/ Tetris Cars<\/li><li>Ferme Merlier<\/li><li>Maison Seimreh<\/li><li>Maison du Table<\/li><li>Restaurant Tipi<\/li><li>Usine Verte<\/li><li>Garde \u00e0 vue<\/li><li>Les anciens b\u00e2timents miniers<\/li><li>Maison Bies<\/li><li>Maison Tartar<\/li><li>La maison d'hiver<\/li><li>Manoir Jeu de Dames<\/li><li>Maison de la nature<\/li><li>Maison Groundkeeper<\/li><li>Les champs de bunkers<\/li><li>Ferme Cornet \/ Van Farm<\/li><li>Club Osmose<\/li><li>Ferme de l'oncle Joe<\/li><li>Clinique de maternit\u00e9<\/li><li>La Vache Folle<\/li><\/ul>","protected":false},"excerpt":{"rendered":"<p>Cette carte de l'urbex vous fournit tous les lieux d'exploration urbaine (urbex) dans les pays suivants<strong> France, <\/strong><strong>Hauts-de-France<\/strong><strong>: Pas-de-Calais (62).<\/strong>\u00a0Cette carte des lieux perdus restera mise \u00e0 jour et accessible pendant au moins 365 jours apr\u00e8s l'achat.<\/p>\n<p>Cette carte contient actuellement 48 des lieux d'exploration urbaine les plus uniques en France, Hauts-de-France : Pas-de-Calais (62) et est accessible depuis n'importe o\u00f9 gr\u00e2ce \u00e0 notre carte facile \u00e0 utiliser.<strong>.<\/strong><\/p>\n<p><strong>Si vous avez d\u00e9j\u00e0 ce pack, vous pouvez y acc\u00e9der via <a href=\"\/fr\/mon-compte-2-2\/espace-membres\/43905\/le-contenu-de-mon-adhesion\/\">Mes cartes &gt; Afficher.<\/a><\/strong><\/p>\n<p><a href=\"#tab-description\">Liste de tous les sites Urbex sur cette carte.<\/a><\/p>","protected":false},"featured_media":49116,"template":"","meta":[],"product_brand":[],"product_cat":[226,232,322,1135,1342,1054],"product_tag":[],"class_list":{"0":"post-48848","1":"product","2":"type-product","3":"status-publish","4":"has-post-thumbnail","6":"product_cat-france","7":"product_cat-hauts-de-france","8":"product_cat-location-packs","9":"product_cat-maps-france","10":"product_cat-maps-hauts-de-france","11":"product_cat-pas-de-calais-62","13":"first","14":"instock","15":"virtual","16":"taxable","17":"purchasable","18":"product-type-simple"},"jetpack_sharing_enabled":true,"_links":{"self":[{"href":"https:\/\/urbex.direct\/fr\/wp-json\/wp\/v2\/product\/48848","targetHints":{"allow":["GET"]}}],"collection":[{"href":"https:\/\/urbex.direct\/fr\/wp-json\/wp\/v2\/product"}],"about":[{"href":"https:\/\/urbex.direct\/fr\/wp-json\/wp\/v2\/types\/product"}],"wp:featuredmedia":[{"embeddable":true,"href":"https:\/\/urbex.direct\/fr\/wp-json\/wp\/v2\/media\/49116"}],"wp:attachment":[{"href":"https:\/\/urbex.direct\/fr\/wp-json\/wp\/v2\/media?parent=48848"}],"wp:term":[{"taxonomy":"product_brand","embeddable":true,"href":"https:\/\/urbex.direct\/fr\/wp-json\/wp\/v2\/product_brand?post=48848"},{"taxonomy":"product_cat","embeddable":true,"href":"https:\/\/urbex.direct\/fr\/wp-json\/wp\/v2\/product_cat?post=48848"},{"taxonomy":"product_tag","embeddable":true,"href":"https:\/\/urbex.direct\/fr\/wp-json\/wp\/v2\/product_tag?post=48848"}],"curies":[{"name":"wp","href":"https:\/\/api.w.org\/{rel}","templated":true}]}}