{"id":48847,"date":"2023-09-21T09:05:42","date_gmt":"2023-09-21T08:05:42","guid":{"rendered":"https:\/\/urbex.direct\/?post_type=product&#038;p=48847"},"modified":"2024-06-20T08:52:00","modified_gmt":"2024-06-20T07:52:00","slug":"location-map-oise-60-france","status":"publish","type":"product","link":"https:\/\/urbex.direct\/fr\/product\/location-map-oise-60-france\/","title":{"rendered":"Urbex Map France, Hauts-de-France : Oise (60) (Acc\u00e8s 1 an)"},"content":{"rendered":"<p>Cette carte contient les lieux suivants :<\/p>\n<ul><li>Ferme Cibloy<\/li><li>Ch\u00e2teau du Monaca<\/li><li>Maison des Livres<\/li><li>Ch\u00e2teau De Fruminet<\/li><li>Sanatorium Delirium Sanatorium Nestor Pirotte<\/li><li>Monast\u00e8re Mor<\/li><li>Manoir du Pharmacien<\/li><li>Ch\u00e2teau MM<\/li><li>Cimeti\u00e8re Profan\u00e9<\/li><li>Manoir aux milles livres<\/li><li>Ch\u00e2teau O<\/li><li>Ferme du Collectionneur<\/li><li>Maison Menthe<\/li><li>Manoir Da Vinci<\/li><li>\u00c9curie H<\/li><li>Ch\u00e2teau du Menillet<\/li><li>Ch\u00e2teau Piano<\/li><li>Chaufferie Prison<\/li><li>Administration p\u00e9nitentiaire<\/li><li>Champ de Tir<\/li><li>Piscine Eau Verte<\/li><li>Disco Fightclub<\/li><li>Chapelle Mello<\/li><li>Chapelle Messie<\/li><li>Villa Safari<\/li><li>Maison du Nudiste<\/li><li>Maison machiav\u00e9lique<\/li><li>Ferme du Moyen \u00c2ge<\/li><li>Ferme avec mini maison<\/li><li>Maison N-Zelande<\/li><li>Camp de nudiste<\/li><li>Le cimeti\u00e8re de voitures<\/li><li>Usine Fondrax<\/li><li>Comit\u00e9 Jacob<\/li><li>Manoir Jacqueline<\/li><li>Maison de la Pointe<\/li><li>Grande maison avec anciennes voitures abandonn\u00e9es<\/li><li>Manoir B\u00e9b\u00e9<\/li><li>Maison des ann\u00e9es 70<\/li><li>Ferme de Champagne<\/li><li>Maison du Fumeur<\/li><li>Le manoir du Meurtre<\/li><li>Le Piano Fant\u00f4me<\/li><\/ul>","protected":false},"excerpt":{"rendered":"<p>Cette carte de l'urbex vous fournit tous les lieux d'exploration urbaine (urbex) dans les pays suivants<strong> France, <\/strong><strong>Hauts-de-France<\/strong><strong>: Oise (60).<\/strong> Cette carte des lieux perdus restera mise \u00e0 jour et accessible pendant au moins 365 jours apr\u00e8s l'achat.<\/p>\n<p>Cette carte contient actuellement 43 des lieux d'exploration urbaine les plus uniques en France, Hauts-de-France : Oise (60) et est accessible depuis n'importe o\u00f9 gr\u00e2ce \u00e0 notre carte facile \u00e0 utiliser.<strong>.<\/strong><\/p>\n<p><strong>Si vous avez d\u00e9j\u00e0 ce pack, vous pouvez y acc\u00e9der via <a href=\"\/fr\/mon-compte-2-2\/espace-membres\/43905\/le-contenu-de-mon-adhesion\/\">Mes cartes &gt; Afficher.<\/a><\/strong><\/p>\n<p><a href=\"#tab-description\">Liste de tous les sites Urbex sur cette carte.<\/a><\/p>","protected":false},"featured_media":49119,"template":"","meta":[],"product_brand":[],"product_cat":[226,232,322,1135,1342,1056],"product_tag":[],"class_list":{"0":"post-48847","1":"product","2":"type-product","3":"status-publish","4":"has-post-thumbnail","6":"product_cat-france","7":"product_cat-hauts-de-france","8":"product_cat-location-packs","9":"product_cat-maps-france","10":"product_cat-maps-hauts-de-france","11":"product_cat-oise-60","13":"first","14":"instock","15":"virtual","16":"taxable","17":"purchasable","18":"product-type-simple"},"jetpack_sharing_enabled":true,"_links":{"self":[{"href":"https:\/\/urbex.direct\/fr\/wp-json\/wp\/v2\/product\/48847","targetHints":{"allow":["GET"]}}],"collection":[{"href":"https:\/\/urbex.direct\/fr\/wp-json\/wp\/v2\/product"}],"about":[{"href":"https:\/\/urbex.direct\/fr\/wp-json\/wp\/v2\/types\/product"}],"wp:featuredmedia":[{"embeddable":true,"href":"https:\/\/urbex.direct\/fr\/wp-json\/wp\/v2\/media\/49119"}],"wp:attachment":[{"href":"https:\/\/urbex.direct\/fr\/wp-json\/wp\/v2\/media?parent=48847"}],"wp:term":[{"taxonomy":"product_brand","embeddable":true,"href":"https:\/\/urbex.direct\/fr\/wp-json\/wp\/v2\/product_brand?post=48847"},{"taxonomy":"product_cat","embeddable":true,"href":"https:\/\/urbex.direct\/fr\/wp-json\/wp\/v2\/product_cat?post=48847"},{"taxonomy":"product_tag","embeddable":true,"href":"https:\/\/urbex.direct\/fr\/wp-json\/wp\/v2\/product_tag?post=48847"}],"curies":[{"name":"wp","href":"https:\/\/api.w.org\/{rel}","templated":true}]}}