{"id":48846,"date":"2023-09-21T08:57:50","date_gmt":"2023-09-21T07:57:50","guid":{"rendered":"https:\/\/urbex.direct\/?post_type=product&#038;p=48846"},"modified":"2024-06-20T08:51:51","modified_gmt":"2024-06-20T07:51:51","slug":"carte-de-localisation-nord-59-france","status":"publish","type":"product","link":"https:\/\/urbex.direct\/fr\/product\/location-map-nord-59-france\/","title":{"rendered":"Urbex Map France, Hauts-de-France : Nord (59) (Acc\u00e8s 1 an)"},"content":{"rendered":"<p>Cette carte contient les lieux suivants :<\/p>\n<ul><li>Manoir 1800<\/li><li>Maison Queue de Faisan<\/li><li>Usine Tropica<\/li><li>Fabrique de canards<\/li><li>Villa Alphonse<\/li><li>Usine de Bi\u00e8res<\/li><li>Maison Leko<\/li><li>Usine de 1932<\/li><li>El\u00e9phant de la m\u00e9moire \/ Lost Elephant<\/li><li>Usine Standart S A<\/li><li>Clinique du Maternit\u00e9<\/li><li>Chapel La Barbe \/ Beard Chapel<\/li><li>Brickyard fum\u00e9<\/li><li>Ch\u00e2teau de l&#039;Empire \/ Ch\u00e2teau du G\u00e9n\u00e9ral Vandamme<\/li><li>Manoir Porsche<\/li><li>Ferme Aux Obus \/ Ferme Quality Street<\/li><li>H\u00f4pital G<\/li><li>Ferme Crucifix<\/li><li>Brasserie C<\/li><li>Avion bleu 2.0<\/li><li>Disco Silo<\/li><li>Usine Camus<\/li><li>Maison Horizon<\/li><li>Maison Meunier<\/li><li>Ch\u00e2teau Frakacet<\/li><li>Maison Calmette<\/li><li>Train Graveyard \/ Trains d'un autre monde<\/li><li>Eglise de la d\u00e9solation<\/li><li>Discoth\u00e8que antique<\/li><li>Maison Mickey<\/li><li>Maison FlipFlop<\/li><li>Maison disparue<\/li><li>Entrep\u00f4t dans la for\u00eat<\/li><li>Maison Fleury<\/li><li>Maison Gestapo<\/li><li>Maison Volt<\/li><li>L'ancienne usine ferroviaire<\/li><li>Manoir Bourgeois<\/li><li>Ferme Nationale<\/li><li>Maison Salva<\/li><li>Maison des chemins de fer<\/li><li>Maison avec probl\u00e8me de construction<\/li><li>Ch\u00e2teau des Douaniers<\/li><li>Fort M<\/li><li>Fort M 2<\/li><li>Fort M 3<\/li><li>Fort M 4<\/li><li>Centre Cultura<\/li><li>Garage Fina<\/li><li>Maison du P\u00eacheur<\/li><li>Piscine Tournesol 4<\/li><li>Centrale H<\/li><li>Maison des chatons<\/li><li>Maison au milieu<\/li><li>Bowling dans l'espace<\/li><li>Maison Cloch<\/li><li>Maison de fer<\/li><li>Entrepot d\u00e9labr\u00e9<\/li><li>La maison de r\u00eave blanche<\/li><li>Maison Watchtower<\/li><li>Maisons tordues<\/li><li>L'attaque du titan<\/li><li>Maison fig\u00e9e dans le temps<\/li><\/ul>","protected":false},"excerpt":{"rendered":"<p>Cette carte de l'urbex vous fournit tous les lieux d'exploration urbaine (urbex) dans les pays suivants<strong> France, <\/strong><strong>Hauts-de-France<\/strong><strong>: Nord (59).<\/strong> Cette carte des lieux perdus restera mise \u00e0 jour et accessible pendant au moins 365 jours apr\u00e8s l'achat.<\/p>\n<p>Cette carte contient actuellement 63 des lieux d'exploration urbaine les plus uniques en France, Hauts-de-France : Nord (59) et est accessible depuis n'importe o\u00f9 gr\u00e2ce \u00e0 notre carte facile \u00e0 utiliser.<strong>.<\/strong><\/p>\n<p><strong>Si vous avez d\u00e9j\u00e0 ce pack, vous pouvez y acc\u00e9der via <a href=\"\/fr\/mon-compte-2-2\/espace-membres\/43905\/le-contenu-de-mon-adhesion\/\">Mes cartes &gt; Afficher.<\/a><\/strong><\/p>\n<p><a href=\"#tab-description\">Liste de tous les sites Urbex sur cette carte.<\/a><\/p>","protected":false},"featured_media":49067,"template":"","meta":[],"product_brand":[],"product_cat":[226,232,322,1135,1342,1053],"product_tag":[],"class_list":{"0":"post-48846","1":"product","2":"type-product","3":"status-publish","4":"has-post-thumbnail","6":"product_cat-france","7":"product_cat-hauts-de-france","8":"product_cat-location-packs","9":"product_cat-maps-france","10":"product_cat-maps-hauts-de-france","11":"product_cat-nord-59","13":"first","14":"instock","15":"virtual","16":"taxable","17":"purchasable","18":"product-type-simple"},"jetpack_sharing_enabled":true,"_links":{"self":[{"href":"https:\/\/urbex.direct\/fr\/wp-json\/wp\/v2\/product\/48846","targetHints":{"allow":["GET"]}}],"collection":[{"href":"https:\/\/urbex.direct\/fr\/wp-json\/wp\/v2\/product"}],"about":[{"href":"https:\/\/urbex.direct\/fr\/wp-json\/wp\/v2\/types\/product"}],"wp:featuredmedia":[{"embeddable":true,"href":"https:\/\/urbex.direct\/fr\/wp-json\/wp\/v2\/media\/49067"}],"wp:attachment":[{"href":"https:\/\/urbex.direct\/fr\/wp-json\/wp\/v2\/media?parent=48846"}],"wp:term":[{"taxonomy":"product_brand","embeddable":true,"href":"https:\/\/urbex.direct\/fr\/wp-json\/wp\/v2\/product_brand?post=48846"},{"taxonomy":"product_cat","embeddable":true,"href":"https:\/\/urbex.direct\/fr\/wp-json\/wp\/v2\/product_cat?post=48846"},{"taxonomy":"product_tag","embeddable":true,"href":"https:\/\/urbex.direct\/fr\/wp-json\/wp\/v2\/product_tag?post=48846"}],"curies":[{"name":"wp","href":"https:\/\/api.w.org\/{rel}","templated":true}]}}