{"id":48830,"date":"2023-09-20T09:58:58","date_gmt":"2023-09-20T08:58:58","guid":{"rendered":"https:\/\/urbex.direct\/?post_type=product&#038;p=48830"},"modified":"2024-06-20T08:46:14","modified_gmt":"2024-06-20T07:46:14","slug":"location-map-aube-10-france","status":"publish","type":"product","link":"https:\/\/urbex.direct\/fr\/product\/location-map-aube-10-france\/","title":{"rendered":"Urbex Map France, Grand Est : Aube (10) (Acc\u00e8s 1 an)"},"content":{"rendered":"<p>Cette carte contient les lieux suivants :<\/p>\n<ul><li>Cimeti\u00e8re d'avions<\/li><li>Ch\u00e2teau Bourgeois<\/li><li>Ch\u00e2teau de la chaise<\/li><li>Tr\u00e9sor de Guerre<\/li><li>Usine Saint-Julien<\/li><li>Fabrique de pieds<\/li><li>Villa Tarcas<\/li><li>Vehicules Perdus<\/li><li>Ancien a\u00e9rodrome<\/li><li>Usine Malfoy \/ La grande usine abandonn\u00e9e<\/li><li>Chapel of the Dead \/ Chapelle des Morts<\/li><li>Ch\u00e2teau Hector \/ Ch\u00e2teau du Pr\u00e9sident<\/li><li>Maisons Fiesta \/ Maison Jumelles<\/li><li>La collection de bagnoles<\/li><li>Maison d'Alekse\u00ef \/ Car Collection<\/li><li>Manoir petroucka \/ Maison Russia \/ Maison Poudine<\/li><li>Maison des ann\u00e9es 90 \/ Timecapsule des ann\u00e9es 90<\/li><li>La discoth\u00e8que Tipi<\/li><li>Maison PapiPapi<\/li><li>Le rep\u00e8re des Pirates \/ Boat Graveyard<\/li><li>Restaurant de Castor<\/li><li>Maison moineaux<\/li><li>Teinturerie des Moines<\/li><li>Ecole 1934<\/li><li>Maison Alcohol Addict<\/li><\/ul>","protected":false},"excerpt":{"rendered":"<p>Cette carte de l'urbex vous fournit tous les lieux d'exploration urbaine (urbex) dans les pays suivants<strong> France, <\/strong><strong>Grand Est<\/strong><strong>: Aube (10).<\/strong> Cette carte des lieux perdus restera mise \u00e0 jour et accessible pendant au moins 365 jours apr\u00e8s l'achat.<\/p>\n<p>Cette carte contient actuellement 25 des lieux d'exploration urbaine les plus uniques de France, Grand Est : Aube (10) et est accessible depuis n'importe o\u00f9 gr\u00e2ce \u00e0 notre carte facile \u00e0 utiliser.<strong>.<\/strong><\/p>\n<p><strong>Si vous avez d\u00e9j\u00e0 ce pack, vous pouvez y acc\u00e9der via <a href=\"\/fr\/mon-compte-2-2\/espace-membres\/43905\/le-contenu-de-mon-adhesion\/\">Mes cartes &gt; Afficher.<\/a><\/strong><\/p>","protected":false},"featured_media":49133,"template":"","meta":[],"product_brand":[],"product_cat":[1046,226,231,322,1135,1341],"product_tag":[],"class_list":{"0":"post-48830","1":"product","2":"type-product","3":"status-publish","4":"has-post-thumbnail","6":"product_cat-aube-10","7":"product_cat-france","8":"product_cat-grand-est","9":"product_cat-location-packs","10":"product_cat-maps-france","11":"product_cat-maps-grand-est","13":"first","14":"instock","15":"virtual","16":"taxable","17":"purchasable","18":"product-type-simple"},"jetpack_sharing_enabled":true,"_links":{"self":[{"href":"https:\/\/urbex.direct\/fr\/wp-json\/wp\/v2\/product\/48830","targetHints":{"allow":["GET"]}}],"collection":[{"href":"https:\/\/urbex.direct\/fr\/wp-json\/wp\/v2\/product"}],"about":[{"href":"https:\/\/urbex.direct\/fr\/wp-json\/wp\/v2\/types\/product"}],"wp:featuredmedia":[{"embeddable":true,"href":"https:\/\/urbex.direct\/fr\/wp-json\/wp\/v2\/media\/49133"}],"wp:attachment":[{"href":"https:\/\/urbex.direct\/fr\/wp-json\/wp\/v2\/media?parent=48830"}],"wp:term":[{"taxonomy":"product_brand","embeddable":true,"href":"https:\/\/urbex.direct\/fr\/wp-json\/wp\/v2\/product_brand?post=48830"},{"taxonomy":"product_cat","embeddable":true,"href":"https:\/\/urbex.direct\/fr\/wp-json\/wp\/v2\/product_cat?post=48830"},{"taxonomy":"product_tag","embeddable":true,"href":"https:\/\/urbex.direct\/fr\/wp-json\/wp\/v2\/product_tag?post=48830"}],"curies":[{"name":"wp","href":"https:\/\/api.w.org\/{rel}","templated":true}]}}