{"id":48828,"date":"2023-09-20T09:56:25","date_gmt":"2023-09-20T08:56:25","guid":{"rendered":"https:\/\/urbex.direct\/?post_type=product&#038;p=48828"},"modified":"2024-06-20T08:42:09","modified_gmt":"2024-06-20T07:42:09","slug":"carte-de-localisation-finistere-29-france","status":"publish","type":"product","link":"https:\/\/urbex.direct\/fr\/product\/location-map-finistere-29-france\/","title":{"rendered":"Urbex Map France, Bretagne : Finist\u00e8re (29) (Acc\u00e8s 1 an)"},"content":{"rendered":"<p>Cette carte contient les lieux suivants :<\/p>\n\n\n\n<ul><li>Sanatorium Dangih \/ Huelgoat<\/li><li>R\u00e9parateur Automobile<\/li><li>Ch\u00e2teau Gargouilles<\/li><li>Parc Jurastel<\/li><li>Prison de Pontaniou Frankreich<\/li><li>Maison de l'Architecte<\/li><li>H\u00f4tel Beausejour<\/li><li>Navires fant\u00f4mes<\/li><li>Le Cimeti\u00e8re de Bateaux<\/li><li>Gite Roz Trefeux<\/li><li>Ch\u00e2teau Jaycee Dugard \/ Jaycee Dugard Castle<\/li><li>Ecole Papa Denke<\/li><li>Couvent des n\u00e9cessiteux<\/li><li>Maison Folles<\/li><li>Sanatoriums grand air<\/li><li>Maison du d\u00e9molisseur<\/li><li>Ch\u00e2teau des Druides<\/li><li>R\u00e9sidence mal\u00e9fique<\/li><li>Maison Derniere Danse<\/li><li>Usine sur la plage<\/li><li>Maison de l'anglais en for\u00eat<\/li><li>Maison vide pontla<\/li><li>\u00c9pave verte<\/li><li>Beaucoup de Forts avec un tank 1<\/li><li>Beaucoup de Forts avec un char 2<\/li><li>Beaucoup de Forts avec un tank 3 - Le Tank<\/li><li>Beaucoup de Forts avec un tank 4<\/li><li>Beaucoup de Forts avec un tank 5<\/li><li>Beaucoup de Forts avec un char 6<\/li><li>Beaucoup de Forts avec un char 7<\/li><li>20 ans de naufrages<\/li><li>Maison Palm<\/li><li>Bateaux oubli\u00e9s<\/li><li>The Red Wrecks \/ The two survivors \/ Les deux survivants<\/li><\/ul>","protected":false},"excerpt":{"rendered":"<p>Cette carte de l'urbex vous fournit tous les lieux d'exploration urbaine (urbex) dans les pays suivants<strong> France, Bretagne : Finist\u00e8re (29).<\/strong> Cette carte des lieux perdus restera mise \u00e0 jour et accessible pendant au moins 365 jours apr\u00e8s l'achat.<\/p>\n<p>Cette carte contient actuellement 34 des lieux d'exploration urbaine les plus uniques en France, Bretagne : Finist\u00e8re (29) et est accessible depuis n'importe o\u00f9 gr\u00e2ce \u00e0 notre carte facile \u00e0 utiliser.<strong>.<\/p>\n<p><\/strong><strong>Si vous avez d\u00e9j\u00e0 ce pack, vous pouvez y acc\u00e9der via <a href=\"\/fr\/mon-compte-2-2\/espace-membres\/43905\/le-contenu-de-mon-adhesion\/\">Mes cartes &gt; Afficher.<\/a><\/strong><strong><\/p>\n<p><\/strong><a href=\"#tab-description\">Liste de tous les sites Urbex sur cette carte.<\/a><\/p>","protected":false},"featured_media":49060,"template":"","meta":[],"product_brand":[],"product_cat":[229,1040,226,322,1339,1135],"product_tag":[],"class_list":{"0":"post-48828","1":"product","2":"type-product","3":"status-publish","4":"has-post-thumbnail","6":"product_cat-bretagne","7":"product_cat-finistere-29","8":"product_cat-france","9":"product_cat-location-packs","10":"product_cat-maps-bretagne","11":"product_cat-maps-france","13":"first","14":"instock","15":"virtual","16":"taxable","17":"purchasable","18":"product-type-simple"},"jetpack_sharing_enabled":true,"_links":{"self":[{"href":"https:\/\/urbex.direct\/fr\/wp-json\/wp\/v2\/product\/48828","targetHints":{"allow":["GET"]}}],"collection":[{"href":"https:\/\/urbex.direct\/fr\/wp-json\/wp\/v2\/product"}],"about":[{"href":"https:\/\/urbex.direct\/fr\/wp-json\/wp\/v2\/types\/product"}],"wp:featuredmedia":[{"embeddable":true,"href":"https:\/\/urbex.direct\/fr\/wp-json\/wp\/v2\/media\/49060"}],"wp:attachment":[{"href":"https:\/\/urbex.direct\/fr\/wp-json\/wp\/v2\/media?parent=48828"}],"wp:term":[{"taxonomy":"product_brand","embeddable":true,"href":"https:\/\/urbex.direct\/fr\/wp-json\/wp\/v2\/product_brand?post=48828"},{"taxonomy":"product_cat","embeddable":true,"href":"https:\/\/urbex.direct\/fr\/wp-json\/wp\/v2\/product_cat?post=48828"},{"taxonomy":"product_tag","embeddable":true,"href":"https:\/\/urbex.direct\/fr\/wp-json\/wp\/v2\/product_tag?post=48828"}],"curies":[{"name":"wp","href":"https:\/\/api.w.org\/{rel}","templated":true}]}}