{"id":48826,"date":"2023-09-20T09:55:21","date_gmt":"2023-09-20T08:55:21","guid":{"rendered":"https:\/\/urbex.direct\/?post_type=product&#038;p=48826"},"modified":"2024-06-20T08:40:10","modified_gmt":"2024-06-20T07:40:10","slug":"carte-de-localisation-rhone-69-france","status":"publish","type":"product","link":"https:\/\/urbex.direct\/fr\/product\/location-map-rhone-69-france\/","title":{"rendered":"Urbex Map France, Auvergne-Rh\u00f4ne-Alps : Rh\u00f4ne (69) (Acc\u00e8s 1 an)"},"content":{"rendered":"<p>Cette carte contient les lieux suivants :<\/p>\n<ul><li>Eglise Demi-Lune<\/li><li>Usine du Lion<\/li><li>Maison Belleroche<\/li><li>Ch\u00e2teau du Saoudien \/ Saoudien Castle<\/li><li>Petit de zone Industrielle<\/li><li>Lidl perdu<\/li><li>Manoir Immense<\/li><li>Grand Ancienne Maison de Retraite<\/li><li>H\u00f4tel du Monarque<\/li><li>Grand Usine<\/li><li>Quitter l'\u00e9cole<\/li><li>V\u00e9randa de V\u00e9g\u00e9tation<\/li><li>Ancienne Maison de Retraite<\/li><li>Restaurant LR<\/li><li>Mini Maison<\/li><li>Maison D\u00e9pottiore<\/li><li>Vieille Petite Gare Abandonn\u00e9e<\/li><li>Grande Gare Abandonn\u00e9e<\/li><li>Maison Super Maman<\/li><li>Ch\u00e2teau Acide<\/li><li>L'usine automobile<\/li><li>Grand garage sans toit<\/li><li>The Last Stand \/ Le Dernier Combat<\/li><li>Villa Mourir<\/li><li>Maison de la R\u00e9publique<\/li><li>Maison Ouadjet<\/li><li>Station Radio DD<\/li><li>Maison Brouette<\/li><li>Eb\u00e9nisterie de Marcel<\/li><li>Trains du Rh\u00f4ne<\/li><\/ul>","protected":false},"excerpt":{"rendered":"<p>Cette carte de l'urbex vous fournit tous les lieux d'exploration urbaine (urbex) dans les pays suivants<strong> France, Auvergne-Rh\u00f4ne-Alpes, Rh\u00f4ne (69).<\/strong> Cette carte des lieux perdus restera mise \u00e0 jour et accessible pendant au moins 365 jours apr\u00e8s l'achat.<\/p>\n<p>Cette carte contient actuellement 30 des lieux d'exploration urbaine les plus uniques en France, Auvergne-Rh\u00f4ne-Alps : Rh\u00f4ne (69) et est accessible depuis n'importe o\u00f9 gr\u00e2ce \u00e0 notre carte facile \u00e0 utiliser.<strong>.<\/strong><\/p>\n<p><strong>Si vous avez d\u00e9j\u00e0 ce pack, vous pouvez y acc\u00e9der via <a href=\"\/fr\/mon-compte-2-2\/espace-membres\/43905\/le-contenu-de-mon-adhesion\/\">Mes cartes &gt; Afficher.<\/a><\/strong><\/p>\n<p><a href=\"#tab-description\">Liste de tous les sites Urbex sur cette carte.<\/a><\/p>","protected":false},"featured_media":49129,"template":"","meta":[],"product_brand":[],"product_cat":[227,226,322,1336,1135,1009],"product_tag":[],"class_list":{"0":"post-48826","1":"product","2":"type-product","3":"status-publish","4":"has-post-thumbnail","6":"product_cat-auvergne-rhone-alps","7":"product_cat-france","8":"product_cat-location-packs","9":"product_cat-maps-auvergne-rhone-alps","10":"product_cat-maps-france","11":"product_cat-rhone-69","13":"first","14":"instock","15":"virtual","16":"taxable","17":"purchasable","18":"product-type-simple"},"jetpack_sharing_enabled":true,"_links":{"self":[{"href":"https:\/\/urbex.direct\/fr\/wp-json\/wp\/v2\/product\/48826","targetHints":{"allow":["GET"]}}],"collection":[{"href":"https:\/\/urbex.direct\/fr\/wp-json\/wp\/v2\/product"}],"about":[{"href":"https:\/\/urbex.direct\/fr\/wp-json\/wp\/v2\/types\/product"}],"wp:featuredmedia":[{"embeddable":true,"href":"https:\/\/urbex.direct\/fr\/wp-json\/wp\/v2\/media\/49129"}],"wp:attachment":[{"href":"https:\/\/urbex.direct\/fr\/wp-json\/wp\/v2\/media?parent=48826"}],"wp:term":[{"taxonomy":"product_brand","embeddable":true,"href":"https:\/\/urbex.direct\/fr\/wp-json\/wp\/v2\/product_brand?post=48826"},{"taxonomy":"product_cat","embeddable":true,"href":"https:\/\/urbex.direct\/fr\/wp-json\/wp\/v2\/product_cat?post=48826"},{"taxonomy":"product_tag","embeddable":true,"href":"https:\/\/urbex.direct\/fr\/wp-json\/wp\/v2\/product_tag?post=48826"}],"curies":[{"name":"wp","href":"https:\/\/api.w.org\/{rel}","templated":true}]}}