{"id":48776,"date":"2023-09-16T14:03:49","date_gmt":"2023-09-16T13:03:49","guid":{"rendered":"https:\/\/urbex.direct\/?post_type=product&#038;p=48776"},"modified":"2024-06-20T08:38:35","modified_gmt":"2024-06-20T07:38:35","slug":"location-map-ain-1-france","status":"publish","type":"product","link":"https:\/\/urbex.direct\/fr\/product\/location-map-ain-1-france\/","title":{"rendered":"Urbex Map France, Auvergne-Rh\u00f4ne-Alpes : Ain (1) (Acc\u00e8s 1 an)"},"content":{"rendered":"<p>Cette carte contient les lieux suivants :<\/p>\n<ul><li>Manoir aux fant\u00f4mes<\/li><li>Maison Bollirison<\/li><li>Ch\u00e2teau TH<\/li><li>Centre Multisport<\/li><li>Sanatorium du Lac gel\u00e9<\/li><li>Maison Jungle \/ Maison du sauvage<\/li><li>Ch\u00e2teau Bellevue<\/li><li>H\u00f4tel de la Faucille<\/li><li>Usine Vulcain \/ Mercantile Factory<\/li><li>Cimeti\u00e8re de train Mergeais<\/li><li>The Unknow Factory \/ Wasteland I<\/li><li>Ch\u00e2teau Bellesyri<\/li><li>Le manoir jouets<\/li><li>Discoth\u00e8que Titanic \/ Discoth\u00e8que aux Facettes<\/li><li>Ch\u00e2teau Blanc 2.0<\/li><li>Ch\u00e2teau de Bohas<\/li><li>Manoir Flipper \/ Mansion Pinball<\/li><li>Maison Panda<\/li><li>Le garage aux \u00e9paves<\/li><li>Manoir Horloge<\/li><li>Usine Mister Django<\/li><li>Maison Paucod<\/li><\/ul>","protected":false},"excerpt":{"rendered":"<p>Cette carte de l'urbex vous fournit tous les lieux d'exploration urbaine (urbex) dans les pays suivants<strong> France, Auvergne-Rh\u00f4ne-Alpes, Ain (1).<\/strong> Cette carte des lieux perdus restera mise \u00e0 jour et accessible pendant au moins 365 jours apr\u00e8s l'achat.<\/p>\n<p>Cette carte contient actuellement 22 des lieux d'exploration urbaine les plus uniques en France, Auvergne-Rh\u00f4ne-Alpes : Ain (1) et est accessible depuis n'importe o\u00f9 gr\u00e2ce \u00e0 notre carte facile \u00e0 utiliser.<strong>.<\/strong><\/p>\n<p><strong>Si vous avez d\u00e9j\u00e0 ce pack, vous pouvez y acc\u00e9der via <a href=\"\/fr\/mon-compte-2-2\/espace-membres\/43905\/le-contenu-de-mon-adhesion\/\">Mes cartes &gt; Afficher.<\/a><\/strong><\/p>\n<p><a href=\"#tab-description\">Liste de tous les sites Urbex sur cette carte.<\/a><\/p>","protected":false},"featured_media":49059,"template":"","meta":[],"product_brand":[],"product_cat":[1004,227,226,322,1336,1135],"product_tag":[323],"class_list":{"0":"post-48776","1":"product","2":"type-product","3":"status-publish","4":"has-post-thumbnail","6":"product_cat-ain-01","7":"product_cat-auvergne-rhone-alps","8":"product_cat-france","9":"product_cat-location-packs","10":"product_cat-maps-auvergne-rhone-alps","11":"product_cat-maps-france","12":"product_tag-locationpack","14":"first","15":"instock","16":"virtual","17":"taxable","18":"purchasable","19":"product-type-simple"},"jetpack_sharing_enabled":true,"_links":{"self":[{"href":"https:\/\/urbex.direct\/fr\/wp-json\/wp\/v2\/product\/48776","targetHints":{"allow":["GET"]}}],"collection":[{"href":"https:\/\/urbex.direct\/fr\/wp-json\/wp\/v2\/product"}],"about":[{"href":"https:\/\/urbex.direct\/fr\/wp-json\/wp\/v2\/types\/product"}],"wp:featuredmedia":[{"embeddable":true,"href":"https:\/\/urbex.direct\/fr\/wp-json\/wp\/v2\/media\/49059"}],"wp:attachment":[{"href":"https:\/\/urbex.direct\/fr\/wp-json\/wp\/v2\/media?parent=48776"}],"wp:term":[{"taxonomy":"product_brand","embeddable":true,"href":"https:\/\/urbex.direct\/fr\/wp-json\/wp\/v2\/product_brand?post=48776"},{"taxonomy":"product_cat","embeddable":true,"href":"https:\/\/urbex.direct\/fr\/wp-json\/wp\/v2\/product_cat?post=48776"},{"taxonomy":"product_tag","embeddable":true,"href":"https:\/\/urbex.direct\/fr\/wp-json\/wp\/v2\/product_tag?post=48776"}],"curies":[{"name":"wp","href":"https:\/\/api.w.org\/{rel}","templated":true}]}}