{"id":48720,"date":"2023-09-14T09:45:24","date_gmt":"2023-09-14T08:45:24","guid":{"rendered":"https:\/\/urbex.direct\/?post_type=product&#038;p=48720"},"modified":"2025-05-27T20:03:15","modified_gmt":"2025-05-27T19:03:15","slug":"carte-de-localisation-pays-de-la-loire-france","status":"publish","type":"product","link":"https:\/\/urbex.direct\/fr\/product\/location-map-pays-de-la-loire-france\/","title":{"rendered":"Urbex Map France, Pays de la Loire (1 ou 2 ans d'acc\u00e8s)"},"content":{"rendered":"<p>Cette carte contient les lieux suivants :<\/p>\n<ul><li>Le quartier abandonn\u00e9<\/li><li>Manoir Holzbang<\/li><li>Serre Altantique<\/li><li>Usine Forging<\/li><li>Chateau British<\/li><li>Maison Dans le Loire<\/li><li>Entrepot du Belem<\/li><li>Usine Tere<\/li><li>D\u00e9charge<\/li><li>Manoir BU<\/li><li>Ferme Oublier<\/li><li>Ferme Bang<\/li><li>Manoir du Maire<\/li><li>Maison Enorme Mysterieux<\/li><li>Manoir Des Jourrnaux<\/li><li>Maison du Dealer<\/li><li>Ferme Traction \/ Ferme Racines<\/li><li>Ch\u00e2teau Armin Meiwes<\/li><li>Fort du Guerre<\/li><li>Ch\u00e2teau de la Verrie<\/li><li>Coll\u00e8ge aux 4 vents<\/li><li>La derni\u00e8re \u00e9tape<\/li><li>Maison Tetris en bord de mer<\/li><li>Maisonette de la Vieile<\/li><li>Usine du Don<\/li><li>Crypte de la marquise<\/li><li>Cimeti\u00e8re de petits r\u00e9servoirs<\/li><li>Maison Violiste \/ Maison du Musicien<\/li><li>Maison au toit oubli\u00e9<\/li><li>Chasseur d&#039;hiver<\/li><li>Manoir Eco<\/li><li>Usine Tannerie<\/li><li>Ch\u00e2teau de la R<\/li><li>Usine Volt \/ Usine du Pont<\/li><li>Maison Alicee<\/li><li>Grande Usine Metal<\/li><li>H\u00f4pital B<\/li><li>Manoir Renard<\/li><li>Fonderie Mayenne<\/li><li>Usine PD<\/li><li>Manoir JM<\/li><li>Manoir Brumeux<\/li><li>Fonderie FIAK<\/li><li>La fabrique de fleurs<\/li><li>Maison Caverne \/ Maison Meublis<\/li><li>Maison Fieldview<\/li><li>Clinique de la Croix<\/li><li>Ferme BA \/ Maison BA<\/li><li>Ch\u00e2teau Semelle \/ Ch\u00e2teau Canteloup<\/li><li>Manoir Pirmil<\/li><li>H\u00f4tel Robin Hood<\/li><li>Le cimeti\u00e8re du Grand Train<\/li><li>Usine de lits<\/li><li>Manoir Dalida<\/li><li>Ancienne Usine de Tissus<\/li><li>Plante \u00e0 fleurs<\/li><li>Coll\u00e8ge AB<\/li><li>Boite de nuit CA<\/li><li>Ch\u00e2teau Malbo<\/li><li>Ancienne piste de sport<\/li><\/ul>","protected":false},"excerpt":{"rendered":"<p>Cette carte de l'urbex vous fournit tous les lieux d'exploration urbaine (urbex) dans les pays suivants<strong> France, <\/strong><strong>Pays de la Loire<\/strong><strong>.<\/strong> Cette carte des lieux perdus restera mise \u00e0 jour et accessible pendant au moins 365 jours apr\u00e8s l'achat.<\/p>\n<p>Cette carte pr\u00e9sente actuellement 60 des lieux d'exploration urbaine les plus uniques de France, des Pays de la Loire et est accessible depuis n'importe quel endroit gr\u00e2ce \u00e0 notre carte facile \u00e0 utiliser.<strong>.<\/strong><\/p>\n<p><strong>Si vous avez d\u00e9j\u00e0 ce pack, vous pouvez y acc\u00e9der via <a href=\"\/fr\/mon-compte-2-2\/espace-membres\/43905\/le-contenu-de-mon-adhesion\/\">Mes cartes &gt; Afficher.<\/a><\/strong><\/p>\n<p><a href=\"#tab-description\">Liste de tous les sites Urbex sur cette carte.<\/a><\/p>","protected":false},"featured_media":48734,"template":"","meta":[],"product_brand":[],"product_cat":[226,322,1135,1347,237],"product_tag":[323],"class_list":{"0":"post-48720","1":"product","2":"type-product","3":"status-publish","4":"has-post-thumbnail","6":"product_cat-france","7":"product_cat-location-packs","8":"product_cat-maps-france","9":"product_cat-maps-pays-de-la-loire","10":"product_cat-pays-de-la-loire","11":"product_tag-locationpack","13":"first","14":"instock","15":"taxable","16":"shipping-taxable","17":"purchasable","18":"product-type-variable"},"jetpack_sharing_enabled":true,"_links":{"self":[{"href":"https:\/\/urbex.direct\/fr\/wp-json\/wp\/v2\/product\/48720","targetHints":{"allow":["GET"]}}],"collection":[{"href":"https:\/\/urbex.direct\/fr\/wp-json\/wp\/v2\/product"}],"about":[{"href":"https:\/\/urbex.direct\/fr\/wp-json\/wp\/v2\/types\/product"}],"wp:featuredmedia":[{"embeddable":true,"href":"https:\/\/urbex.direct\/fr\/wp-json\/wp\/v2\/media\/48734"}],"wp:attachment":[{"href":"https:\/\/urbex.direct\/fr\/wp-json\/wp\/v2\/media?parent=48720"}],"wp:term":[{"taxonomy":"product_brand","embeddable":true,"href":"https:\/\/urbex.direct\/fr\/wp-json\/wp\/v2\/product_brand?post=48720"},{"taxonomy":"product_cat","embeddable":true,"href":"https:\/\/urbex.direct\/fr\/wp-json\/wp\/v2\/product_cat?post=48720"},{"taxonomy":"product_tag","embeddable":true,"href":"https:\/\/urbex.direct\/fr\/wp-json\/wp\/v2\/product_tag?post=48720"}],"curies":[{"name":"wp","href":"https:\/\/api.w.org\/{rel}","templated":true}]}}