{"id":48567,"date":"2023-09-08T11:34:22","date_gmt":"2023-09-08T10:34:22","guid":{"rendered":"https:\/\/urbex.direct\/product\/nato-cable-car-station\/"},"modified":"2024-04-28T15:16:50","modified_gmt":"2024-04-28T14:16:50","slug":"station-de-telepherique-nato","status":"publish","type":"product","link":"https:\/\/urbex.direct\/fr\/product\/nato-cable-car-station\/","title":{"rendered":"Station de t\u00e9l\u00e9ph\u00e9rique de l'OTAN"},"content":{"rendered":"<p>Coordonn\u00e9es Urbex<\/p>","protected":false},"excerpt":{"rendered":"<p>Coordonn\u00e9es Urbex<\/p>","protected":false},"featured_media":48566,"template":"","meta":[],"product_brand":[],"product_cat":[1360,243],"product_tag":[],"class_list":{"0":"post-48567","1":"product","2":"type-product","3":"status-publish","4":"has-post-thumbnail","6":"product_cat-friuli-venezia-giulia","7":"product_cat-italy","9":"first","10":"instock","11":"downloadable","12":"taxable","13":"shipping-taxable","14":"purchasable","15":"product-type-simple"},"jetpack_sharing_enabled":true,"_links":{"self":[{"href":"https:\/\/urbex.direct\/fr\/wp-json\/wp\/v2\/product\/48567","targetHints":{"allow":["GET"]}}],"collection":[{"href":"https:\/\/urbex.direct\/fr\/wp-json\/wp\/v2\/product"}],"about":[{"href":"https:\/\/urbex.direct\/fr\/wp-json\/wp\/v2\/types\/product"}],"wp:featuredmedia":[{"embeddable":true,"href":"https:\/\/urbex.direct\/fr\/wp-json\/wp\/v2\/media\/48566"}],"wp:attachment":[{"href":"https:\/\/urbex.direct\/fr\/wp-json\/wp\/v2\/media?parent=48567"}],"wp:term":[{"taxonomy":"product_brand","embeddable":true,"href":"https:\/\/urbex.direct\/fr\/wp-json\/wp\/v2\/product_brand?post=48567"},{"taxonomy":"product_cat","embeddable":true,"href":"https:\/\/urbex.direct\/fr\/wp-json\/wp\/v2\/product_cat?post=48567"},{"taxonomy":"product_tag","embeddable":true,"href":"https:\/\/urbex.direct\/fr\/wp-json\/wp\/v2\/product_tag?post=48567"}],"curies":[{"name":"wp","href":"https:\/\/api.w.org\/{rel}","templated":true}]}}