{"id":47070,"date":"2023-03-27T19:28:04","date_gmt":"2023-03-27T18:28:04","guid":{"rendered":"https:\/\/urbex.direct\/product\/psychiatricka-lecebna-d-psychiatric-hospital-d\/"},"modified":"2025-07-31T13:44:13","modified_gmt":"2025-07-31T12:44:13","slug":"psychiatricka-lecebna-d-psychiatric-hospital-d","status":"publish","type":"product","link":"https:\/\/urbex.direct\/fr\/product\/psychiatricka-lecebna-d-psychiatric-hospital-d\/","title":{"rendered":"Psychiatrick\u00e1 L\u00e9\u010debna D \/ Psychiatric Hospital D"},"content":{"rendered":"","protected":false},"excerpt":{"rendered":"<p>D\u00e9moli<\/p>","protected":false},"featured_media":64732,"template":"","meta":[],"product_brand":[],"product_cat":[291,1301],"product_tag":[44],"class_list":{"0":"post-47070","1":"product","2":"type-product","3":"status-publish","4":"has-post-thumbnail","6":"product_cat-czech-republic","7":"product_cat-usti-nad-labem","8":"product_tag-geenurbex","10":"first","11":"outofstock","12":"downloadable","13":"taxable","14":"shipping-taxable","15":"purchasable","16":"product-type-simple"},"jetpack_sharing_enabled":true,"_links":{"self":[{"href":"https:\/\/urbex.direct\/fr\/wp-json\/wp\/v2\/product\/47070","targetHints":{"allow":["GET"]}}],"collection":[{"href":"https:\/\/urbex.direct\/fr\/wp-json\/wp\/v2\/product"}],"about":[{"href":"https:\/\/urbex.direct\/fr\/wp-json\/wp\/v2\/types\/product"}],"wp:featuredmedia":[{"embeddable":true,"href":"https:\/\/urbex.direct\/fr\/wp-json\/wp\/v2\/media\/64732"}],"wp:attachment":[{"href":"https:\/\/urbex.direct\/fr\/wp-json\/wp\/v2\/media?parent=47070"}],"wp:term":[{"taxonomy":"product_brand","embeddable":true,"href":"https:\/\/urbex.direct\/fr\/wp-json\/wp\/v2\/product_brand?post=47070"},{"taxonomy":"product_cat","embeddable":true,"href":"https:\/\/urbex.direct\/fr\/wp-json\/wp\/v2\/product_cat?post=47070"},{"taxonomy":"product_tag","embeddable":true,"href":"https:\/\/urbex.direct\/fr\/wp-json\/wp\/v2\/product_tag?post=47070"}],"curies":[{"name":"wp","href":"https:\/\/api.w.org\/{rel}","templated":true}]}}