{"id":45839,"date":"2022-12-07T16:29:55","date_gmt":"2022-12-07T16:29:55","guid":{"rendered":"https:\/\/urbex.direct\/?post_type=product&#038;p=45839"},"modified":"2025-05-22T18:00:55","modified_gmt":"2025-05-22T17:00:55","slug":"location-map-it-tuscany-2023","status":"publish","type":"product","link":"https:\/\/urbex.direct\/fr\/product\/location-map-it-tuscany\/","title":{"rendered":"Urbex Map Italie : Toscane (1 ou 2 ans d'acc\u00e8s)"},"content":{"rendered":"<p>Cette carte contient les lieux suivants :<\/p>\n<ul><li>Manicomio di Volterra<\/li><li>Terme Del Corallo<\/li><li>Sanatorio Lucia<\/li><li>Villa Viale<\/li><li>Le z\u00e8bre des glaciers<\/li><li>Villa EB<\/li><li>H\u00f4tel Zano<\/li><li>Annesso di Zano<\/li><li>Villa GM<\/li><li>Bo\u00eete de nuit Ozgur Dengiz<\/li><li>Villa Sbertoli<\/li><li>Sanatorio Bellavista<\/li><li>Borgo di Villa S Village perdu<\/li><li>Piscine de la jungle<\/li><li>Villa Delle Virtu<\/li><li>Casa Della Nonna<\/li><li>Villa Condom<\/li><li>Serre Steampunk<\/li><li>Villa Del Dottore LG<\/li><li>Villa Canneto<\/li><li>Villa del Farmacista<\/li><li>Residenza signorile<\/li><li>Villa delle statue<\/li><li>Casa Solitario<\/li><li>Convento delle monache felice<\/li><li>Istituto Salesiano<\/li><li>H\u00f4pital vert \/ Colosso Grigio<\/li><li>La Serra Thermale \/ Bagno Thermale<\/li><li>Capella M<\/li><li>Il bagno sulfureo abbandonato<\/li><li>GP de Spa<\/li><li>Castello Zano \/ Non Plus Ultra<\/li><li>Monast\u00e8re de Tassa<\/li><li>Villa Pappagaio<\/li><li>Villa Carduci<\/li><li>Scuola Giovanni<\/li><li>Ch\u00e2teau de Montepescini<\/li><li>Usine D'outils<\/li><li>Villa della carrozzina \/ Villa della Resistenza<\/li><li>Il castello senza Re nel borgo di Nessuno<\/li><li>Therme BG<\/li><li>Casas Gialla Infestata<\/li><li>Villa Mirabella<\/li><li>Al Trotto Ippodromo<\/li><li>Incubation dans la cuisine<\/li><li>Villa Hansel &amp; Gretel<\/li><li>Poussi\u00e8re d'\u00e9toiles<\/li><li>Usine de c\u00e9ramique<\/li><li>H\u00f4tel Madonna<\/li><li>H\u00f4tel Eagle<\/li><li>Casa di Rosa<\/li><li>Vecchio e ruggine<\/li><li>Rosso Chimico<\/li><li>Casa della ferrovia<\/li><li>For\u00eat dans la for\u00eat<\/li><li>March\u00e9 de la jungle<\/li><li>Brillance de l'usine<\/li><li>Forte PR<\/li><li>Fattoria Didi<\/li><\/ul>","protected":false},"excerpt":{"rendered":"<p>Cette carte de l'urbex vous fournit tous les lieux d'exploration urbaine (urbex) dans les pays suivants<strong> Italie, Toscane.<\/strong> Cette carte des lieux perdus restera mise \u00e0 jour et accessible pendant au moins 365 jours apr\u00e8s l'achat.<\/p>\n<p>Cette carte contient actuellement 59 des lieux d'exploration urbaine les plus uniques d'Italie : Toscane et est accessible depuis n'importe o\u00f9 gr\u00e2ce \u00e0 notre carte facile \u00e0 utiliser.<strong>.<\/strong><\/p>\n<p><strong>Si vous avez d\u00e9j\u00e0 ce pack, vous pouvez y acc\u00e9der via <a href=\"\/fr\/mon-compte-2-2\/espace-membres\/43905\/le-contenu-de-mon-adhesion\/\">Mes cartes &gt; Afficher.<\/a><\/strong><\/p>\n<p><a href=\"#tab-description\">Liste de tous les sites Urbex sur cette carte.<\/a><\/p>","protected":false},"featured_media":48124,"template":"","meta":[],"product_brand":[],"product_cat":[243,322,1137,250],"product_tag":[],"class_list":{"0":"post-45839","1":"product","2":"type-product","3":"status-publish","4":"has-post-thumbnail","6":"product_cat-italy","7":"product_cat-location-packs","8":"product_cat-maps-italy","9":"product_cat-tuscany","11":"first","12":"instock","13":"taxable","14":"shipping-taxable","15":"purchasable","16":"product-type-variable"},"jetpack_sharing_enabled":true,"_links":{"self":[{"href":"https:\/\/urbex.direct\/fr\/wp-json\/wp\/v2\/product\/45839","targetHints":{"allow":["GET"]}}],"collection":[{"href":"https:\/\/urbex.direct\/fr\/wp-json\/wp\/v2\/product"}],"about":[{"href":"https:\/\/urbex.direct\/fr\/wp-json\/wp\/v2\/types\/product"}],"wp:featuredmedia":[{"embeddable":true,"href":"https:\/\/urbex.direct\/fr\/wp-json\/wp\/v2\/media\/48124"}],"wp:attachment":[{"href":"https:\/\/urbex.direct\/fr\/wp-json\/wp\/v2\/media?parent=45839"}],"wp:term":[{"taxonomy":"product_brand","embeddable":true,"href":"https:\/\/urbex.direct\/fr\/wp-json\/wp\/v2\/product_brand?post=45839"},{"taxonomy":"product_cat","embeddable":true,"href":"https:\/\/urbex.direct\/fr\/wp-json\/wp\/v2\/product_cat?post=45839"},{"taxonomy":"product_tag","embeddable":true,"href":"https:\/\/urbex.direct\/fr\/wp-json\/wp\/v2\/product_tag?post=45839"}],"curies":[{"name":"wp","href":"https:\/\/api.w.org\/{rel}","templated":true}]}}