{"id":45249,"date":"2022-10-11T09:30:19","date_gmt":"2022-10-11T08:30:19","guid":{"rendered":"https:\/\/urbex.direct\/?post_type=product&#038;p=45249"},"modified":"2025-05-22T17:49:08","modified_gmt":"2025-05-22T16:49:08","slug":"carte-de-localisation-it-emilia-romagna","status":"publish","type":"product","link":"https:\/\/urbex.direct\/fr\/product\/location-map-it-emilia-romagna\/","title":{"rendered":"Urbex Map Italie : Emilia-Romagna (1 ou 2 ans d'acc\u00e8s)"},"content":{"rendered":"<p>Cette carte contient les lieux suivants :<\/p>\n<ul><li>H\u00f4tel particulier Conte di Cavour<\/li><li>Fabbrica d'argento<\/li><li>Casa sforzo finale<\/li><li>Chapelle bleue<\/li><li>Grand Hotel et de Milan<\/li><li>Preventorio di R<\/li><li>Tour Oculus<\/li><li>Villa L<\/li><li>Villa V<\/li><li>Acquazzurra Parco<\/li><li>Villa Prati<\/li><li>Discoth\u00e8que Topkapi<\/li><li>Villa Buenos Airos<\/li><li>Discoth\u00e8que Quaresimo<\/li><li>Carcere Maria<\/li><li>Fabrique Zincata<\/li><li>Villa Infestato<\/li><li>Asilo Aguscello<\/li><li>Parc industriel<\/li><li>Scuola Mezzo<\/li><li>Cin\u00e9ma Embassy<\/li><li>Sanatorio Catone<\/li><li>Clinique Bereta<\/li><li>Funivia<\/li><li>Fabrique gigantesque<\/li><li>Fabrique Gezani<\/li><li>Universit\u00e0 Casalec<\/li><li>H\u00f4tel Olmatello<\/li><li>Cartiera ER<\/li><li>Discoth\u00e8que Woodpecker<\/li><li>Villa Ferri<\/li><li>Statue de la Villa Delle<\/li><li>Villa Alessia<\/li><li>Capella Novi<\/li><li>Villa Voleno<\/li><li>H\u00f4tel Gabriele<\/li><li>Hotel a 5 Stelle<\/li><li>Teatro C<\/li><li>La scuola di Frankenstein \/ Scoula de Manequies<\/li><li>Villa Zodiaco<\/li><li>Palazzo dei dieci pianoforti \/ Villa 10 Pianos (Uniquement avec autorisation)<\/li><li>Ex Manicomio Di Colorno<\/li><li>Disco Diana<\/li><li>\u00c9cole Dimenticata<\/li><li>La Casa Gialla<\/li><li>Villa del Cavallo<\/li><li>Fabbrica Gorizia<\/li><li>Casale del artista<\/li><li>Chiesa Giuseppe e Maria<\/li><li>Villa Arcobaleno<\/li><li>La villa della Volpe \/ Casa Della Volpe<\/li><li>\u00c9glise de Rigo<\/li><li>Villa Catini<\/li><li>Nouveau Cin\u00e9ma<\/li><li>Chiesa Monte Cavalloro<\/li><li>Villa del cavaliere \/ Villa Vorkona<\/li><li>Villa Jumanji<\/li><li>Naufrages en Russie<\/li><li>Batiment Z<\/li><li>Silo Cereali<\/li><li>Maxio Fridgeria<\/li><li>Casa Santa Claus<\/li><li>Casa del relitto<\/li><li>Casa rosso edera<\/li><li>La Casa alla stazione<\/li><li>Sucrerie E<\/li><li>Casa Maria<\/li><li>La comunit\u00e0 abbandonata \/ La communaut\u00e9 abandonn\u00e9e<\/li><li>Base militaire dans la ville \/ Army Base in the city<\/li><li>La casa stregata \/ La maison hant\u00e9e<\/li><li>Casa con fienile pianeggiante \/ Maison avec grange plate<\/li><li>La possente Villa \/ The mighty Villa<\/li><li>La fattoria e la cappella \/ La ferme et la chapelle<\/li><li>Fattoria Storica \/ Ferme historique<\/li><li>Une autre ferme en ruine \/ Un'altra fattoria fatiscente<\/li><li>Vecchia purificazione dell'acqua \/ Ancienne purification de l'eau<\/li><li>La piccola stazione \/ La petite gare<\/li><li>La ristrutturazione fallita \/ La r\u00e9novation rat\u00e9e<\/li><li>Il rifugio per cani abbandonati \/ Le refuge pour chiens abandonn\u00e9s<\/li><li>Casino Palacia<\/li><li>H\u00f4tel Thermale<\/li><li>Fattoria in pista \/ Ferme sur le chemin de fer<\/li><li>Piscina sulla spiaggia \/ Piscine sur la plage<\/li><li>Fabbrica dell'aviazione \/ Aviation Factory<\/li><li>La casa fantasma \/ La maison fant\u00f4me<\/li><li>Villa Animali \/ Villa Animals<\/li><li>La casa dei dimenticati<\/li><li>Maison Ulisse<\/li><li>Casa in rovina<\/li><li>Piccolo casale abbandonato<\/li><\/ul>","protected":false},"excerpt":{"rendered":"<p>Cette carte de l'urbex vous fournit tous les lieux d'exploration urbaine (urbex) dans les pays suivants<strong> Italie, Emilia-Romagna.<\/strong> Cette carte des lieux perdus restera mise \u00e0 jour et accessible pendant au moins 365 jours apr\u00e8s l'achat.<\/p>\n<p>Cette carte contient actuellement 90 des lieux d'exploration urbaine les plus uniques d'Italie : Emilia-Romagna et est accessible depuis n'importe o\u00f9 gr\u00e2ce \u00e0 notre carte facile \u00e0 utiliser.<strong>.<\/strong><\/p>\n<p><strong>Si vous avez d\u00e9j\u00e0 ce pack, vous pouvez y acc\u00e9der via <a href=\"\/fr\/mon-compte-2-2\/espace-membres\/43905\/le-contenu-de-mon-adhesion\/\">Mes cartes &gt; Afficher.<\/a><\/strong><\/p>\n<p><a href=\"#tab-description\">Liste de tous les sites Urbex sur cette carte.<\/a><\/p>","protected":false},"featured_media":48121,"template":"","meta":[],"product_brand":[],"product_cat":[244,243,322,1137],"product_tag":[],"class_list":{"0":"post-45249","1":"product","2":"type-product","3":"status-publish","4":"has-post-thumbnail","6":"product_cat-emilia-romagna-2","7":"product_cat-italy","8":"product_cat-location-packs","9":"product_cat-maps-italy","11":"first","12":"instock","13":"taxable","14":"shipping-taxable","15":"purchasable","16":"product-type-variable"},"jetpack_sharing_enabled":true,"_links":{"self":[{"href":"https:\/\/urbex.direct\/fr\/wp-json\/wp\/v2\/product\/45249","targetHints":{"allow":["GET"]}}],"collection":[{"href":"https:\/\/urbex.direct\/fr\/wp-json\/wp\/v2\/product"}],"about":[{"href":"https:\/\/urbex.direct\/fr\/wp-json\/wp\/v2\/types\/product"}],"wp:featuredmedia":[{"embeddable":true,"href":"https:\/\/urbex.direct\/fr\/wp-json\/wp\/v2\/media\/48121"}],"wp:attachment":[{"href":"https:\/\/urbex.direct\/fr\/wp-json\/wp\/v2\/media?parent=45249"}],"wp:term":[{"taxonomy":"product_brand","embeddable":true,"href":"https:\/\/urbex.direct\/fr\/wp-json\/wp\/v2\/product_brand?post=45249"},{"taxonomy":"product_cat","embeddable":true,"href":"https:\/\/urbex.direct\/fr\/wp-json\/wp\/v2\/product_cat?post=45249"},{"taxonomy":"product_tag","embeddable":true,"href":"https:\/\/urbex.direct\/fr\/wp-json\/wp\/v2\/product_tag?post=45249"}],"curies":[{"name":"wp","href":"https:\/\/api.w.org\/{rel}","templated":true}]}}