{"id":45124,"date":"2022-10-08T21:57:17","date_gmt":"2022-10-08T20:57:17","guid":{"rendered":"https:\/\/urbex.direct\/product\/chateau-de-lempire-general-vandamme-castle\/"},"modified":"2023-11-06T15:04:52","modified_gmt":"2023-11-06T15:04:52","slug":"chateau-de-lempire-general-vandamme-castle","status":"publish","type":"product","link":"https:\/\/urbex.direct\/fr\/product\/chateau-de-lempire-general-vandamme-castle\/","title":{"rendered":"Ch\u00e2teau de l'Empire \/ Ch\u00e2teau du G\u00e9n\u00e9ral Vandamme"},"content":{"rendered":"","protected":false},"excerpt":{"rendered":"","protected":false},"featured_media":49873,"template":"","meta":[],"product_brand":[],"product_cat":[226,232,1053],"product_tag":[],"class_list":{"0":"post-45124","1":"product","2":"type-product","3":"status-publish","4":"has-post-thumbnail","6":"product_cat-france","7":"product_cat-hauts-de-france","8":"product_cat-nord-59","10":"first","11":"instock","12":"downloadable","13":"taxable","14":"shipping-taxable","15":"purchasable","16":"product-type-simple"},"jetpack_sharing_enabled":true,"_links":{"self":[{"href":"https:\/\/urbex.direct\/fr\/wp-json\/wp\/v2\/product\/45124","targetHints":{"allow":["GET"]}}],"collection":[{"href":"https:\/\/urbex.direct\/fr\/wp-json\/wp\/v2\/product"}],"about":[{"href":"https:\/\/urbex.direct\/fr\/wp-json\/wp\/v2\/types\/product"}],"wp:featuredmedia":[{"embeddable":true,"href":"https:\/\/urbex.direct\/fr\/wp-json\/wp\/v2\/media\/49873"}],"wp:attachment":[{"href":"https:\/\/urbex.direct\/fr\/wp-json\/wp\/v2\/media?parent=45124"}],"wp:term":[{"taxonomy":"product_brand","embeddable":true,"href":"https:\/\/urbex.direct\/fr\/wp-json\/wp\/v2\/product_brand?post=45124"},{"taxonomy":"product_cat","embeddable":true,"href":"https:\/\/urbex.direct\/fr\/wp-json\/wp\/v2\/product_cat?post=45124"},{"taxonomy":"product_tag","embeddable":true,"href":"https:\/\/urbex.direct\/fr\/wp-json\/wp\/v2\/product_tag?post=45124"}],"curies":[{"name":"wp","href":"https:\/\/api.w.org\/{rel}","templated":true}]}}