{"id":43726,"date":"2022-08-12T19:55:05","date_gmt":"2022-08-12T18:55:05","guid":{"rendered":"https:\/\/urbex.direct\/?post_type=product&#038;p=43726"},"modified":"2025-05-22T20:24:19","modified_gmt":"2025-05-22T19:24:19","slug":"location-map-greece-all-regions-2","status":"publish","type":"product","link":"https:\/\/urbex.direct\/fr\/product\/location-map-greece-all-regions\/","title":{"rendered":"Urbex Map Gr\u00e8ce : Toutes les r\u00e9gions (1 ou 2 ans d'acc\u00e8s)"},"content":{"rendered":"<p>Cette carte contient les lieux suivants : <ul><li>Villa Paradi\u017enik<\/li><li>March\u00e9 int\u00e9rieur S<\/li><li>L'incroyable cimeti\u00e8re de trains 2<\/li><li>Ergo Odos \/ Odos Factory<\/li><li>Ble Factory<\/li><li>Eleftherio Kordelio \/ Kordelio Factory<\/li><li>Villa Salem<\/li><li>Ch\u00e2teau Mon Bonheur<\/li><li>H\u00f4tel Georgios<\/li><li>Villa Hirsch<\/li><li>Ergo O<\/li><li>Cham\u00e9na Tr\u00e9na 1<\/li><li>Adeio kai Vr\u00f3miko<\/li><li>Cham\u00e9na Tr\u00e9na 2<\/li><li>Manoir de Kontos \/ Manoir de Kov<\/li><li>H\u00f4tel N<\/li><li>Fabrique de soie<\/li><li>H\u00f4pital d'Opuszczony<\/li><li>Nato Ace High<\/li><li>H\u00f4tel Saladi<\/li><li>Mills A<\/li><li>Palais TT<\/li><li>Sanatoriun Osborn<\/li><li>Stade de volley-ball<\/li><li>\u00c9pave Nea \/ 1 UP<\/li><li>Plage des naufrages<\/li><li>A\u00e9roport olympique<\/li><li>EOTP factory parc 1<\/li><li>EOTP factory parc 2<\/li><li>Centrale \u00e9lectrique Ptole<\/li><li>Spiti Hadjikyriazis<\/li><li>Grange \u00e0 voitures<\/li><li>L'\u00e9cole cultiv\u00e9e<\/li><li>Paradis bleu<\/li><li>\u00c9pave rouill\u00e9e<\/li><li>Chemin de fer de montagne<\/li><li>H\u00f4tel Cheli<\/li><li>Ruine Bred<\/li><li>H\u00f4tel Sea View<\/li><li>Grange \u00e0 ordures<\/li><li>H\u00f4tel Train inachev\u00e9<\/li><li>Piscine Ngy<\/li><li>Usine textile grecque<\/li><li>Usine de laine abandonn\u00e9e<\/li><li>Pont des sorciers<\/li><li>H\u00f4tel Gr\u00e8ce<\/li><li>Monument oubli\u00e9<\/li><li>Usine dans les champs<\/li><li>Le vieil arbre oubli\u00e9<\/li><li>Les silos dans la for\u00eat<\/li><li>Villa Olive<\/li><li>Administration abandonn\u00e9e<\/li><\/ul><\/p>","protected":false},"excerpt":{"rendered":"<p>Cette carte de l'urbex vous fournit tous les lieux d'exploration urbaine (urbex) dans les pays suivants<strong> Gr\u00e8ce, Toutes les r\u00e9gions.<\/strong> Cette carte des lieux perdus restera mise \u00e0 jour et accessible pendant au moins 365 jours apr\u00e8s l'achat. <\/p>\n<p>Cette carte pr\u00e9sente actuellement 52 des lieux d'exploration urbaine les plus uniques de Gr\u00e8ce : Toutes les r\u00e9gions et est accessible depuis n'importe o\u00f9 gr\u00e2ce \u00e0 notre carte facile \u00e0 utiliser.<strong>. <\/p>\n<p><\/strong><strong>Si vous avez d\u00e9j\u00e0 ce pack, vous pouvez y acc\u00e9der via <a href=\"\/fr\/mon-compte-2-2\/espace-membres\/43905\/le-contenu-de-mon-adhesion\/\">Mes cartes &gt; Afficher.<\/a><\/strong> <a href=\"#tab-description\">Liste de tous les sites Urbex sur cette carte.<\/a><\/p>","protected":false},"featured_media":48119,"template":"","meta":[],"product_brand":[],"product_cat":[240,322,1140],"product_tag":[323],"class_list":{"0":"post-43726","1":"product","2":"type-product","3":"status-publish","4":"has-post-thumbnail","6":"product_cat-greece","7":"product_cat-location-packs","8":"product_cat-maps-greece","9":"product_tag-locationpack","11":"first","12":"instock","13":"taxable","14":"shipping-taxable","15":"purchasable","16":"product-type-variable"},"jetpack_sharing_enabled":true,"_links":{"self":[{"href":"https:\/\/urbex.direct\/fr\/wp-json\/wp\/v2\/product\/43726","targetHints":{"allow":["GET"]}}],"collection":[{"href":"https:\/\/urbex.direct\/fr\/wp-json\/wp\/v2\/product"}],"about":[{"href":"https:\/\/urbex.direct\/fr\/wp-json\/wp\/v2\/types\/product"}],"wp:featuredmedia":[{"embeddable":true,"href":"https:\/\/urbex.direct\/fr\/wp-json\/wp\/v2\/media\/48119"}],"wp:attachment":[{"href":"https:\/\/urbex.direct\/fr\/wp-json\/wp\/v2\/media?parent=43726"}],"wp:term":[{"taxonomy":"product_brand","embeddable":true,"href":"https:\/\/urbex.direct\/fr\/wp-json\/wp\/v2\/product_brand?post=43726"},{"taxonomy":"product_cat","embeddable":true,"href":"https:\/\/urbex.direct\/fr\/wp-json\/wp\/v2\/product_cat?post=43726"},{"taxonomy":"product_tag","embeddable":true,"href":"https:\/\/urbex.direct\/fr\/wp-json\/wp\/v2\/product_tag?post=43726"}],"curies":[{"name":"wp","href":"https:\/\/api.w.org\/{rel}","templated":true}]}}