{"id":43724,"date":"2022-08-12T19:41:52","date_gmt":"2022-08-12T18:41:52","guid":{"rendered":"https:\/\/urbex.direct\/?post_type=product&#038;p=43724"},"modified":"2025-05-27T19:47:04","modified_gmt":"2025-05-27T18:47:04","slug":"location-map-fr-centre-val-de-loire","status":"publish","type":"product","link":"https:\/\/urbex.direct\/fr\/product\/location-map-fr-centre-val-de-loire\/","title":{"rendered":"Urbex Map France, Centre-Val de Loire (Acc\u00e8s 1 ou 2 ans)"},"content":{"rendered":"<p>Cette carte contient les lieux suivants :<\/p>\n\n\n\n<ul><li>Manoir Trinity \/ Ch\u00e2teau Trinity<\/li><li>Ch\u00e2teau des dames<\/li><li>Manoir \u00e0 la verri\u00e8re<\/li><li>Studio 101<\/li><li>Chateau Black Pussy<\/li><li>Le couvent des s\u0153urs<\/li><li>Abbaye Roy<\/li><li>Ferme Number One<\/li><li>Disco Travo<\/li><li>Soupe du Ch\u00e2teau<\/li><li>Usine Poutres<\/li><li>Ch\u00e2teau blaireau<\/li><li>Whisky Ferme<\/li><li>Ferme du v\u00e9t\u00e9ran<\/li><li>Maison de la vieille dame<\/li><li>Ecole du Petit G \/ L'\u00e9cole des abus<\/li><li>La ferme dans le no man's land<\/li><li>Maison oubli\u00e9e<\/li><li>Maison 6W<\/li><li>Maison sinistre<\/li><li>Ferme Rien<\/li><li>Ch\u00e2teau du Sir<\/li><li>Le grand ch\u00e2teau<\/li><li>Maison Mamie<\/li><li>Maison Oui<\/li><li>Ferme Peace<\/li><li>Piscine Bel Air<\/li><li>Sanatorium Muet<\/li><li>Ch\u00e2teau Vidame<\/li><li>Ch\u00e2teau Clairdome<\/li><li>Villa Bat\u00eas<\/li><li>Domaine du Tipi<\/li><li>Maison Barbasse<\/li><li>Coll\u00e8ge Eur\u00e9lien<\/li><li>L'\u00e9cole du Village \/ La vieille \u00e9cole<\/li><li>Station-service<\/li><li>Maison L'alchimiste<\/li><li>Manoir Kawasaki<\/li><li>Maison Strike<\/li><li>La maison du garde barri\u00e8re<\/li><li>Camp 51<\/li><li>Usine Beauce<\/li><li>Maison de poup\u00e9e<\/li><li>Ch\u00e2teau Opus<\/li><li>Ch\u00e2teau Mossy Tower<\/li><li>Entrep\u00f4t ferroviaire<\/li><li>Manoir par Poseidon<\/li><li>Manoir du D&#039;or<\/li><li>Maison du collectionneur<\/li><li>Orphelinat Emile Louis<\/li><li>Ch\u00e2teau Tortue Ninja<\/li><li>Ch\u00e2teau Troubadour<\/li><li>Restaurant Epain \/ Restaurant Lazona<\/li><li>Manoir Orties<\/li><li>Des Vacances Effrayantes<\/li><li>Disco Five<\/li><li>Ch\u00e2teau Vasily Kurik<\/li><li>Sanatorium de Long<\/li><li>Maison Solitaire Maurice<\/li><li>La piste aux Etoiles<\/li><li>H\u00e9licopt\u00e8re Skytech pli\u00e9<\/li><li>Grande halle ferroviaire<\/li><li>Maison de l'amour<\/li><li>Maison Prejeux<\/li><li>Aquarium<\/li><li>Base Militaire Extra<\/li><li>Manoir Panthera<\/li><li>Usine Cisse<\/li><li>Ferme Constant<\/li><li>Maison Grignou<\/li><li>Ferme Circel<\/li><li>Ferme d'Orange<\/li><li>Hangar avec \u00e9pave de voiture<\/li><li>Ch\u00e2teau Hallier<\/li><li>Usine Loing<\/li><li>Station-service<\/li><li>Ch\u00e2teau Anglois<\/li><li>Ch\u00e2teau Decrepitude<\/li><li>Ch\u00e2teau Chasseur<\/li><li>Maison Faons<\/li><li>Manoir Meuble<\/li><li>Maison Soupir<\/li><li>Ch\u00e2teau darkface<\/li><li>Ch\u00e2teau des mouches<\/li><li>Maison de Retraite Verdure<\/li><li>Ch\u00e2teau d'eau<\/li><li>Manoir Ma\u00e2t<\/li><li>\u00c9paves de voitures 1<\/li><li>\u00c9paves de voitures 2<\/li><li>Maison v\u00e9randa<\/li><li>Maison Skrim<\/li><li>Maison verri\u00e8re<\/li><li>Maison Power<\/li><li>\u00c9cole de police<\/li><li>Ruine des Mont\u00e9es<\/li><li>L&#039;ancienne station de tramway<\/li><li>Ch\u00e2teau sans nom<\/li><li>Centre de soins Richard Labatt<\/li><li>Universitaire biologique<\/li><li>Triangle d'Usine<\/li><li>Manoir chat noir<\/li><li>Manoir pirate<\/li><li>Piscine municipale<\/li><li>Usine Roulin<\/li><li>Manoir Fosse<\/li><li>Maison Bout de Bois<\/li><li>Ferme Gelato<\/li><\/ul>","protected":false},"excerpt":{"rendered":"<p>Cette carte de l'urbex vous fournit tous les lieux d'exploration urbaine (urbex) dans les pays suivants<strong> France, <\/strong><strong>Centre-Val de Loire<\/strong><strong>.<\/strong> Cette carte des lieux perdus restera mise \u00e0 jour et accessible pendant au moins 365 jours apr\u00e8s l'achat.<\/p>\n<p>This map has currently 107 of the most unique urban exploring locations in France, Centre-Val de Loire and is accessible from anywhere with our easy to use map<strong>.<\/p>\n<p><\/strong><strong>Si vous avez d\u00e9j\u00e0 ce pack, vous pouvez y acc\u00e9der via <a href=\"\/fr\/mon-compte-2-2\/espace-membres\/43905\/le-contenu-de-mon-adhesion\/\">Mes cartes &gt; Afficher.<\/a><\/strong><strong><\/p>\n<p><\/strong><a href=\"#tab-description\">Liste de tous les sites Urbex sur cette carte.<\/a><\/p>","protected":false},"featured_media":48140,"template":"","meta":[],"product_brand":[],"product_cat":[230,226,322,1340,1135],"product_tag":[323],"class_list":{"0":"post-43724","1":"product","2":"type-product","3":"status-publish","4":"has-post-thumbnail","6":"product_cat-centre-val-de-loire","7":"product_cat-france","8":"product_cat-location-packs","9":"product_cat-maps-centre-val-de-loire","10":"product_cat-maps-france","11":"product_tag-locationpack","13":"first","14":"instock","15":"taxable","16":"shipping-taxable","17":"purchasable","18":"product-type-variable"},"jetpack_sharing_enabled":true,"_links":{"self":[{"href":"https:\/\/urbex.direct\/fr\/wp-json\/wp\/v2\/product\/43724","targetHints":{"allow":["GET"]}}],"collection":[{"href":"https:\/\/urbex.direct\/fr\/wp-json\/wp\/v2\/product"}],"about":[{"href":"https:\/\/urbex.direct\/fr\/wp-json\/wp\/v2\/types\/product"}],"wp:featuredmedia":[{"embeddable":true,"href":"https:\/\/urbex.direct\/fr\/wp-json\/wp\/v2\/media\/48140"}],"wp:attachment":[{"href":"https:\/\/urbex.direct\/fr\/wp-json\/wp\/v2\/media?parent=43724"}],"wp:term":[{"taxonomy":"product_brand","embeddable":true,"href":"https:\/\/urbex.direct\/fr\/wp-json\/wp\/v2\/product_brand?post=43724"},{"taxonomy":"product_cat","embeddable":true,"href":"https:\/\/urbex.direct\/fr\/wp-json\/wp\/v2\/product_cat?post=43724"},{"taxonomy":"product_tag","embeddable":true,"href":"https:\/\/urbex.direct\/fr\/wp-json\/wp\/v2\/product_tag?post=43724"}],"curies":[{"name":"wp","href":"https:\/\/api.w.org\/{rel}","templated":true}]}}