{"id":43718,"date":"2022-08-12T19:24:34","date_gmt":"2022-08-12T18:24:34","guid":{"rendered":"https:\/\/urbex.direct\/?post_type=product&#038;p=43718"},"modified":"2025-05-16T23:53:13","modified_gmt":"2025-05-16T22:53:13","slug":"carte-de-localisation-pays-bas-toutes-les-regions","status":"publish","type":"product","link":"https:\/\/urbex.direct\/fr\/product\/location-map-netherlands-all-regions\/","title":{"rendered":"Urbex Map Pays-Bas : Toutes les r\u00e9gions (1 ou 2 ans d'acc\u00e8s)"},"content":{"rendered":"<p>Cette carte contient les lieux suivants : <ul><li>Bureau du Tr\u00f4ne blanc<\/li><li>Ch\u00e2teau des sorci\u00e8res \/ Ch\u00e2teau moderne<\/li><li>B\u00e2timents Tronics<\/li><li>Villa du feu<\/li><li>Bateaux rouill\u00e9s<\/li><li>Maison des jouets<\/li><li>Maison de soins abandonn\u00e9e<\/li><li>Riverstone<\/li><li>Ruine LS<\/li><li>Bunker M<\/li><li>Trains perdus<\/li><li>Restaurant Ruine<\/li><li>Autoroute perdue<\/li><li>Grand complexe de bureaux<\/li><li>Fort W \/ Bunker W<\/li><li>H\u00f4tel Decay<\/li><li>Usine \u00e0 eau B<\/li><li>La for\u00eat int\u00e9rieure<\/li><li>Jets de feu rouge<\/li><li>The Stone Factory \/ Rave Factory<\/li><li>Usine de pierre K<\/li><li>Usine avec bureau<\/li><li>La piscine demeure<\/li><li>Usine de pierres bleues<\/li><li>Halles envahies<\/li><li>Gasolina<\/li><li>Zwembad WM<\/li><li>Camping indien<\/li><li>Ferme Cascos<\/li><li>Ferme Citro\u00ebn<\/li><li>Le r\u00e9servoir est vide<\/li><li>Bunker S<\/li><li>De Kruidenier<\/li><li>L'arm\u00e9e perdue<\/li><li>Maison B<\/li><li>Camp militaire W<\/li><li>Midgetgolf perdu<\/li><li>Rusthuis V<\/li><li>Le camp de shopping<\/li><li>The Dutch Beast \/ De Nederlandse Graafinstallatie<\/li><li>Maison Volle Melk<\/li><li>Parc \u00e0 th\u00e8me N<\/li><li>Trash School M<\/li><li>Le cimeti\u00e8re des fous 2<\/li><li>Bureau des oiseaux<\/li><li>Tropica Ambla<\/li><li>R\u00e9servoir vide, maison vide<\/li><li>Le rassemblement<\/li><li>Cimeti\u00e8re de bus et de camions<\/li><li>Ferme Polder<\/li><li>Demi-ferme<\/li><li>Maison Wold<\/li><li>Het Tuincentrum \/ Le centre de jardinage<\/li><li>Farm Fliet<\/li><li>Usine W<\/li><li>Pierre de la for\u00eat<\/li><li>Usine Carton<\/li><li>Soci\u00e9t\u00e9 d'exploitation de l'a\u00e9roport<\/li><li>Bunkers de la guerre mondiale<\/li><li>Fiemel \/ Pistolet WW2<\/li><li>Maison Jansen<\/li><li>Fen\u00eatres en bois<\/li><li>Usine DZ \/ Usine 1865<\/li><li>Paper Factory \/ Papier Fabriek<\/li><li>Bateau \u00e0 cr\u00eapes<\/li><li>Maison Harm<\/li><li>Usine de pierre RH<\/li><li>The TV Factory<\/li><li>Cin\u00e9ma M<\/li><li>Casa Piastrella<\/li><li>Huize Vesela<\/li><li>Maison du suicide<\/li><li>Ferme des cochons<\/li><li>Hoeve P<\/li><li>Casino V<\/li><li>Sex Club V<\/li><li>Morgue juive<\/li><li>Spookhuizen M \/ Maisons hant\u00e9es M<\/li><li>Usine Joost<\/li><li>Maison fant\u00f4me \/ Geestenhuis<\/li><li>Ferme romaine<\/li><li>De Jungle Garage<\/li><li>L'usine blanche \/ De Witte Fabriek<\/li><li>Carri\u00e8re de calcaire<\/li><li>The remains of the Falcon<\/li><li>Peter\u2019s crumbled pool<\/li><li>Decayed metalfoundry H<\/li><li>Maison 1945<\/li><li>Maison Demi<\/li><li>Ferme 1950<\/li><li>Het Trash Huisje \/ La maison des d\u00e9chets<\/li><li>Train de l'Ange Bleu<\/li><li>Ferme double<\/li><li>Piscine de la jungle<\/li><li>Maison ECS \/ Huize ECS<\/li><li>Voitures de jardin<\/li><li>Maison pour aquarium<\/li><li>Les \u00e9tudiants sont partis<\/li><li>Le bureau des mauvaises herbes<\/li><li>La ferme perdue<\/li><li>Maison Trash<\/li><li>Garage Citro\u00ebn<\/li><li>Camion de pompiers br\u00fbl\u00e9<\/li><li>Ferme paresseuse<\/li><li>Bureau CC<\/li><li>Ruines de campagne<\/li><li>Usine \u00e0 moiti\u00e9 d\u00e9molie<\/li><li>Ferme Pieter<\/li><li>Ferme Oliebommel<\/li><li>Maison Edera<\/li><li>'t Hoompje<\/li><li>Usine Bloccare<\/li><li>Ruine Villa Ridder<\/li><li>Jardin du futur<\/li><li>Lockheed F-104<\/li><li>Maison Lonely<\/li><li>Usine Bee<\/li><li>Maison Safe<\/li><li>Ferme sans toit<\/li><li>Bunker H<\/li><li>H\u00f4pital Bunker L<\/li><li>Maison Koe<\/li><li>Poulailler abandonn\u00e9<\/li><li>Zoo fant\u00f4me<\/li><li>Eaux us\u00e9es<\/li><li>Voie d'eau perdue<\/li><li>Maasstaal<\/li><li>Serres \u00e0 raisin<\/li><li>C\u00e2ble Usine<\/li><li>Les maisons Bunker<\/li><li>Le mur du bunker<\/li><li>Piscine P<\/li><li>Le pont oubli\u00e9<\/li><li>House Timberland \/ La petite maison derri\u00e8re la route<\/li><li>Fait maison<\/li><li>Ferme d'Orange<\/li><li>Bunker<\/li><li>Bunker<\/li><li>Bunker<\/li><li>Bunker<\/li><li>Bunker<\/li><li>Bunker<\/li><li>Bunker<\/li><li>Bunker<\/li><li>Bunker<\/li><li>Bunker<\/li><li>Bunker<\/li><li>Bunker<\/li><li>Bunker<\/li><li>Bunker<\/li><li>Bunker<\/li><li>Bunker<\/li><li>Bunker<\/li><li>Bunker<\/li><li>Bunker<\/li><li>Bunker<\/li><li>Bunker<\/li><li>Bunker<\/li><li>Bunker<\/li><li>Fort Ellewoud<\/li><li>Fort Rammekens<\/li><li>Bunker<\/li><li>Bunker<\/li><li>Fort Penserdijk<\/li><li>Fort Noorddijk<\/li><li>Bunker<\/li><li>Fort benoorden Spaarndam<\/li><li>Bunker<\/li><li>Bunker<\/li><li>Bunker<\/li><li>Bunker<\/li><li>Bunker<\/li><li>Bunker<\/li><li>Fort d'Ijmuiden<\/li><li>Bunker<\/li><li>Bunker<\/li><li>Bunker<\/li><\/ul><\/p>","protected":false},"excerpt":{"rendered":"<p>Cette carte de l'urbex vous fournit tous les lieux d'exploration urbaine (urbex) dans les pays suivants<strong> Pays-Bas, Toutes les r\u00e9gions.<\/strong> <\/p>\n<p>This lost places map will remain updated and accessible for at least 365 days after purchase. This map has currently 177 of the most unique urban exploring locations in The Netherlands: All Regions and is accessible from anywhere with our easy to use map<strong>. <\/p>\n<p><\/strong><strong>Si vous avez d\u00e9j\u00e0 ce pack, vous pouvez y acc\u00e9der via <a href=\"\/fr\/mon-compte-2-2\/espace-membres\/43905\/le-contenu-de-mon-adhesion\/\">Mes cartes &gt; Afficher.<\/a><\/strong> <a href=\"#tab-description\">Liste de tous les sites Urbex sur cette carte.<\/a><\/p>","protected":false},"featured_media":48150,"template":"","meta":[],"product_brand":[],"product_cat":[322,1136,259],"product_tag":[323],"class_list":{"0":"post-43718","1":"product","2":"type-product","3":"status-publish","4":"has-post-thumbnail","6":"product_cat-location-packs","7":"product_cat-maps-the-netherlands","8":"product_cat-the-netherlands","9":"product_tag-locationpack","11":"first","12":"instock","13":"taxable","14":"shipping-taxable","15":"purchasable","16":"product-type-variable"},"jetpack_sharing_enabled":true,"_links":{"self":[{"href":"https:\/\/urbex.direct\/fr\/wp-json\/wp\/v2\/product\/43718","targetHints":{"allow":["GET"]}}],"collection":[{"href":"https:\/\/urbex.direct\/fr\/wp-json\/wp\/v2\/product"}],"about":[{"href":"https:\/\/urbex.direct\/fr\/wp-json\/wp\/v2\/types\/product"}],"wp:featuredmedia":[{"embeddable":true,"href":"https:\/\/urbex.direct\/fr\/wp-json\/wp\/v2\/media\/48150"}],"wp:attachment":[{"href":"https:\/\/urbex.direct\/fr\/wp-json\/wp\/v2\/media?parent=43718"}],"wp:term":[{"taxonomy":"product_brand","embeddable":true,"href":"https:\/\/urbex.direct\/fr\/wp-json\/wp\/v2\/product_brand?post=43718"},{"taxonomy":"product_cat","embeddable":true,"href":"https:\/\/urbex.direct\/fr\/wp-json\/wp\/v2\/product_cat?post=43718"},{"taxonomy":"product_tag","embeddable":true,"href":"https:\/\/urbex.direct\/fr\/wp-json\/wp\/v2\/product_tag?post=43718"}],"curies":[{"name":"wp","href":"https:\/\/api.w.org\/{rel}","templated":true}]}}